{"id":14758,"date":"2024-10-23T20:28:45","date_gmt":"2024-10-23T17:28:45","guid":{"rendered":"https:\/\/danila-souvenirs.com\/de\/product\/glamorous-style-easter-egg-trinket-jewel-box-with-lions-16-5-cm-blue\/"},"modified":"2024-10-23T22:50:13","modified_gmt":"2024-10-23T19:50:13","slug":"glamorous-style-easter-egg-trinket-jewel-box-with-lions-16-5-cm-blue","status":"publish","type":"product","link":"https:\/\/danila-souvenirs.com\/de\/product\/glamorous-style-easter-egg-trinket-jewel-box-with-lions-16-5-cm-blue\/?lang=de","title":{"rendered":"Osterei im glamour\u00f6sen Stil Schmuckk\u00e4stchen mit L\u00f6wen und Kaiserkrone 16,5 cm blau"},"content":{"rendered":"<p>Material: Legierung von Nichteisenmetallen, Email, Kristallen.<\/p>\n<p>H\u00f6he: 16,5 cm.<\/p>\n<p>Gewicht: 630 Gramm.<\/p>\n<p>Farbe: blau.<\/p>\n<p>Oben auf dem Ei befindet sich eine kleine Nachbildung der Kaiserkrone. Das Ei kann als Schmuckk\u00e4stchen verwendet werden.<\/p>\n<p>&nbsp;<\/p>\n","protected":false},"excerpt":{"rendered":"<p>Material: Legierung von Nichteisenmetallen, Email, Kristallen. H\u00f6he: 16,5 cm. Gewicht: 630 Gramm. Farbe: blau. Oben auf dem Ei befindet sich eine kleine Nachbildung der Kaiserkrone. Das Ei kann als Schmuckk\u00e4stchen verwendet werden. &nbsp;<\/p>\n","protected":false},"featured_media":14598,"comment_status":"open","ping_status":"closed","template":"","meta":{"_et_pb_use_builder":"","_et_pb_old_content":"","_et_gb_content_width":""},"product_brand":[],"product_cat":[160,162],"product_tag":[],"class_list":{"0":"post-14758","1":"product","2":"type-product","3":"status-publish","4":"has-post-thumbnail","6":"product_cat-ostereier","7":"product_cat-trinket-boxes-de","9":"first","10":"instock","11":"shipping-taxable","12":"purchasable","13":"product-type-simple"},"_links":{"self":[{"href":"https:\/\/danila-souvenirs.com\/de\/wp-json\/wp\/v2\/product\/14758","targetHints":{"allow":["GET"]}}],"collection":[{"href":"https:\/\/danila-souvenirs.com\/de\/wp-json\/wp\/v2\/product"}],"about":[{"href":"https:\/\/danila-souvenirs.com\/de\/wp-json\/wp\/v2\/types\/product"}],"replies":[{"embeddable":true,"href":"https:\/\/danila-souvenirs.com\/de\/wp-json\/wp\/v2\/comments?post=14758"}],"wp:featuredmedia":[{"embeddable":true,"href":"https:\/\/danila-souvenirs.com\/de\/wp-json\/wp\/v2\/media\/14598"}],"wp:attachment":[{"href":"https:\/\/danila-souvenirs.com\/de\/wp-json\/wp\/v2\/media?parent=14758"}],"wp:term":[{"taxonomy":"product_brand","embeddable":true,"href":"https:\/\/danila-souvenirs.com\/de\/wp-json\/wp\/v2\/product_brand?post=14758"},{"taxonomy":"product_cat","embeddable":true,"href":"https:\/\/danila-souvenirs.com\/de\/wp-json\/wp\/v2\/product_cat?post=14758"},{"taxonomy":"product_tag","embeddable":true,"href":"https:\/\/danila-souvenirs.com\/de\/wp-json\/wp\/v2\/product_tag?post=14758"}],"curies":[{"name":"wp","href":"https:\/\/api.w.org\/{rel}","templated":true}]}}