{"id":14681,"date":"2024-10-23T21:16:48","date_gmt":"2024-10-23T18:16:48","guid":{"rendered":"https:\/\/danila-souvenirs.com\/de\/?post_type=product&#038;p=14681"},"modified":"2024-10-24T01:33:22","modified_gmt":"2024-10-23T22:33:22","slug":"huevo-acanalado-de-pascua-de-estilo-glamuroso-caja-de-joya-con-corona-imperial-65-cm-rosa-copy-copy","status":"publish","type":"product","link":"https:\/\/danila-souvenirs.com\/de\/product\/huevo-acanalado-de-pascua-de-estilo-glamuroso-caja-de-joya-con-corona-imperial-65-cm-rosa-copy-copy\/?lang=es","title":{"rendered":"Huevo acanalado de Pascua de estilo glamuroso \/ caja de joya con corona imperial 9 cm azul claro"},"content":{"rendered":"<div>\n<div>Material: Aleaci\u00f3n de metales no ferrosos, esmalte.<\/div>\n<div><\/div>\n<div>Altura: 9 cm.<\/div>\n<div><\/div>\n<div>Peso: 180 g.<\/div>\n<div><\/div>\n<div>Color: azul claro.<\/div>\n<\/div>\n<div><\/div>\n<div>\n<div>Este huevo es una r\u00e9plica del huevo acanalado de Faberg\u00e9.<\/div>\n<div><\/div>\n<div>El huevo Faberg\u00e9 acanalado fue fabricado por la empresa Karl Faberg\u00e9 entre 1885 y 1891. No hay datos sobre el cliente ni sobre el primer propietario.<\/div>\n<div><\/div>\n<div>Encima del huevo se encuentra una peque\u00f1a r\u00e9plica de la corona imperial.<\/div>\n<div><\/div>\n<div>El huevo puede ser usado como una caja de joya.<\/div>\n<\/div>\n<div><\/div>\n<div><\/div>\n","protected":false},"excerpt":{"rendered":"<p>Material: Aleaci\u00f3n de metales no ferrosos, esmalte. Altura: 9 cm. Peso: 180 g. Color: azul claro. Este huevo es una r\u00e9plica del huevo acanalado de Faberg\u00e9. El huevo Faberg\u00e9 acanalado fue fabricado por la empresa Karl Faberg\u00e9 entre 1885 y 1891. No hay datos sobre el cliente ni sobre el primer propietario. Encima del huevo [&hellip;]<\/p>\n","protected":false},"featured_media":14696,"comment_status":"open","ping_status":"closed","template":"","meta":{"_et_pb_use_builder":"","_et_pb_old_content":"","_et_gb_content_width":""},"product_brand":[],"product_cat":[243,220],"product_tag":[],"class_list":{"0":"post-14681","1":"product","2":"type-product","3":"status-publish","4":"has-post-thumbnail","6":"product_cat-trinket-boxes-es","7":"product_cat-huevos-de-pascua","8":"pa_color-pink-es","10":"first","11":"instock","12":"shipping-taxable","13":"purchasable","14":"product-type-simple"},"_links":{"self":[{"href":"https:\/\/danila-souvenirs.com\/de\/wp-json\/wp\/v2\/product\/14681","targetHints":{"allow":["GET"]}}],"collection":[{"href":"https:\/\/danila-souvenirs.com\/de\/wp-json\/wp\/v2\/product"}],"about":[{"href":"https:\/\/danila-souvenirs.com\/de\/wp-json\/wp\/v2\/types\/product"}],"replies":[{"embeddable":true,"href":"https:\/\/danila-souvenirs.com\/de\/wp-json\/wp\/v2\/comments?post=14681"}],"wp:featuredmedia":[{"embeddable":true,"href":"https:\/\/danila-souvenirs.com\/de\/wp-json\/wp\/v2\/media\/14696"}],"wp:attachment":[{"href":"https:\/\/danila-souvenirs.com\/de\/wp-json\/wp\/v2\/media?parent=14681"}],"wp:term":[{"taxonomy":"product_brand","embeddable":true,"href":"https:\/\/danila-souvenirs.com\/de\/wp-json\/wp\/v2\/product_brand?post=14681"},{"taxonomy":"product_cat","embeddable":true,"href":"https:\/\/danila-souvenirs.com\/de\/wp-json\/wp\/v2\/product_cat?post=14681"},{"taxonomy":"product_tag","embeddable":true,"href":"https:\/\/danila-souvenirs.com\/de\/wp-json\/wp\/v2\/product_tag?post=14681"}],"curies":[{"name":"wp","href":"https:\/\/api.w.org\/{rel}","templated":true}]}}