{"id":14659,"date":"2024-10-23T21:03:20","date_gmt":"2024-10-23T18:03:20","guid":{"rendered":"https:\/\/danila-souvenirs.com\/de\/?post_type=product&#038;p=14659"},"modified":"2024-10-23T22:31:04","modified_gmt":"2024-10-23T19:31:04","slug":"osterei-gerippten-im-glamourosen-stil-schmuckkastchen-mit-kaiserkrone-65-cm-rosa-copy","status":"publish","type":"product","link":"https:\/\/danila-souvenirs.com\/de\/product\/osterei-gerippten-im-glamourosen-stil-schmuckkastchen-mit-kaiserkrone-65-cm-rosa-copy\/?lang=de","title":{"rendered":"Osterei Gerippten im glamour\u00f6sen Stil \/ Schmuckk\u00e4stchen mit Kaiserkrone 9 cm creme Farbe"},"content":{"rendered":"<div>\n<div>Material: Legierung von Nichteisenmetallen, Email.<\/div>\n<div><\/div>\n<div>H\u00f6he: 9 cm.<\/div>\n<div><\/div>\n<div>Gewicht: 180 Gramm.<\/div>\n<div><\/div>\n<div>Farbe: creme.<\/div>\n<\/div>\n<div>\n<div><\/div>\n<div>\n<div>Dieses Ei ist eine Nachbildung des gerippten Faberg\u00e9-Eies.<\/div>\n<div><\/div>\n<div>Das gerippte Faberg\u00e9-Ei wurde zwischen 1885 und 1891 von der Firma Karl Faberg\u00e9 hergestellt. \u00dcber den Kunden und den ersten Besitzer liegen keine Angaben vor.<\/div>\n<div><\/div>\n<div>Oben auf dem Ei befindet sich eine kleine Nachbildung der Kaiserkrone.<\/div>\n<div><\/div>\n<div>Das Ei kann als Schmuckk\u00e4stchen verwendet werden.<\/div>\n<\/div>\n<\/div>\n<div><\/div>\n<div><\/div>\n","protected":false},"excerpt":{"rendered":"<p>Material: Legierung von Nichteisenmetallen, Email. H\u00f6he: 9 cm. Gewicht: 180 Gramm. Farbe: creme. Dieses Ei ist eine Nachbildung des gerippten Faberg\u00e9-Eies. Das gerippte Faberg\u00e9-Ei wurde zwischen 1885 und 1891 von der Firma Karl Faberg\u00e9 hergestellt. \u00dcber den Kunden und den ersten Besitzer liegen keine Angaben vor. Oben auf dem Ei befindet sich eine kleine Nachbildung [&hellip;]<\/p>\n","protected":false},"featured_media":14674,"comment_status":"open","ping_status":"closed","template":"","meta":{"_et_pb_use_builder":"","_et_pb_old_content":"","_et_gb_content_width":""},"product_brand":[],"product_cat":[160,162],"product_tag":[],"class_list":{"0":"post-14659","1":"product","2":"type-product","3":"status-publish","4":"has-post-thumbnail","6":"product_cat-ostereier","7":"product_cat-trinket-boxes-de","8":"pa_color-pink-de","10":"first","11":"instock","12":"shipping-taxable","13":"purchasable","14":"product-type-simple"},"_links":{"self":[{"href":"https:\/\/danila-souvenirs.com\/de\/wp-json\/wp\/v2\/product\/14659","targetHints":{"allow":["GET"]}}],"collection":[{"href":"https:\/\/danila-souvenirs.com\/de\/wp-json\/wp\/v2\/product"}],"about":[{"href":"https:\/\/danila-souvenirs.com\/de\/wp-json\/wp\/v2\/types\/product"}],"replies":[{"embeddable":true,"href":"https:\/\/danila-souvenirs.com\/de\/wp-json\/wp\/v2\/comments?post=14659"}],"wp:featuredmedia":[{"embeddable":true,"href":"https:\/\/danila-souvenirs.com\/de\/wp-json\/wp\/v2\/media\/14674"}],"wp:attachment":[{"href":"https:\/\/danila-souvenirs.com\/de\/wp-json\/wp\/v2\/media?parent=14659"}],"wp:term":[{"taxonomy":"product_brand","embeddable":true,"href":"https:\/\/danila-souvenirs.com\/de\/wp-json\/wp\/v2\/product_brand?post=14659"},{"taxonomy":"product_cat","embeddable":true,"href":"https:\/\/danila-souvenirs.com\/de\/wp-json\/wp\/v2\/product_cat?post=14659"},{"taxonomy":"product_tag","embeddable":true,"href":"https:\/\/danila-souvenirs.com\/de\/wp-json\/wp\/v2\/product_tag?post=14659"}],"curies":[{"name":"wp","href":"https:\/\/api.w.org\/{rel}","templated":true}]}}