{"id":14658,"date":"2024-10-23T21:03:20","date_gmt":"2024-10-23T18:03:20","guid":{"rendered":"https:\/\/danila-souvenirs.com\/de\/?post_type=product&#038;p=14658"},"modified":"2024-10-23T23:05:13","modified_gmt":"2024-10-23T20:05:13","slug":"oeuf-cotele-de-paques-de-style-glamour-boite-a-bijoux-avec-couronne-65-cm-rose-copy","status":"publish","type":"product","link":"https:\/\/danila-souvenirs.com\/de\/product\/oeuf-cotele-de-paques-de-style-glamour-boite-a-bijoux-avec-couronne-65-cm-rose-copy\/?lang=fr","title":{"rendered":"Oeuf C\u00f4tel\u00e9 de P\u00e2ques de style glamour \/ bo\u00eete \u00e0 bijoux avec couronne 9 cm cr\u00e8me"},"content":{"rendered":"<div>\n<div>Mat\u00e9riel: Alliage de m\u00e9taux non ferreux, \u00e9mail.<\/div>\n<div><\/div>\n<div>Hauteur : 9 cm.<\/div>\n<div><\/div>\n<div>Poids : 180 g.<\/div>\n<div><\/div>\n<div>Couleur : cr\u00e8me.<\/div>\n<\/div>\n<div><\/div>\n<div>\n<div>Cet \u0153uf est une r\u00e9plique de l&#8217;\u0153uf C\u00f4tel\u00e9 de Faberg\u00e9.<\/div>\n<div><\/div>\n<div>L&#8217;\u0153uf C\u00f4tel\u00e9 Faberg\u00e9 a \u00e9t\u00e9 fabriqu\u00e9 par la soci\u00e9t\u00e9 de Karl Faberg\u00e9 entre 1885 et 1891. Il n&#8217;y a pas de donn\u00e9es sur le client et le premier propri\u00e9taire.<\/div>\n<div><\/div>\n<div>Une petite r\u00e9plique de la couronne imp\u00e9riale est situ\u00e9e sur le dessus de l&#8217;\u0153uf.<\/div>\n<div><\/div>\n<div>L&#8217;oeuf peut \u00eatre utilis\u00e9 comme une bo\u00eete \u00e0 bijoux.<\/div>\n<\/div>\n<div><\/div>\n<div><\/div>\n","protected":false},"excerpt":{"rendered":"<p>Mat\u00e9riel: Alliage de m\u00e9taux non ferreux, \u00e9mail. Hauteur : 9 cm. Poids : 180 g. Couleur : cr\u00e8me. Cet \u0153uf est une r\u00e9plique de l&#8217;\u0153uf C\u00f4tel\u00e9 de Faberg\u00e9. L&#8217;\u0153uf C\u00f4tel\u00e9 Faberg\u00e9 a \u00e9t\u00e9 fabriqu\u00e9 par la soci\u00e9t\u00e9 de Karl Faberg\u00e9 entre 1885 et 1891. Il n&#8217;y a pas de donn\u00e9es sur le client et le [&hellip;]<\/p>\n","protected":false},"featured_media":14673,"comment_status":"open","ping_status":"closed","template":"","meta":{"_et_pb_use_builder":"","_et_pb_old_content":"","_et_gb_content_width":""},"product_brand":[],"product_cat":[174,173],"product_tag":[],"class_list":{"0":"post-14658","1":"product","2":"type-product","3":"status-publish","4":"has-post-thumbnail","6":"product_cat-trinket-boxes-fr","7":"product_cat-oeufs-de-paques","8":"pa_color-pink-fr","10":"first","11":"instock","12":"shipping-taxable","13":"purchasable","14":"product-type-simple"},"_links":{"self":[{"href":"https:\/\/danila-souvenirs.com\/de\/wp-json\/wp\/v2\/product\/14658","targetHints":{"allow":["GET"]}}],"collection":[{"href":"https:\/\/danila-souvenirs.com\/de\/wp-json\/wp\/v2\/product"}],"about":[{"href":"https:\/\/danila-souvenirs.com\/de\/wp-json\/wp\/v2\/types\/product"}],"replies":[{"embeddable":true,"href":"https:\/\/danila-souvenirs.com\/de\/wp-json\/wp\/v2\/comments?post=14658"}],"wp:featuredmedia":[{"embeddable":true,"href":"https:\/\/danila-souvenirs.com\/de\/wp-json\/wp\/v2\/media\/14673"}],"wp:attachment":[{"href":"https:\/\/danila-souvenirs.com\/de\/wp-json\/wp\/v2\/media?parent=14658"}],"wp:term":[{"taxonomy":"product_brand","embeddable":true,"href":"https:\/\/danila-souvenirs.com\/de\/wp-json\/wp\/v2\/product_brand?post=14658"},{"taxonomy":"product_cat","embeddable":true,"href":"https:\/\/danila-souvenirs.com\/de\/wp-json\/wp\/v2\/product_cat?post=14658"},{"taxonomy":"product_tag","embeddable":true,"href":"https:\/\/danila-souvenirs.com\/de\/wp-json\/wp\/v2\/product_tag?post=14658"}],"curies":[{"name":"wp","href":"https:\/\/api.w.org\/{rel}","templated":true}]}}