{"id":14318,"date":"2024-05-16T13:51:59","date_gmt":"2024-05-16T10:51:59","guid":{"rendered":"https:\/\/danila-souvenirs.com\/de\/product\/russian-writer-fyodor-dostoevsky-stone-bust-statue-sculpture-14-cm\/"},"modified":"2024-05-20T01:26:13","modified_gmt":"2024-05-19T22:26:13","slug":"russian-writer-fyodor-dostoevsky-stone-bust-statue-sculpture-14-cm","status":"publish","type":"product","link":"https:\/\/danila-souvenirs.com\/de\/product\/russian-writer-fyodor-dostoevsky-stone-bust-statue-sculpture-14-cm\/?lang=es","title":{"rendered":"Busto Estatua Escultura de piedra del escritor ruso Fiodor Dostoyevski 14 cm"},"content":{"rendered":"<p>Material: piedra artificial.<\/p>\n<p>Altura: 14 cm.<\/p>\n<p>Peso: 590 g.<\/p>\n<p>Color: negro.<\/p>\n<p>Fiodor Dostoyevski (11 de noviembre de 1821 &#8211; 9 de febrero de 1881) fue un escritor ruso de novelas, historias cortas y ensayos. Las obras literarias de Dostoyevsky exploran la psicolog\u00eda humana en el contexto pol\u00edtico, social y espiritual del siglo XIX. Aunque Dostoyevsky comenz\u00f3 a escribir libros a mediados de 1840, sus m\u00e1s recordados son de sus \u00faltimos a\u00f1os, incluyendo Crime y Castigo, The Idiot y The Brothers Karamazov. Escribi\u00f3 once novelas, tres novelas, 17 novelas cortas y tres ensayos, y ha sido reconocido por muchos cr\u00edticos literarios como uno de los psic\u00f3logos m\u00e1s grandes y prominentes en la literatura universal.<\/p>\n","protected":false},"excerpt":{"rendered":"<p>Material: piedra artificial. Altura: 14 cm. Peso: 590 g. Color: negro. Fiodor Dostoyevski (11 de noviembre de 1821 &#8211; 9 de febrero de 1881) fue un escritor ruso de novelas, historias cortas y ensayos. Las obras literarias de Dostoyevsky exploran la psicolog\u00eda humana en el contexto pol\u00edtico, social y espiritual del siglo XIX. Aunque Dostoyevsky [&hellip;]<\/p>\n","protected":false},"featured_media":14279,"comment_status":"open","ping_status":"closed","template":"","meta":{"_et_pb_use_builder":"","_et_pb_old_content":"","_et_gb_content_width":""},"product_brand":[],"product_cat":[235,246,245],"product_tag":[],"class_list":{"0":"post-14318","1":"product","2":"type-product","3":"status-publish","4":"has-post-thumbnail","6":"product_cat-statues-es","7":"product_cat-russian-es","8":"product_cat-uncategorized-es","10":"first","11":"instock","12":"shipping-taxable","13":"purchasable","14":"product-type-simple"},"_links":{"self":[{"href":"https:\/\/danila-souvenirs.com\/de\/wp-json\/wp\/v2\/product\/14318","targetHints":{"allow":["GET"]}}],"collection":[{"href":"https:\/\/danila-souvenirs.com\/de\/wp-json\/wp\/v2\/product"}],"about":[{"href":"https:\/\/danila-souvenirs.com\/de\/wp-json\/wp\/v2\/types\/product"}],"replies":[{"embeddable":true,"href":"https:\/\/danila-souvenirs.com\/de\/wp-json\/wp\/v2\/comments?post=14318"}],"wp:featuredmedia":[{"embeddable":true,"href":"https:\/\/danila-souvenirs.com\/de\/wp-json\/wp\/v2\/media\/14279"}],"wp:attachment":[{"href":"https:\/\/danila-souvenirs.com\/de\/wp-json\/wp\/v2\/media?parent=14318"}],"wp:term":[{"taxonomy":"product_brand","embeddable":true,"href":"https:\/\/danila-souvenirs.com\/de\/wp-json\/wp\/v2\/product_brand?post=14318"},{"taxonomy":"product_cat","embeddable":true,"href":"https:\/\/danila-souvenirs.com\/de\/wp-json\/wp\/v2\/product_cat?post=14318"},{"taxonomy":"product_tag","embeddable":true,"href":"https:\/\/danila-souvenirs.com\/de\/wp-json\/wp\/v2\/product_tag?post=14318"}],"curies":[{"name":"wp","href":"https:\/\/api.w.org\/{rel}","templated":true}]}}