{"id":14316,"date":"2024-05-16T13:51:59","date_gmt":"2024-05-16T10:51:59","guid":{"rendered":"https:\/\/danila-souvenirs.com\/de\/product\/russian-writer-fyodor-dostoevsky-stone-bust-statue-sculpture-14-cm\/"},"modified":"2024-05-16T16:18:28","modified_gmt":"2024-05-16T13:18:28","slug":"russian-writer-fyodor-dostoevsky-stone-bust-statue-sculpture-14-cm","status":"publish","type":"product","link":"https:\/\/danila-souvenirs.com\/de\/product\/russian-writer-fyodor-dostoevsky-stone-bust-statue-sculpture-14-cm\/?lang=de","title":{"rendered":"Russischer Schriftsteller Fjodor Dostojewski stein B\u00fcste Statue Skulptur 14 cm"},"content":{"rendered":"<p>Material: k\u00fcnstlicher Stein.<\/p>\n<p>H\u00f6he: 14 cm.<\/p>\n<p>Gewicht: 590 Gramm.<\/p>\n<p>Farbe: schwarz.<\/p>\n<p>Fjodor Dostojewski (11. November 1821 &#8211; 9. Februar 1881) war ein russischer Schriftsteller von Romanen, Kurzgeschichten und Essays. Dostojewskis literarische Werke erforschen die menschliche Psychologie in dem unruhigen politischen, sozialen und geistigen Kontext des russischen Russland des 19. Jahrhunderts. Obwohl Dostojewskij in der Mitte der 1840er Jahre mit dem Schreiben von B\u00fcchern begann, sind seine letzten Erinnerungen an seine letzten Jahre, einschlie\u00dflich Verbrechen und Strafe, Der Idiot und die Br\u00fcder Karamasow. Er schrieb elf Romane, drei Novellen, siebzehn kurze Romane und drei Essays und wurde von vielen Literaturkritikern als einer der bedeutendsten und bedeutendsten Psychologen der universellen Literatur anerkannt.<\/p>\n","protected":false},"excerpt":{"rendered":"<p>Material: k\u00fcnstlicher Stein. H\u00f6he: 14 cm. Gewicht: 590 Gramm. Farbe: schwarz. Fjodor Dostojewski (11. November 1821 &#8211; 9. Februar 1881) war ein russischer Schriftsteller von Romanen, Kurzgeschichten und Essays. Dostojewskis literarische Werke erforschen die menschliche Psychologie in dem unruhigen politischen, sozialen und geistigen Kontext des russischen Russland des 19. Jahrhunderts. Obwohl Dostojewskij in der Mitte [&hellip;]<\/p>\n","protected":false},"featured_media":14277,"comment_status":"open","ping_status":"closed","template":"","meta":{"_et_pb_use_builder":"","_et_pb_old_content":"","_et_gb_content_width":""},"product_brand":[],"product_cat":[166,168,167],"product_tag":[],"class_list":{"0":"post-14316","1":"product","2":"type-product","3":"status-publish","4":"has-post-thumbnail","6":"product_cat-uncategorized-de","7":"product_cat-russian-de","8":"product_cat-statues-de","10":"first","11":"instock","12":"shipping-taxable","13":"purchasable","14":"product-type-simple"},"_links":{"self":[{"href":"https:\/\/danila-souvenirs.com\/de\/wp-json\/wp\/v2\/product\/14316","targetHints":{"allow":["GET"]}}],"collection":[{"href":"https:\/\/danila-souvenirs.com\/de\/wp-json\/wp\/v2\/product"}],"about":[{"href":"https:\/\/danila-souvenirs.com\/de\/wp-json\/wp\/v2\/types\/product"}],"replies":[{"embeddable":true,"href":"https:\/\/danila-souvenirs.com\/de\/wp-json\/wp\/v2\/comments?post=14316"}],"wp:featuredmedia":[{"embeddable":true,"href":"https:\/\/danila-souvenirs.com\/de\/wp-json\/wp\/v2\/media\/14277"}],"wp:attachment":[{"href":"https:\/\/danila-souvenirs.com\/de\/wp-json\/wp\/v2\/media?parent=14316"}],"wp:term":[{"taxonomy":"product_brand","embeddable":true,"href":"https:\/\/danila-souvenirs.com\/de\/wp-json\/wp\/v2\/product_brand?post=14316"},{"taxonomy":"product_cat","embeddable":true,"href":"https:\/\/danila-souvenirs.com\/de\/wp-json\/wp\/v2\/product_cat?post=14316"},{"taxonomy":"product_tag","embeddable":true,"href":"https:\/\/danila-souvenirs.com\/de\/wp-json\/wp\/v2\/product_tag?post=14316"}],"curies":[{"name":"wp","href":"https:\/\/api.w.org\/{rel}","templated":true}]}}