{"id":14309,"date":"2024-05-16T13:54:41","date_gmt":"2024-05-16T10:54:41","guid":{"rendered":"https:\/\/danila-souvenirs.com\/de\/product\/soviet-russian-ussr-leader-joseph-stalin-marble-bust-statue-sculpture-12-cm\/"},"modified":"2024-05-16T16:16:46","modified_gmt":"2024-05-16T13:16:46","slug":"soviet-russian-ussr-leader-joseph-stalin-marble-bust-statue-sculpture-12-cm","status":"publish","type":"product","link":"https:\/\/danila-souvenirs.com\/de\/product\/soviet-russian-ussr-leader-joseph-stalin-marble-bust-statue-sculpture-12-cm\/?lang=de","title":{"rendered":"Sowjetischer russischer Leader Josef Stalin marmor B\u00fcste Statue Skulptur 12 cm"},"content":{"rendered":"<p>Material: k\u00fcnstlicher Marmor.<\/p>\n<p>H\u00f6he: 12 cm.<\/p>\n<p>Gewicht: 235 Gramm.<\/p>\n<p>Farbe: wei\u00df.<\/p>\n<p>Josef Stalin (18. Dezember 1878 &#8211; 5. M\u00e4rz 1953) war der Generalsekret\u00e4r der Sowjetischen Kommunistischen Partei von 1922 bis zu seinem Tod. Moderne Ansichten von Stalin in Russland und der Welt bleiben gemischt, mit einigen betrachten ihn als ein Tyrann und Massenm\u00f6rder, andere als ein f\u00e4higer und notwendiger H\u00e4uptling f\u00fcr die Zeit.<\/p>\n","protected":false},"excerpt":{"rendered":"<p>Material: k\u00fcnstlicher Marmor. H\u00f6he: 12 cm. Gewicht: 235 Gramm. Farbe: wei\u00df. Josef Stalin (18. Dezember 1878 &#8211; 5. M\u00e4rz 1953) war der Generalsekret\u00e4r der Sowjetischen Kommunistischen Partei von 1922 bis zu seinem Tod. Moderne Ansichten von Stalin in Russland und der Welt bleiben gemischt, mit einigen betrachten ihn als ein Tyrann und Massenm\u00f6rder, andere als [&hellip;]<\/p>\n","protected":false},"featured_media":14262,"comment_status":"open","ping_status":"closed","template":"","meta":{"_et_pb_use_builder":"","_et_pb_old_content":"","_et_gb_content_width":""},"product_brand":[],"product_cat":[166,168,167],"product_tag":[],"class_list":{"0":"post-14309","1":"product","2":"type-product","3":"status-publish","4":"has-post-thumbnail","6":"product_cat-uncategorized-de","7":"product_cat-russian-de","8":"product_cat-statues-de","10":"first","11":"instock","12":"shipping-taxable","13":"purchasable","14":"product-type-simple"},"_links":{"self":[{"href":"https:\/\/danila-souvenirs.com\/de\/wp-json\/wp\/v2\/product\/14309","targetHints":{"allow":["GET"]}}],"collection":[{"href":"https:\/\/danila-souvenirs.com\/de\/wp-json\/wp\/v2\/product"}],"about":[{"href":"https:\/\/danila-souvenirs.com\/de\/wp-json\/wp\/v2\/types\/product"}],"replies":[{"embeddable":true,"href":"https:\/\/danila-souvenirs.com\/de\/wp-json\/wp\/v2\/comments?post=14309"}],"wp:featuredmedia":[{"embeddable":true,"href":"https:\/\/danila-souvenirs.com\/de\/wp-json\/wp\/v2\/media\/14262"}],"wp:attachment":[{"href":"https:\/\/danila-souvenirs.com\/de\/wp-json\/wp\/v2\/media?parent=14309"}],"wp:term":[{"taxonomy":"product_brand","embeddable":true,"href":"https:\/\/danila-souvenirs.com\/de\/wp-json\/wp\/v2\/product_brand?post=14309"},{"taxonomy":"product_cat","embeddable":true,"href":"https:\/\/danila-souvenirs.com\/de\/wp-json\/wp\/v2\/product_cat?post=14309"},{"taxonomy":"product_tag","embeddable":true,"href":"https:\/\/danila-souvenirs.com\/de\/wp-json\/wp\/v2\/product_tag?post=14309"}],"curies":[{"name":"wp","href":"https:\/\/api.w.org\/{rel}","templated":true}]}}