{"id":14306,"date":"2024-05-16T13:54:41","date_gmt":"2024-05-16T10:54:41","guid":{"rendered":"https:\/\/danila-souvenirs.com\/de\/product\/soviet-russian-ussr-leader-joseph-stalin-marble-bust-statue-sculpture-12-cm\/"},"modified":"2024-05-20T01:01:20","modified_gmt":"2024-05-19T22:01:20","slug":"soviet-russian-ussr-leader-joseph-stalin-marble-bust-statue-sculpture-12-cm","status":"publish","type":"product","link":"https:\/\/danila-souvenirs.com\/de\/product\/soviet-russian-ussr-leader-joseph-stalin-marble-bust-statue-sculpture-12-cm\/?lang=fr","title":{"rendered":"Buste statue sculpture en marbre du leader russe sovi\u00e9tique Joseph Staline 12 cm"},"content":{"rendered":"<p>Mat\u00e9riau\u202f: marbre artificiel.<\/p>\n<p>Hauteur: 12 cm.<\/p>\n<p>Poids: 235 g.<\/p>\n<p>Couleur: blanc.<\/p>\n<p>Joseph Staline (18 d\u00e9cembre 1878\u20135 mars 1953) \u00e9tait le secr\u00e9taire g\u00e9n\u00e9ral du parti communiste sovi\u00e9tique de 1922 jusqu&#8217;\u00e0 sa mort. Moderne des vues de staline en Russie et dans le monde restent mixtes, avec certaines affichage de lui comme un tyran et meurtrier de masse, d&#8217;autres un leader capable et n\u00e9cessaire pour le moment.<\/p>\n","protected":false},"excerpt":{"rendered":"<p>Mat\u00e9riau\u202f: marbre artificiel. Hauteur: 12 cm. Poids: 235 g. Couleur: blanc. Joseph Staline (18 d\u00e9cembre 1878\u20135 mars 1953) \u00e9tait le secr\u00e9taire g\u00e9n\u00e9ral du parti communiste sovi\u00e9tique de 1922 jusqu&#8217;\u00e0 sa mort. Moderne des vues de staline en Russie et dans le monde restent mixtes, avec certaines affichage de lui comme un tyran et meurtrier de [&hellip;]<\/p>\n","protected":false},"featured_media":14261,"comment_status":"open","ping_status":"closed","template":"","meta":{"_et_pb_use_builder":"","_et_pb_old_content":"","_et_gb_content_width":""},"product_brand":[],"product_cat":[179,181,180],"product_tag":[],"class_list":{"0":"post-14306","1":"product","2":"type-product","3":"status-publish","4":"has-post-thumbnail","6":"product_cat-uncategorized-fr","7":"product_cat-russian-fr","8":"product_cat-statues-fr","10":"first","11":"instock","12":"shipping-taxable","13":"purchasable","14":"product-type-simple"},"_links":{"self":[{"href":"https:\/\/danila-souvenirs.com\/de\/wp-json\/wp\/v2\/product\/14306","targetHints":{"allow":["GET"]}}],"collection":[{"href":"https:\/\/danila-souvenirs.com\/de\/wp-json\/wp\/v2\/product"}],"about":[{"href":"https:\/\/danila-souvenirs.com\/de\/wp-json\/wp\/v2\/types\/product"}],"replies":[{"embeddable":true,"href":"https:\/\/danila-souvenirs.com\/de\/wp-json\/wp\/v2\/comments?post=14306"}],"wp:featuredmedia":[{"embeddable":true,"href":"https:\/\/danila-souvenirs.com\/de\/wp-json\/wp\/v2\/media\/14261"}],"wp:attachment":[{"href":"https:\/\/danila-souvenirs.com\/de\/wp-json\/wp\/v2\/media?parent=14306"}],"wp:term":[{"taxonomy":"product_brand","embeddable":true,"href":"https:\/\/danila-souvenirs.com\/de\/wp-json\/wp\/v2\/product_brand?post=14306"},{"taxonomy":"product_cat","embeddable":true,"href":"https:\/\/danila-souvenirs.com\/de\/wp-json\/wp\/v2\/product_cat?post=14306"},{"taxonomy":"product_tag","embeddable":true,"href":"https:\/\/danila-souvenirs.com\/de\/wp-json\/wp\/v2\/product_tag?post=14306"}],"curies":[{"name":"wp","href":"https:\/\/api.w.org\/{rel}","templated":true}]}}