{"id":14305,"date":"2024-05-16T13:57:13","date_gmt":"2024-05-16T10:57:13","guid":{"rendered":"https:\/\/danila-souvenirs.com\/de\/product\/soviet-russian-ussr-leader-joseph-stalin-stone-bust-statue-sculpture-12-cm\/"},"modified":"2024-05-20T00:59:47","modified_gmt":"2024-05-19T21:59:47","slug":"soviet-russian-ussr-leader-joseph-stalin-stone-bust-statue-sculpture-12-cm","status":"publish","type":"product","link":"https:\/\/danila-souvenirs.com\/de\/product\/soviet-russian-ussr-leader-joseph-stalin-stone-bust-statue-sculpture-12-cm\/?lang=fr","title":{"rendered":"Buste statue sculpture en pierre du leader russe sovi\u00e9tique Joseph Staline 12 cm"},"content":{"rendered":"<p>Mat\u00e9riau: pierre artificielle.<\/p>\n<p>Hauteur: 12 cm.<\/p>\n<p>Poids: 235 g.<\/p>\n<p>Couleur: noir.<\/p>\n<p>Joseph Staline (18 d\u00e9cembre 1878\u20135 mars 1953) \u00e9tait le secr\u00e9taire g\u00e9n\u00e9ral du parti communiste sovi\u00e9tique de 1922 jusqu&#8217;\u00e0 sa mort. Moderne des vues de staline en Russie et dans le monde restent mixtes, avec certaines affichage de lui comme un tyran et meurtrier de masse, d&#8217;autres un leader capable et n\u00e9cessaire pour le moment.<\/p>\n","protected":false},"excerpt":{"rendered":"<p>Mat\u00e9riau: pierre artificielle. Hauteur: 12 cm. Poids: 235 g. Couleur: noir. Joseph Staline (18 d\u00e9cembre 1878\u20135 mars 1953) \u00e9tait le secr\u00e9taire g\u00e9n\u00e9ral du parti communiste sovi\u00e9tique de 1922 jusqu&#8217;\u00e0 sa mort. Moderne des vues de staline en Russie et dans le monde restent mixtes, avec certaines affichage de lui comme un tyran et meurtrier de [&hellip;]<\/p>\n","protected":false},"featured_media":14256,"comment_status":"open","ping_status":"closed","template":"","meta":{"_et_pb_use_builder":"","_et_pb_old_content":"","_et_gb_content_width":""},"product_brand":[],"product_cat":[179,181,180],"product_tag":[],"class_list":{"0":"post-14305","1":"product","2":"type-product","3":"status-publish","4":"has-post-thumbnail","6":"product_cat-uncategorized-fr","7":"product_cat-russian-fr","8":"product_cat-statues-fr","10":"first","11":"instock","12":"shipping-taxable","13":"purchasable","14":"product-type-simple"},"_links":{"self":[{"href":"https:\/\/danila-souvenirs.com\/de\/wp-json\/wp\/v2\/product\/14305","targetHints":{"allow":["GET"]}}],"collection":[{"href":"https:\/\/danila-souvenirs.com\/de\/wp-json\/wp\/v2\/product"}],"about":[{"href":"https:\/\/danila-souvenirs.com\/de\/wp-json\/wp\/v2\/types\/product"}],"replies":[{"embeddable":true,"href":"https:\/\/danila-souvenirs.com\/de\/wp-json\/wp\/v2\/comments?post=14305"}],"wp:featuredmedia":[{"embeddable":true,"href":"https:\/\/danila-souvenirs.com\/de\/wp-json\/wp\/v2\/media\/14256"}],"wp:attachment":[{"href":"https:\/\/danila-souvenirs.com\/de\/wp-json\/wp\/v2\/media?parent=14305"}],"wp:term":[{"taxonomy":"product_brand","embeddable":true,"href":"https:\/\/danila-souvenirs.com\/de\/wp-json\/wp\/v2\/product_brand?post=14305"},{"taxonomy":"product_cat","embeddable":true,"href":"https:\/\/danila-souvenirs.com\/de\/wp-json\/wp\/v2\/product_cat?post=14305"},{"taxonomy":"product_tag","embeddable":true,"href":"https:\/\/danila-souvenirs.com\/de\/wp-json\/wp\/v2\/product_tag?post=14305"}],"curies":[{"name":"wp","href":"https:\/\/api.w.org\/{rel}","templated":true}]}}