{"id":14303,"date":"2024-05-16T14:00:09","date_gmt":"2024-05-16T11:00:09","guid":{"rendered":"https:\/\/danila-souvenirs.com\/de\/product\/soviet-russian-ussr-leader-joseph-stalin-marble-bust-statue-sculpture-24-cm\/"},"modified":"2024-05-20T01:22:37","modified_gmt":"2024-05-19T22:22:37","slug":"soviet-russian-ussr-leader-joseph-stalin-marble-bust-statue-sculpture-24-cm","status":"publish","type":"product","link":"https:\/\/danila-souvenirs.com\/de\/product\/soviet-russian-ussr-leader-joseph-stalin-marble-bust-statue-sculpture-24-cm\/?lang=es","title":{"rendered":"Busto Estatua Escultura de m\u00e1rmol del l\u00edder sovi\u00e9tico ruso I\u00f3sif Stalin 24 cm"},"content":{"rendered":"<p>Material: m\u00e1rmol artificial.<\/p>\n<p>Altura: 24 cm.<\/p>\n<p>Peso: 1,4 kg.<\/p>\n<p>Color: blanco.<\/p>\n<p>I\u00f3sif Stalin (18 de diciembre de 1878 &#8211; 5 de marzo de 1953) fue el secretario general del partido comunista sovi\u00e9tico desde 1922 hasta su muerte. Las vistas modernas de Stalin en Rusia y el mundo permanecen mezcladas, algunos lo ven como tirano y asesino en masa, otros como un l\u00edder capaz y necesario para el tiempo.<\/p>\n","protected":false},"excerpt":{"rendered":"<p>Material: m\u00e1rmol artificial. Altura: 24 cm. Peso: 1,4 kg. Color: blanco. I\u00f3sif Stalin (18 de diciembre de 1878 &#8211; 5 de marzo de 1953) fue el secretario general del partido comunista sovi\u00e9tico desde 1922 hasta su muerte. Las vistas modernas de Stalin en Rusia y el mundo permanecen mezcladas, algunos lo ven como tirano y [&hellip;]<\/p>\n","protected":false},"featured_media":14254,"comment_status":"open","ping_status":"closed","template":"","meta":{"_et_pb_use_builder":"","_et_pb_old_content":"","_et_gb_content_width":""},"product_brand":[],"product_cat":[235,246,245],"product_tag":[],"class_list":{"0":"post-14303","1":"product","2":"type-product","3":"status-publish","4":"has-post-thumbnail","6":"product_cat-statues-es","7":"product_cat-russian-es","8":"product_cat-uncategorized-es","10":"first","11":"instock","12":"shipping-taxable","13":"purchasable","14":"product-type-simple"},"_links":{"self":[{"href":"https:\/\/danila-souvenirs.com\/de\/wp-json\/wp\/v2\/product\/14303","targetHints":{"allow":["GET"]}}],"collection":[{"href":"https:\/\/danila-souvenirs.com\/de\/wp-json\/wp\/v2\/product"}],"about":[{"href":"https:\/\/danila-souvenirs.com\/de\/wp-json\/wp\/v2\/types\/product"}],"replies":[{"embeddable":true,"href":"https:\/\/danila-souvenirs.com\/de\/wp-json\/wp\/v2\/comments?post=14303"}],"wp:featuredmedia":[{"embeddable":true,"href":"https:\/\/danila-souvenirs.com\/de\/wp-json\/wp\/v2\/media\/14254"}],"wp:attachment":[{"href":"https:\/\/danila-souvenirs.com\/de\/wp-json\/wp\/v2\/media?parent=14303"}],"wp:term":[{"taxonomy":"product_brand","embeddable":true,"href":"https:\/\/danila-souvenirs.com\/de\/wp-json\/wp\/v2\/product_brand?post=14303"},{"taxonomy":"product_cat","embeddable":true,"href":"https:\/\/danila-souvenirs.com\/de\/wp-json\/wp\/v2\/product_cat?post=14303"},{"taxonomy":"product_tag","embeddable":true,"href":"https:\/\/danila-souvenirs.com\/de\/wp-json\/wp\/v2\/product_tag?post=14303"}],"curies":[{"name":"wp","href":"https:\/\/api.w.org\/{rel}","templated":true}]}}