{"id":14294,"date":"2024-05-16T14:05:57","date_gmt":"2024-05-16T11:05:57","guid":{"rendered":"https:\/\/danila-souvenirs.com\/de\/product\/ancient-greek-mythology-goddess-artemis-diana-marble-bust-statue-sculpture-15-cm-370-g\/"},"modified":"2024-05-20T01:20:28","modified_gmt":"2024-05-19T22:20:28","slug":"ancient-greek-mythology-goddess-artemis-diana-marble-bust-statue-sculpture-15-cm-370-g","status":"publish","type":"product","link":"https:\/\/danila-souvenirs.com\/de\/product\/ancient-greek-mythology-goddess-artemis-diana-marble-bust-statue-sculpture-15-cm-370-g\/?lang=es","title":{"rendered":"Busto Estatua Escultura de m\u00e1rmol de la diosa Artemisa (Diana) de la mitolog\u00eda griega antigua 15 cm, 370 g"},"content":{"rendered":"<p>Material: m\u00e1rmol artificial.<\/p>\n<p>Altura: 15 cm.<\/p>\n<p>Peso: 370 g.<\/p>\n<p>Color: blanco.<\/p>\n<p>En la religi\u00f3n y la mitolog\u00eda griega antigua, Artemisa es la diosa de la caza, la naturaleza, los animales salvajes, la naturaleza, la vegetaci\u00f3n, el parto, el cuidado de los ni\u00f1os y la castidad. En \u00e9pocas posteriores, se la identific\u00f3 con Selene, la personificaci\u00f3n de la Luna. A menudo se dec\u00eda que deambulaba por bosques y monta\u00f1as, asistida por su s\u00e9quito de ninfas. La diosa Diana es su equivalente romano. Artemisa era una de las tres principales diosas v\u00edrgenes junto con Atenea y Hestia. Artemisa prefiri\u00f3 seguir siendo una doncella soltera y era una de las tres diosas griegas sobre las cuales Afrodita no ten\u00eda poder. Artemisa era una de las deidades griegas m\u00e1s veneradas; su adoraci\u00f3n se extendi\u00f3 por toda la antigua Grecia, con m\u00faltiples templos, altares, santuarios y veneraci\u00f3n local que se encuentran en todas partes del mundo antiguo.<\/p>\n","protected":false},"excerpt":{"rendered":"<p>Material: m\u00e1rmol artificial. Altura: 15 cm. Peso: 370 g. Color: blanco. En la religi\u00f3n y la mitolog\u00eda griega antigua, Artemisa es la diosa de la caza, la naturaleza, los animales salvajes, la naturaleza, la vegetaci\u00f3n, el parto, el cuidado de los ni\u00f1os y la castidad. En \u00e9pocas posteriores, se la identific\u00f3 con Selene, la personificaci\u00f3n [&hellip;]<\/p>\n","protected":false},"featured_media":14490,"comment_status":"open","ping_status":"closed","template":"","meta":{"_et_pb_use_builder":"","_et_pb_old_content":"","_et_gb_content_width":""},"product_brand":[],"product_cat":[235,244,245],"product_tag":[],"class_list":{"0":"post-14294","1":"product","2":"type-product","3":"status-publish","4":"has-post-thumbnail","6":"product_cat-statues-es","7":"product_cat-european-es","8":"product_cat-uncategorized-es","10":"first","11":"instock","12":"shipping-taxable","13":"purchasable","14":"product-type-simple"},"_links":{"self":[{"href":"https:\/\/danila-souvenirs.com\/de\/wp-json\/wp\/v2\/product\/14294","targetHints":{"allow":["GET"]}}],"collection":[{"href":"https:\/\/danila-souvenirs.com\/de\/wp-json\/wp\/v2\/product"}],"about":[{"href":"https:\/\/danila-souvenirs.com\/de\/wp-json\/wp\/v2\/types\/product"}],"replies":[{"embeddable":true,"href":"https:\/\/danila-souvenirs.com\/de\/wp-json\/wp\/v2\/comments?post=14294"}],"wp:featuredmedia":[{"embeddable":true,"href":"https:\/\/danila-souvenirs.com\/de\/wp-json\/wp\/v2\/media\/14490"}],"wp:attachment":[{"href":"https:\/\/danila-souvenirs.com\/de\/wp-json\/wp\/v2\/media?parent=14294"}],"wp:term":[{"taxonomy":"product_brand","embeddable":true,"href":"https:\/\/danila-souvenirs.com\/de\/wp-json\/wp\/v2\/product_brand?post=14294"},{"taxonomy":"product_cat","embeddable":true,"href":"https:\/\/danila-souvenirs.com\/de\/wp-json\/wp\/v2\/product_cat?post=14294"},{"taxonomy":"product_tag","embeddable":true,"href":"https:\/\/danila-souvenirs.com\/de\/wp-json\/wp\/v2\/product_tag?post=14294"}],"curies":[{"name":"wp","href":"https:\/\/api.w.org\/{rel}","templated":true}]}}