{"id":14291,"date":"2024-05-16T14:05:57","date_gmt":"2024-05-16T11:05:57","guid":{"rendered":"https:\/\/danila-souvenirs.com\/de\/product\/ancient-greek-mythology-goddess-artemis-diana-marble-bust-statue-sculpture-15-cm-370-g\/"},"modified":"2024-05-16T15:58:20","modified_gmt":"2024-05-16T12:58:20","slug":"ancient-greek-mythology-goddess-artemis-diana-marble-bust-statue-sculpture-15-cm-370-g","status":"publish","type":"product","link":"https:\/\/danila-souvenirs.com\/de\/product\/ancient-greek-mythology-goddess-artemis-diana-marble-bust-statue-sculpture-15-cm-370-g\/?lang=de","title":{"rendered":"Antike griechische Mythologie G\u00f6ttin Artemis (Diana) marmor B\u00fcste Statue Skulptur 15 cm, 370 g"},"content":{"rendered":"<p>Material: k\u00fcnstlicher Marmor.<\/p>\n<p>H\u00f6he: 15 cm.<\/p>\n<p>Gewicht: 370 Gramm.<\/p>\n<p>Farbe: wei\u00df.<\/p>\n<p>In der antiken griechischen Religion und Mythologie ist Artemis die G\u00f6ttin der Jagd, der Wildnis, der wilden Tiere, der Natur, der Vegetation, der Geburt, der Kinderbetreuung und der Keuschheit. Sp\u00e4ter wurde sie mit Selene, der Personifikation des Mondes, identifiziert. Es wurde oft gesagt, dass sie, begleitet von ihrem Gefolge aus Nymphen, durch die W\u00e4lder und Berge streifte. Die G\u00f6ttin Diana ist ihr r\u00f6misches \u00c4quivalent. Artemis war neben Athene und Hestia eine der drei gro\u00dfen jungfr\u00e4ulichen G\u00f6ttinnen. Artemis blieb lieber eine unverheiratete Jungfrau und war eine der drei griechischen G\u00f6ttinnen, \u00fcber die Aphrodite keine Macht hatte. Artemis war eine der am meisten verehrten antiken griechischen Gottheiten; Ihre Verehrung verbreitete sich im gesamten antiken Griechenland, wobei ihre zahlreichen Tempel, Alt\u00e4re, Schreine und lokalen Verehrung \u00fcberall in der antiken Welt zu finden waren.<\/p>\n","protected":false},"excerpt":{"rendered":"<p>Material: k\u00fcnstlicher Marmor. H\u00f6he: 15 cm. Gewicht: 370 Gramm. Farbe: wei\u00df. In der antiken griechischen Religion und Mythologie ist Artemis die G\u00f6ttin der Jagd, der Wildnis, der wilden Tiere, der Natur, der Vegetation, der Geburt, der Kinderbetreuung und der Keuschheit. Sp\u00e4ter wurde sie mit Selene, der Personifikation des Mondes, identifiziert. Es wurde oft gesagt, dass [&hellip;]<\/p>\n","protected":false},"featured_media":14488,"comment_status":"open","ping_status":"closed","template":"","meta":{"_et_pb_use_builder":"","_et_pb_old_content":"","_et_gb_content_width":""},"product_brand":[],"product_cat":[170,166,167],"product_tag":[],"class_list":{"0":"post-14291","1":"product","2":"type-product","3":"status-publish","4":"has-post-thumbnail","6":"product_cat-european-de","7":"product_cat-uncategorized-de","8":"product_cat-statues-de","10":"first","11":"instock","12":"shipping-taxable","13":"purchasable","14":"product-type-simple"},"_links":{"self":[{"href":"https:\/\/danila-souvenirs.com\/de\/wp-json\/wp\/v2\/product\/14291","targetHints":{"allow":["GET"]}}],"collection":[{"href":"https:\/\/danila-souvenirs.com\/de\/wp-json\/wp\/v2\/product"}],"about":[{"href":"https:\/\/danila-souvenirs.com\/de\/wp-json\/wp\/v2\/types\/product"}],"replies":[{"embeddable":true,"href":"https:\/\/danila-souvenirs.com\/de\/wp-json\/wp\/v2\/comments?post=14291"}],"wp:featuredmedia":[{"embeddable":true,"href":"https:\/\/danila-souvenirs.com\/de\/wp-json\/wp\/v2\/media\/14488"}],"wp:attachment":[{"href":"https:\/\/danila-souvenirs.com\/de\/wp-json\/wp\/v2\/media?parent=14291"}],"wp:term":[{"taxonomy":"product_brand","embeddable":true,"href":"https:\/\/danila-souvenirs.com\/de\/wp-json\/wp\/v2\/product_brand?post=14291"},{"taxonomy":"product_cat","embeddable":true,"href":"https:\/\/danila-souvenirs.com\/de\/wp-json\/wp\/v2\/product_cat?post=14291"},{"taxonomy":"product_tag","embeddable":true,"href":"https:\/\/danila-souvenirs.com\/de\/wp-json\/wp\/v2\/product_tag?post=14291"}],"curies":[{"name":"wp","href":"https:\/\/api.w.org\/{rel}","templated":true}]}}