{"id":14290,"date":"2024-05-16T14:05:57","date_gmt":"2024-05-16T11:05:57","guid":{"rendered":"https:\/\/danila-souvenirs.com\/de\/product\/ancient-greek-mythology-goddess-artemis-diana-marble-bust-statue-sculpture-15-cm-370-g\/"},"modified":"2024-05-20T00:54:27","modified_gmt":"2024-05-19T21:54:27","slug":"ancient-greek-mythology-goddess-artemis-diana-marble-bust-statue-sculpture-15-cm-370-g","status":"publish","type":"product","link":"https:\/\/danila-souvenirs.com\/de\/product\/ancient-greek-mythology-goddess-artemis-diana-marble-bust-statue-sculpture-15-cm-370-g\/?lang=fr","title":{"rendered":"Buste statue sculpture en marbre de la d\u00e9esse de la mythologie grecque antique Art\u00e9mis (Diane) 15 cm, 370 g"},"content":{"rendered":"<p>Mat\u00e9riau\u202f: marbre artificiel.<\/p>\n<p>Hauteur: 15 cm.<\/p>\n<p>Poids: 370 g.<\/p>\n<p>Couleur: blanc.<\/p>\n<p>Dans la religion et la mythologie grecque antique, Art\u00e9mis est la d\u00e9esse de la chasse, de la nature sauvage, des animaux sauvages, de la nature, de la v\u00e9g\u00e9tation, de l&#8217;accouchement, du soin des enfants et de la chastet\u00e9. Plus tard, elle fut identifi\u00e9e \u00e0 S\u00e9l\u00e9n\u00e9, la personnification de la Lune. On disait souvent qu&#8217;elle parcourait les for\u00eats et les montagnes, accompagn\u00e9e de son entourage de nymphes. La d\u00e9esse Diane est son \u00e9quivalent romain. Art\u00e9mis \u00e9tait l&#8217;une des trois principales d\u00e9esses vierges aux c\u00f4t\u00e9s d&#8217;Ath\u00e9na et d&#8217;Hestia. Art\u00e9mis pr\u00e9f\u00e9rait rester c\u00e9libataire et \u00e9tait l&#8217;une des trois d\u00e9esses grecques sur lesquelles Aphrodite n&#8217;avait aucun pouvoir. Art\u00e9mis \u00e9tait l\u2019une des divinit\u00e9s grecques antiques les plus v\u00e9n\u00e9r\u00e9es ; son culte s&#8217;est r\u00e9pandu dans toute la Gr\u00e8ce antique, avec ses multiples temples, autels, sanctuaires et v\u00e9n\u00e9ration locale que l&#8217;on retrouve partout dans le monde antique.<\/p>\n","protected":false},"excerpt":{"rendered":"<p>Mat\u00e9riau\u202f: marbre artificiel. Hauteur: 15 cm. Poids: 370 g. Couleur: blanc. Dans la religion et la mythologie grecque antique, Art\u00e9mis est la d\u00e9esse de la chasse, de la nature sauvage, des animaux sauvages, de la nature, de la v\u00e9g\u00e9tation, de l&#8217;accouchement, du soin des enfants et de la chastet\u00e9. Plus tard, elle fut identifi\u00e9e \u00e0 [&hellip;]<\/p>\n","protected":false},"featured_media":14487,"comment_status":"open","ping_status":"closed","template":"","meta":{"_et_pb_use_builder":"","_et_pb_old_content":"","_et_gb_content_width":""},"product_brand":[],"product_cat":[185,179,180],"product_tag":[],"class_list":{"0":"post-14290","1":"product","2":"type-product","3":"status-publish","4":"has-post-thumbnail","6":"product_cat-european-fr","7":"product_cat-uncategorized-fr","8":"product_cat-statues-fr","10":"first","11":"instock","12":"shipping-taxable","13":"purchasable","14":"product-type-simple"},"_links":{"self":[{"href":"https:\/\/danila-souvenirs.com\/de\/wp-json\/wp\/v2\/product\/14290","targetHints":{"allow":["GET"]}}],"collection":[{"href":"https:\/\/danila-souvenirs.com\/de\/wp-json\/wp\/v2\/product"}],"about":[{"href":"https:\/\/danila-souvenirs.com\/de\/wp-json\/wp\/v2\/types\/product"}],"replies":[{"embeddable":true,"href":"https:\/\/danila-souvenirs.com\/de\/wp-json\/wp\/v2\/comments?post=14290"}],"wp:featuredmedia":[{"embeddable":true,"href":"https:\/\/danila-souvenirs.com\/de\/wp-json\/wp\/v2\/media\/14487"}],"wp:attachment":[{"href":"https:\/\/danila-souvenirs.com\/de\/wp-json\/wp\/v2\/media?parent=14290"}],"wp:term":[{"taxonomy":"product_brand","embeddable":true,"href":"https:\/\/danila-souvenirs.com\/de\/wp-json\/wp\/v2\/product_brand?post=14290"},{"taxonomy":"product_cat","embeddable":true,"href":"https:\/\/danila-souvenirs.com\/de\/wp-json\/wp\/v2\/product_cat?post=14290"},{"taxonomy":"product_tag","embeddable":true,"href":"https:\/\/danila-souvenirs.com\/de\/wp-json\/wp\/v2\/product_tag?post=14290"}],"curies":[{"name":"wp","href":"https:\/\/api.w.org\/{rel}","templated":true}]}}