{"id":14289,"date":"2024-05-16T14:09:50","date_gmt":"2024-05-16T11:09:50","guid":{"rendered":"https:\/\/danila-souvenirs.com\/de\/product\/michelangelo-david-statue-head-classic-roman-greek-marble-bust-sculpture-15-cm-770-g\/"},"modified":"2024-05-20T01:18:58","modified_gmt":"2024-05-19T22:18:58","slug":"michelangelo-david-statue-head-classic-roman-greek-marble-bust-sculpture-15-cm-770-g","status":"publish","type":"product","link":"https:\/\/danila-souvenirs.com\/de\/product\/michelangelo-david-statue-head-classic-roman-greek-marble-bust-sculpture-15-cm-770-g\/?lang=es","title":{"rendered":"Busto Estatua Escultura de m\u00e1rmol de David de Miguel \u00c1ngel Cabeza griega romana cl\u00e1sica 15 cm, 770 g"},"content":{"rendered":"<p>Material: m\u00e1rmol artificial.<\/p>\n<p>Altura: 15 cm.<\/p>\n<p>Peso: 770 g.<\/p>\n<p>Color: blanco.<\/p>\n<p>El David de Miguel \u00c1ngel es una de las obras de arte m\u00e1s reconocibles del mundo y un s\u00edmbolo perdurable de Florencia. David es una obra maestra de la escultura del Renacimiento italiano, creada entre 1501 y 1504 por Miguel \u00c1ngel. La figura b\u00edblica de David fue un tema favorito en el arte de Florencia. Debido a la naturaleza de la figura que representaba, la estatua pronto pas\u00f3 a simbolizar la defensa de las libertades civiles plasmadas en la constituci\u00f3n de 1494 de la Rep\u00fablica de Florencia, una ciudad-estado independiente amenazada por todos lados por estados rivales m\u00e1s poderosos.<\/p>\n","protected":false},"excerpt":{"rendered":"<p>Material: m\u00e1rmol artificial. Altura: 15 cm. Peso: 770 g. Color: blanco. El David de Miguel \u00c1ngel es una de las obras de arte m\u00e1s reconocibles del mundo y un s\u00edmbolo perdurable de Florencia. David es una obra maestra de la escultura del Renacimiento italiano, creada entre 1501 y 1504 por Miguel \u00c1ngel. La figura b\u00edblica [&hellip;]<\/p>\n","protected":false},"featured_media":14505,"comment_status":"open","ping_status":"closed","template":"","meta":{"_et_pb_use_builder":"","_et_pb_old_content":"","_et_gb_content_width":""},"product_brand":[],"product_cat":[235,244,245],"product_tag":[],"class_list":{"0":"post-14289","1":"product","2":"type-product","3":"status-publish","4":"has-post-thumbnail","6":"product_cat-statues-es","7":"product_cat-european-es","8":"product_cat-uncategorized-es","10":"first","11":"instock","12":"shipping-taxable","13":"purchasable","14":"product-type-simple"},"_links":{"self":[{"href":"https:\/\/danila-souvenirs.com\/de\/wp-json\/wp\/v2\/product\/14289","targetHints":{"allow":["GET"]}}],"collection":[{"href":"https:\/\/danila-souvenirs.com\/de\/wp-json\/wp\/v2\/product"}],"about":[{"href":"https:\/\/danila-souvenirs.com\/de\/wp-json\/wp\/v2\/types\/product"}],"replies":[{"embeddable":true,"href":"https:\/\/danila-souvenirs.com\/de\/wp-json\/wp\/v2\/comments?post=14289"}],"wp:featuredmedia":[{"embeddable":true,"href":"https:\/\/danila-souvenirs.com\/de\/wp-json\/wp\/v2\/media\/14505"}],"wp:attachment":[{"href":"https:\/\/danila-souvenirs.com\/de\/wp-json\/wp\/v2\/media?parent=14289"}],"wp:term":[{"taxonomy":"product_brand","embeddable":true,"href":"https:\/\/danila-souvenirs.com\/de\/wp-json\/wp\/v2\/product_brand?post=14289"},{"taxonomy":"product_cat","embeddable":true,"href":"https:\/\/danila-souvenirs.com\/de\/wp-json\/wp\/v2\/product_cat?post=14289"},{"taxonomy":"product_tag","embeddable":true,"href":"https:\/\/danila-souvenirs.com\/de\/wp-json\/wp\/v2\/product_tag?post=14289"}],"curies":[{"name":"wp","href":"https:\/\/api.w.org\/{rel}","templated":true}]}}