{"id":14288,"date":"2024-05-16T14:09:50","date_gmt":"2024-05-16T11:09:50","guid":{"rendered":"https:\/\/danila-souvenirs.com\/de\/product\/michelangelo-david-statue-head-classic-roman-greek-marble-bust-sculpture-15-cm-770-g\/"},"modified":"2024-05-20T01:06:34","modified_gmt":"2024-05-19T22:06:34","slug":"michelangelo-david-statue-head-classic-roman-greek-marble-bust-sculpture-15-cm-770-g","status":"publish","type":"product","link":"https:\/\/danila-souvenirs.com\/de\/product\/michelangelo-david-statue-head-classic-roman-greek-marble-bust-sculpture-15-cm-770-g\/?lang=it","title":{"rendered":"Busto statua scultura in marmo del David di Michelangelo Testa greca romana classica 15 cm, 770 g"},"content":{"rendered":"<p>Materiale: marmo artificiale.<\/p>\n<p>Altezza: 15 cm.<\/p>\n<p>Peso: 770 g.<\/p>\n<p>Colore: bianco.<\/p>\n<p>Il David di Michelangelo \u00e8 una delle opere d&#8217;arte pi\u00f9 riconoscibili al mondo e un simbolo duraturo di Firenze. Il David \u00e8 un capolavoro della scultura rinascimentale italiana, realizzato tra il 1501 e il 1504 da Michelangelo. La figura biblica del David era un soggetto favorito nell&#8217;arte di Firenze. A causa della natura della figura che rappresentava, la statua divenne presto il simbolo della difesa delle libert\u00e0 civili incarnate nella costituzione della Repubblica di Firenze del 1494, una citt\u00e0-stato indipendente minacciata su tutti i lati da stati rivali pi\u00f9 potenti.<\/p>\n","protected":false},"excerpt":{"rendered":"<p>Materiale: marmo artificiale. Altezza: 15 cm. Peso: 770 g. Colore: bianco. Il David di Michelangelo \u00e8 una delle opere d&#8217;arte pi\u00f9 riconoscibili al mondo e un simbolo duraturo di Firenze. Il David \u00e8 un capolavoro della scultura rinascimentale italiana, realizzato tra il 1501 e il 1504 da Michelangelo. La figura biblica del David era un [&hellip;]<\/p>\n","protected":false},"featured_media":14504,"comment_status":"open","ping_status":"closed","template":"","meta":{"_et_pb_use_builder":"","_et_pb_old_content":"","_et_gb_content_width":""},"product_brand":[],"product_cat":[231,228,224],"product_tag":[],"class_list":{"0":"post-14288","1":"product","2":"type-product","3":"status-publish","4":"has-post-thumbnail","6":"product_cat-european-it","7":"product_cat-uncategorized-it","8":"product_cat-statues-it","10":"first","11":"instock","12":"shipping-taxable","13":"purchasable","14":"product-type-simple"},"_links":{"self":[{"href":"https:\/\/danila-souvenirs.com\/de\/wp-json\/wp\/v2\/product\/14288","targetHints":{"allow":["GET"]}}],"collection":[{"href":"https:\/\/danila-souvenirs.com\/de\/wp-json\/wp\/v2\/product"}],"about":[{"href":"https:\/\/danila-souvenirs.com\/de\/wp-json\/wp\/v2\/types\/product"}],"replies":[{"embeddable":true,"href":"https:\/\/danila-souvenirs.com\/de\/wp-json\/wp\/v2\/comments?post=14288"}],"wp:featuredmedia":[{"embeddable":true,"href":"https:\/\/danila-souvenirs.com\/de\/wp-json\/wp\/v2\/media\/14504"}],"wp:attachment":[{"href":"https:\/\/danila-souvenirs.com\/de\/wp-json\/wp\/v2\/media?parent=14288"}],"wp:term":[{"taxonomy":"product_brand","embeddable":true,"href":"https:\/\/danila-souvenirs.com\/de\/wp-json\/wp\/v2\/product_brand?post=14288"},{"taxonomy":"product_cat","embeddable":true,"href":"https:\/\/danila-souvenirs.com\/de\/wp-json\/wp\/v2\/product_cat?post=14288"},{"taxonomy":"product_tag","embeddable":true,"href":"https:\/\/danila-souvenirs.com\/de\/wp-json\/wp\/v2\/product_tag?post=14288"}],"curies":[{"name":"wp","href":"https:\/\/api.w.org\/{rel}","templated":true}]}}