{"id":14287,"date":"2024-05-16T14:09:50","date_gmt":"2024-05-16T11:09:50","guid":{"rendered":"https:\/\/danila-souvenirs.com\/de\/product\/michelangelo-david-statue-head-classic-roman-greek-marble-bust-sculpture-15-cm-770-g\/"},"modified":"2024-05-16T15:56:30","modified_gmt":"2024-05-16T12:56:30","slug":"michelangelo-david-statue-head-classic-roman-greek-marble-bust-sculpture-15-cm-770-g","status":"publish","type":"product","link":"https:\/\/danila-souvenirs.com\/de\/product\/michelangelo-david-statue-head-classic-roman-greek-marble-bust-sculpture-15-cm-770-g\/?lang=de","title":{"rendered":"Kopf von Michelangelos David Statue klassische r\u00f6misch griechische marmor B\u00fcste Skulptur 15 cm, 770 g"},"content":{"rendered":"<p>Material: k\u00fcnstlicher Marmor.<\/p>\n<p>H\u00f6he: 15 cm.<\/p>\n<p>Gewicht: 770 Gramm.<\/p>\n<p>Farbe: wei\u00df.<\/p>\n<p>Michelangelos David ist eines der bekanntesten Kunstwerke der Welt und ein bleibendes Symbol von Florenz. David ist ein Meisterwerk der italienischen Renaissance-Skulptur, geschaffen von Michelangelo zwischen 1501 und 1504. Die biblische Figur David war ein beliebtes Motiv in der Kunst von Florenz. Aufgrund der Art der Figur, die sie darstellte, wurde die Statue bald zum Symbol f\u00fcr die Verteidigung der b\u00fcrgerlichen Freiheiten, die in der Verfassung der Republik Florenz von 1494 verankert waren, einem unabh\u00e4ngigen Stadtstaat, der von allen Seiten von m\u00e4chtigeren Rivalenstaaten bedroht wurde.<\/p>\n","protected":false},"excerpt":{"rendered":"<p>Material: k\u00fcnstlicher Marmor. H\u00f6he: 15 cm. Gewicht: 770 Gramm. Farbe: wei\u00df. Michelangelos David ist eines der bekanntesten Kunstwerke der Welt und ein bleibendes Symbol von Florenz. David ist ein Meisterwerk der italienischen Renaissance-Skulptur, geschaffen von Michelangelo zwischen 1501 und 1504. Die biblische Figur David war ein beliebtes Motiv in der Kunst von Florenz. Aufgrund der [&hellip;]<\/p>\n","protected":false},"featured_media":14503,"comment_status":"open","ping_status":"closed","template":"","meta":{"_et_pb_use_builder":"","_et_pb_old_content":"","_et_gb_content_width":""},"product_brand":[],"product_cat":[170,166,167],"product_tag":[],"class_list":{"0":"post-14287","1":"product","2":"type-product","3":"status-publish","4":"has-post-thumbnail","6":"product_cat-european-de","7":"product_cat-uncategorized-de","8":"product_cat-statues-de","10":"first","11":"instock","12":"shipping-taxable","13":"purchasable","14":"product-type-simple"},"_links":{"self":[{"href":"https:\/\/danila-souvenirs.com\/de\/wp-json\/wp\/v2\/product\/14287","targetHints":{"allow":["GET"]}}],"collection":[{"href":"https:\/\/danila-souvenirs.com\/de\/wp-json\/wp\/v2\/product"}],"about":[{"href":"https:\/\/danila-souvenirs.com\/de\/wp-json\/wp\/v2\/types\/product"}],"replies":[{"embeddable":true,"href":"https:\/\/danila-souvenirs.com\/de\/wp-json\/wp\/v2\/comments?post=14287"}],"wp:featuredmedia":[{"embeddable":true,"href":"https:\/\/danila-souvenirs.com\/de\/wp-json\/wp\/v2\/media\/14503"}],"wp:attachment":[{"href":"https:\/\/danila-souvenirs.com\/de\/wp-json\/wp\/v2\/media?parent=14287"}],"wp:term":[{"taxonomy":"product_brand","embeddable":true,"href":"https:\/\/danila-souvenirs.com\/de\/wp-json\/wp\/v2\/product_brand?post=14287"},{"taxonomy":"product_cat","embeddable":true,"href":"https:\/\/danila-souvenirs.com\/de\/wp-json\/wp\/v2\/product_cat?post=14287"},{"taxonomy":"product_tag","embeddable":true,"href":"https:\/\/danila-souvenirs.com\/de\/wp-json\/wp\/v2\/product_tag?post=14287"}],"curies":[{"name":"wp","href":"https:\/\/api.w.org\/{rel}","templated":true}]}}