{"id":14286,"date":"2024-05-16T14:09:50","date_gmt":"2024-05-16T11:09:50","guid":{"rendered":"https:\/\/danila-souvenirs.com\/de\/product\/michelangelo-david-statue-head-classic-roman-greek-marble-bust-sculpture-15-cm-770-g\/"},"modified":"2024-05-20T00:52:40","modified_gmt":"2024-05-19T21:52:40","slug":"michelangelo-david-statue-head-classic-roman-greek-marble-bust-sculpture-15-cm-770-g","status":"publish","type":"product","link":"https:\/\/danila-souvenirs.com\/de\/product\/michelangelo-david-statue-head-classic-roman-greek-marble-bust-sculpture-15-cm-770-g\/?lang=fr","title":{"rendered":"Buste statue sculpture en marbre de David de Michel-Ange, T\u00eate grecque romaine classique 15 cm, 770 g"},"content":{"rendered":"<p>Mat\u00e9riau\u202f: marbre artificiel.<\/p>\n<p>Hauteur: 15 cm.<\/p>\n<p>Poids: 770 g.<\/p>\n<p>Couleur: blanc.<\/p>\n<p>Le David de Michel-Ange est l\u2019une des \u0153uvres d\u2019art les plus reconnaissables au monde et un symbole durable de Florence. David est un chef-d&#8217;\u0153uvre de la sculpture de la Renaissance italienne, cr\u00e9\u00e9 de 1501 \u00e0 1504 par Michel-Ange. Le personnage biblique David \u00e9tait un sujet privil\u00e9gi\u00e9 dans l&#8217;art de Florence. En raison de la nature du personnage qu&#8217;elle repr\u00e9sentait, la statue en est rapidement venue \u00e0 symboliser la d\u00e9fense des libert\u00e9s civiles incarn\u00e9es dans la constitution de 1494 de la R\u00e9publique de Florence, une cit\u00e9-\u00c9tat ind\u00e9pendante menac\u00e9e de toutes parts par des \u00c9tats rivaux plus puissants.<\/p>\n","protected":false},"excerpt":{"rendered":"<p>Mat\u00e9riau\u202f: marbre artificiel. Hauteur: 15 cm. Poids: 770 g. Couleur: blanc. Le David de Michel-Ange est l\u2019une des \u0153uvres d\u2019art les plus reconnaissables au monde et un symbole durable de Florence. David est un chef-d&#8217;\u0153uvre de la sculpture de la Renaissance italienne, cr\u00e9\u00e9 de 1501 \u00e0 1504 par Michel-Ange. Le personnage biblique David \u00e9tait un [&hellip;]<\/p>\n","protected":false},"featured_media":14502,"comment_status":"open","ping_status":"closed","template":"","meta":{"_et_pb_use_builder":"","_et_pb_old_content":"","_et_gb_content_width":""},"product_brand":[],"product_cat":[185,179,180],"product_tag":[],"class_list":{"0":"post-14286","1":"product","2":"type-product","3":"status-publish","4":"has-post-thumbnail","6":"product_cat-european-fr","7":"product_cat-uncategorized-fr","8":"product_cat-statues-fr","10":"first","11":"instock","12":"shipping-taxable","13":"purchasable","14":"product-type-simple"},"_links":{"self":[{"href":"https:\/\/danila-souvenirs.com\/de\/wp-json\/wp\/v2\/product\/14286","targetHints":{"allow":["GET"]}}],"collection":[{"href":"https:\/\/danila-souvenirs.com\/de\/wp-json\/wp\/v2\/product"}],"about":[{"href":"https:\/\/danila-souvenirs.com\/de\/wp-json\/wp\/v2\/types\/product"}],"replies":[{"embeddable":true,"href":"https:\/\/danila-souvenirs.com\/de\/wp-json\/wp\/v2\/comments?post=14286"}],"wp:featuredmedia":[{"embeddable":true,"href":"https:\/\/danila-souvenirs.com\/de\/wp-json\/wp\/v2\/media\/14502"}],"wp:attachment":[{"href":"https:\/\/danila-souvenirs.com\/de\/wp-json\/wp\/v2\/media?parent=14286"}],"wp:term":[{"taxonomy":"product_brand","embeddable":true,"href":"https:\/\/danila-souvenirs.com\/de\/wp-json\/wp\/v2\/product_brand?post=14286"},{"taxonomy":"product_cat","embeddable":true,"href":"https:\/\/danila-souvenirs.com\/de\/wp-json\/wp\/v2\/product_cat?post=14286"},{"taxonomy":"product_tag","embeddable":true,"href":"https:\/\/danila-souvenirs.com\/de\/wp-json\/wp\/v2\/product_tag?post=14286"}],"curies":[{"name":"wp","href":"https:\/\/api.w.org\/{rel}","templated":true}]}}