{"id":13922,"date":"2024-01-18T17:55:34","date_gmt":"2024-01-18T14:55:34","guid":{"rendered":"https:\/\/danila-souvenirs.com\/de\/product\/russian-writer-anton-chekhov-stone-bust-statue-sculpture-12-5-cm\/"},"modified":"2024-01-22T15:33:08","modified_gmt":"2024-01-22T12:33:08","slug":"russian-writer-anton-chekhov-stone-bust-statue-sculpture-12-5-cm","status":"publish","type":"product","link":"https:\/\/danila-souvenirs.com\/de\/product\/russian-writer-anton-chekhov-stone-bust-statue-sculpture-12-5-cm\/?lang=fr","title":{"rendered":"buste \/ statue sculpture en pierre de l&#8217;\u00e9crivain russe Anton Tchekhov 12,5 cm"},"content":{"rendered":"<p>Mat\u00e9riau\u202f: marbre artificiel.<\/p>\n<p>Hauteur: 12,5 cm.<\/p>\n<p>Poids: 290 g.<\/p>\n<p>Couleur: noir.<\/p>\n<p>Anton Tchekhov (29 janvier 1860 \u2013 15 juillet 1904) \u00e9tait un dramaturge et nouvelliste russe consid\u00e9r\u00e9 comme l&#8217;un des plus grands \u00e9crivains de fiction courte de l&#8217;histoire. Sa carri\u00e8re de dramaturge a produit quatre classiques et ses meilleures nouvelles sont tenues en haute estime par les \u00e9crivains et les critiques. Avec Henrik Ibsen et August Strindberg, Tchekhov est souvent cit\u00e9 comme l\u2019une des trois figures marquantes de la naissance du modernisme pr\u00e9coce au th\u00e9\u00e2tre.<\/p>\n","protected":false},"excerpt":{"rendered":"<p>Mat\u00e9riau\u202f: marbre artificiel. Hauteur: 12,5 cm. Poids: 290 g. Couleur: noir. Anton Tchekhov (29 janvier 1860 \u2013 15 juillet 1904) \u00e9tait un dramaturge et nouvelliste russe consid\u00e9r\u00e9 comme l&#8217;un des plus grands \u00e9crivains de fiction courte de l&#8217;histoire. Sa carri\u00e8re de dramaturge a produit quatre classiques et ses meilleures nouvelles sont tenues en haute estime [&hellip;]<\/p>\n","protected":false},"featured_media":13913,"comment_status":"open","ping_status":"closed","template":"","meta":{"_et_pb_use_builder":"","_et_pb_old_content":"","_et_gb_content_width":""},"product_brand":[],"product_cat":[181,180],"product_tag":[],"class_list":{"0":"post-13922","1":"product","2":"type-product","3":"status-publish","4":"has-post-thumbnail","6":"product_cat-russian-fr","7":"product_cat-statues-fr","9":"first","10":"instock","11":"shipping-taxable","12":"purchasable","13":"product-type-simple"},"_links":{"self":[{"href":"https:\/\/danila-souvenirs.com\/de\/wp-json\/wp\/v2\/product\/13922","targetHints":{"allow":["GET"]}}],"collection":[{"href":"https:\/\/danila-souvenirs.com\/de\/wp-json\/wp\/v2\/product"}],"about":[{"href":"https:\/\/danila-souvenirs.com\/de\/wp-json\/wp\/v2\/types\/product"}],"replies":[{"embeddable":true,"href":"https:\/\/danila-souvenirs.com\/de\/wp-json\/wp\/v2\/comments?post=13922"}],"wp:featuredmedia":[{"embeddable":true,"href":"https:\/\/danila-souvenirs.com\/de\/wp-json\/wp\/v2\/media\/13913"}],"wp:attachment":[{"href":"https:\/\/danila-souvenirs.com\/de\/wp-json\/wp\/v2\/media?parent=13922"}],"wp:term":[{"taxonomy":"product_brand","embeddable":true,"href":"https:\/\/danila-souvenirs.com\/de\/wp-json\/wp\/v2\/product_brand?post=13922"},{"taxonomy":"product_cat","embeddable":true,"href":"https:\/\/danila-souvenirs.com\/de\/wp-json\/wp\/v2\/product_cat?post=13922"},{"taxonomy":"product_tag","embeddable":true,"href":"https:\/\/danila-souvenirs.com\/de\/wp-json\/wp\/v2\/product_tag?post=13922"}],"curies":[{"name":"wp","href":"https:\/\/api.w.org\/{rel}","templated":true}]}}