{"id":13921,"date":"2024-01-18T17:52:23","date_gmt":"2024-01-18T14:52:23","guid":{"rendered":"https:\/\/danila-souvenirs.com\/de\/product\/russian-writer-anton-chekhov-marble-bust-statue-sculpture-12-5-cm\/"},"modified":"2024-01-22T15:58:53","modified_gmt":"2024-01-22T12:58:53","slug":"russian-writer-anton-chekhov-marble-bust-statue-sculpture-12-5-cm","status":"publish","type":"product","link":"https:\/\/danila-souvenirs.com\/de\/product\/russian-writer-anton-chekhov-marble-bust-statue-sculpture-12-5-cm\/?lang=es","title":{"rendered":"Busto \/ Estatua Escultura de m\u00e1rmol del escritor ruso Ant\u00f3n Ch\u00e9jov 12,5 cm"},"content":{"rendered":"<p>Material: m\u00e1rmol artificial.<\/p>\n<p>Altura: 12,5 cm.<\/p>\n<p>Peso: 290 g.<\/p>\n<p>Color: blanco.<\/p>\n<p>Anton Ch\u00e9jov (29 de enero de 1860 &#8211; 15 de julio de 1904) fue un dramaturgo y cuentista ruso considerado uno de los m\u00e1s grandes escritores de ficci\u00f3n breve de la historia. Su carrera como dramaturgo produjo cuatro cl\u00e1sicos y sus mejores cuentos son muy apreciados por escritores y cr\u00edticos. Junto con Henrik Ibsen y August Strindberg, a menudo se hace referencia a Ch\u00e9jov como una de las tres figuras fundamentales en el nacimiento del modernismo temprano en el teatro.<\/p>\n<p>&nbsp;<\/p>\n","protected":false},"excerpt":{"rendered":"<p>Material: m\u00e1rmol artificial. Altura: 12,5 cm. Peso: 290 g. Color: blanco. Anton Ch\u00e9jov (29 de enero de 1860 &#8211; 15 de julio de 1904) fue un dramaturgo y cuentista ruso considerado uno de los m\u00e1s grandes escritores de ficci\u00f3n breve de la historia. Su carrera como dramaturgo produjo cuatro cl\u00e1sicos y sus mejores cuentos son [&hellip;]<\/p>\n","protected":false},"featured_media":14101,"comment_status":"open","ping_status":"closed","template":"","meta":{"_et_pb_use_builder":"","_et_pb_old_content":"","_et_gb_content_width":""},"product_brand":[],"product_cat":[235,246],"product_tag":[],"class_list":{"0":"post-13921","1":"product","2":"type-product","3":"status-publish","4":"has-post-thumbnail","6":"product_cat-statues-es","7":"product_cat-russian-es","9":"first","10":"instock","11":"shipping-taxable","12":"purchasable","13":"product-type-simple"},"_links":{"self":[{"href":"https:\/\/danila-souvenirs.com\/de\/wp-json\/wp\/v2\/product\/13921","targetHints":{"allow":["GET"]}}],"collection":[{"href":"https:\/\/danila-souvenirs.com\/de\/wp-json\/wp\/v2\/product"}],"about":[{"href":"https:\/\/danila-souvenirs.com\/de\/wp-json\/wp\/v2\/types\/product"}],"replies":[{"embeddable":true,"href":"https:\/\/danila-souvenirs.com\/de\/wp-json\/wp\/v2\/comments?post=13921"}],"wp:featuredmedia":[{"embeddable":true,"href":"https:\/\/danila-souvenirs.com\/de\/wp-json\/wp\/v2\/media\/14101"}],"wp:attachment":[{"href":"https:\/\/danila-souvenirs.com\/de\/wp-json\/wp\/v2\/media?parent=13921"}],"wp:term":[{"taxonomy":"product_brand","embeddable":true,"href":"https:\/\/danila-souvenirs.com\/de\/wp-json\/wp\/v2\/product_brand?post=13921"},{"taxonomy":"product_cat","embeddable":true,"href":"https:\/\/danila-souvenirs.com\/de\/wp-json\/wp\/v2\/product_cat?post=13921"},{"taxonomy":"product_tag","embeddable":true,"href":"https:\/\/danila-souvenirs.com\/de\/wp-json\/wp\/v2\/product_tag?post=13921"}],"curies":[{"name":"wp","href":"https:\/\/api.w.org\/{rel}","templated":true}]}}