{"id":13919,"date":"2024-01-18T17:52:23","date_gmt":"2024-01-18T14:52:23","guid":{"rendered":"https:\/\/danila-souvenirs.com\/de\/product\/russian-writer-anton-chekhov-marble-bust-statue-sculpture-12-5-cm\/"},"modified":"2024-01-22T15:37:30","modified_gmt":"2024-01-22T12:37:30","slug":"russian-writer-anton-chekhov-marble-bust-statue-sculpture-12-5-cm","status":"publish","type":"product","link":"https:\/\/danila-souvenirs.com\/de\/product\/russian-writer-anton-chekhov-marble-bust-statue-sculpture-12-5-cm\/?lang=de","title":{"rendered":"Russischer Schriftsteller Anton Tschechow marmor B\u00fcste Statue Skulptur 12,5 cm"},"content":{"rendered":"<p>Material: k\u00fcnstlicher Stein.<\/p>\n<p>H\u00f6he: 12,5 cm.<\/p>\n<p>Gewicht: 290 Gramm.<\/p>\n<p>Farbe: wei\u00df.<\/p>\n<p>Anton Tschechow (29. Januar 1860 \u2013 15. Juli 1904) war ein russischer Dramatiker und Kurzgeschichtenautor, der als einer der gr\u00f6\u00dften Kurzgeschichtenautoren der Geschichte gilt. Seine Karriere als Dramatiker brachte vier Klassiker hervor und seine besten Kurzgeschichten genie\u00dfen bei Autoren und Kritikern hohes Ansehen. Zusammen mit Henrik Ibsen und August Strindberg wird Tschechow oft als eine der drei wegweisenden Figuren bei der Geburt der fr\u00fchen Theatermoderne bezeichnet.<\/p>\n","protected":false},"excerpt":{"rendered":"<p>Material: k\u00fcnstlicher Stein. H\u00f6he: 12,5 cm. Gewicht: 290 Gramm. Farbe: wei\u00df. Anton Tschechow (29. Januar 1860 \u2013 15. Juli 1904) war ein russischer Dramatiker und Kurzgeschichtenautor, der als einer der gr\u00f6\u00dften Kurzgeschichtenautoren der Geschichte gilt. Seine Karriere als Dramatiker brachte vier Klassiker hervor und seine besten Kurzgeschichten genie\u00dfen bei Autoren und Kritikern hohes Ansehen. Zusammen [&hellip;]<\/p>\n","protected":false},"featured_media":14099,"comment_status":"open","ping_status":"closed","template":"","meta":{"_et_pb_use_builder":"","_et_pb_old_content":"","_et_gb_content_width":""},"product_brand":[],"product_cat":[168,167],"product_tag":[],"class_list":{"0":"post-13919","1":"product","2":"type-product","3":"status-publish","4":"has-post-thumbnail","6":"product_cat-russian-de","7":"product_cat-statues-de","9":"first","10":"instock","11":"shipping-taxable","12":"purchasable","13":"product-type-simple"},"_links":{"self":[{"href":"https:\/\/danila-souvenirs.com\/de\/wp-json\/wp\/v2\/product\/13919","targetHints":{"allow":["GET"]}}],"collection":[{"href":"https:\/\/danila-souvenirs.com\/de\/wp-json\/wp\/v2\/product"}],"about":[{"href":"https:\/\/danila-souvenirs.com\/de\/wp-json\/wp\/v2\/types\/product"}],"replies":[{"embeddable":true,"href":"https:\/\/danila-souvenirs.com\/de\/wp-json\/wp\/v2\/comments?post=13919"}],"wp:featuredmedia":[{"embeddable":true,"href":"https:\/\/danila-souvenirs.com\/de\/wp-json\/wp\/v2\/media\/14099"}],"wp:attachment":[{"href":"https:\/\/danila-souvenirs.com\/de\/wp-json\/wp\/v2\/media?parent=13919"}],"wp:term":[{"taxonomy":"product_brand","embeddable":true,"href":"https:\/\/danila-souvenirs.com\/de\/wp-json\/wp\/v2\/product_brand?post=13919"},{"taxonomy":"product_cat","embeddable":true,"href":"https:\/\/danila-souvenirs.com\/de\/wp-json\/wp\/v2\/product_cat?post=13919"},{"taxonomy":"product_tag","embeddable":true,"href":"https:\/\/danila-souvenirs.com\/de\/wp-json\/wp\/v2\/product_tag?post=13919"}],"curies":[{"name":"wp","href":"https:\/\/api.w.org\/{rel}","templated":true}]}}