{"id":13805,"date":"2023-08-29T17:27:43","date_gmt":"2023-08-29T14:27:43","guid":{"rendered":"https:\/\/danila-souvenirs.com\/de\/product\/glamorous-style-music-easter-egg-trinket-jewel-box-with-basket-of-flowers-17-cm-pink\/"},"modified":"2023-08-29T17:43:45","modified_gmt":"2023-08-29T14:43:45","slug":"glamorous-style-music-easter-egg-trinket-jewel-box-with-basket-of-flowers-17-cm-pink","status":"publish","type":"product","link":"https:\/\/danila-souvenirs.com\/de\/product\/glamorous-style-music-easter-egg-trinket-jewel-box-with-basket-of-flowers-17-cm-pink\/?lang=es","title":{"rendered":"Huevo de Pascua de estilo glamuroso \/ caja de m\u00fasica \/ caja de joya con cesta de flores 17 cm rosa"},"content":{"rendered":"<div>Material: Aleaci\u00f3n de metales no ferrosos, esmalte, cristales.<\/div>\n<div><\/div>\n<div>Altura: 17 cm.<\/div>\n<div><\/div>\n<div>Peso: 885 g.<\/div>\n<div><\/div>\n<div>Color: rosa.<\/div>\n<div><\/div>\n<div>Dentro del huevo puedes encontrar la canasta peque\u00f1a de flores. Esta figura se puede usar como una peque\u00f1a caja de joya. Este huevo es una caja de m\u00fasica.<\/div>\n","protected":false},"excerpt":{"rendered":"<p>Material: Aleaci\u00f3n de metales no ferrosos, esmalte, cristales. Altura: 17 cm. Peso: 885 g. Color: rosa. Dentro del huevo puedes encontrar la canasta peque\u00f1a de flores. Esta figura se puede usar como una peque\u00f1a caja de joya. Este huevo es una caja de m\u00fasica.<\/p>\n","protected":false},"featured_media":13791,"comment_status":"open","ping_status":"closed","template":"","meta":{"_et_pb_use_builder":"","_et_pb_old_content":"","_et_gb_content_width":""},"product_brand":[],"product_cat":[243,239,237,241,220],"product_tag":[],"class_list":{"0":"post-13805","1":"product","2":"type-product","3":"status-publish","4":"has-post-thumbnail","6":"product_cat-trinket-boxes-es","7":"product_cat-music-boxes-es","8":"product_cat-clock-eggs-es","9":"product_cat-eggs-with-surprise-es","10":"product_cat-huevos-de-pascua","12":"first","13":"instock","14":"shipping-taxable","15":"purchasable","16":"product-type-simple"},"_links":{"self":[{"href":"https:\/\/danila-souvenirs.com\/de\/wp-json\/wp\/v2\/product\/13805","targetHints":{"allow":["GET"]}}],"collection":[{"href":"https:\/\/danila-souvenirs.com\/de\/wp-json\/wp\/v2\/product"}],"about":[{"href":"https:\/\/danila-souvenirs.com\/de\/wp-json\/wp\/v2\/types\/product"}],"replies":[{"embeddable":true,"href":"https:\/\/danila-souvenirs.com\/de\/wp-json\/wp\/v2\/comments?post=13805"}],"wp:featuredmedia":[{"embeddable":true,"href":"https:\/\/danila-souvenirs.com\/de\/wp-json\/wp\/v2\/media\/13791"}],"wp:attachment":[{"href":"https:\/\/danila-souvenirs.com\/de\/wp-json\/wp\/v2\/media?parent=13805"}],"wp:term":[{"taxonomy":"product_brand","embeddable":true,"href":"https:\/\/danila-souvenirs.com\/de\/wp-json\/wp\/v2\/product_brand?post=13805"},{"taxonomy":"product_cat","embeddable":true,"href":"https:\/\/danila-souvenirs.com\/de\/wp-json\/wp\/v2\/product_cat?post=13805"},{"taxonomy":"product_tag","embeddable":true,"href":"https:\/\/danila-souvenirs.com\/de\/wp-json\/wp\/v2\/product_tag?post=13805"}],"curies":[{"name":"wp","href":"https:\/\/api.w.org\/{rel}","templated":true}]}}