{"id":13771,"date":"2023-08-29T17:03:32","date_gmt":"2023-08-29T14:03:32","guid":{"rendered":"https:\/\/danila-souvenirs.com\/de\/product\/glamorous-style-easter-egg-music-box-spring-flowers-with-basket-of-flowers-16-5-cm-pink\/"},"modified":"2023-08-29T17:22:40","modified_gmt":"2023-08-29T14:22:40","slug":"glamorous-style-easter-egg-music-box-spring-flowers-with-basket-of-flowers-16-5-cm-pink","status":"publish","type":"product","link":"https:\/\/danila-souvenirs.com\/de\/product\/glamorous-style-easter-egg-music-box-spring-flowers-with-basket-of-flowers-16-5-cm-pink\/?lang=it","title":{"rendered":"Uovo di Pasqua in stile glamour \/ scatola musicale Fiori di primavera con cesto di fiori 16,5 cm rosa"},"content":{"rendered":"<div>Materiale: lega di metalli non ferrosi, smalto, cristalli.<\/div>\n<div><\/div>\n<div>Altezza: 16,5 cm.<\/div>\n<div><\/div>\n<div>Peso: 860 g.<\/div>\n<div><\/div>\n<div>Colore: rosa.<\/div>\n<div><\/div>\n<div>Questo uovo \u00e8 una replica del famoso uovo Faberg\u00e9 di fiori primaverili. L&#8217;uovo di fiori di primavera, a volte indicato come uovo di fiori di primavera imperiale, \u00e8 stato considerato una delle uova di Pasqua imperiali attribuita a Peter Carl Faberg\u00e9. Se fosse un autentico uovo imperiale, l&#8217;uovo di fiori di primavera sarebbe stato il primo della serie di &#8220;uova di fiori&#8221; e sarebbe stato creato tra il 1885 e il 1890. All&#8217;interno dell&#8217;uovo puoi trovare un piccolo cesto di fiori. Questo piccolo cestino pu\u00f2 essere usato come una scatola di gioielli. Questo uovo \u00e8 un carillon.<\/div>\n","protected":false},"excerpt":{"rendered":"<p>Materiale: lega di metalli non ferrosi, smalto, cristalli. Altezza: 16,5 cm. Peso: 860 g. Colore: rosa. Questo uovo \u00e8 una replica del famoso uovo Faberg\u00e9 di fiori primaverili. L&#8217;uovo di fiori di primavera, a volte indicato come uovo di fiori di primavera imperiale, \u00e8 stato considerato una delle uova di Pasqua imperiali attribuita a Peter [&hellip;]<\/p>\n","protected":false},"featured_media":13757,"comment_status":"open","ping_status":"closed","template":"","meta":{"_et_pb_use_builder":"","_et_pb_old_content":"","_et_gb_content_width":""},"product_brand":[],"product_cat":[191,187,188,186,223],"product_tag":[],"class_list":{"0":"post-13771","1":"product","2":"type-product","3":"status-publish","4":"has-post-thumbnail","6":"product_cat-music-boxes-it","7":"product_cat-trinket-boxes-it","8":"product_cat-eggs-with-surprise-it","9":"product_cat-uova-di-pasqua","10":"product_cat-clock-eggs-it","12":"first","13":"instock","14":"shipping-taxable","15":"purchasable","16":"product-type-simple"},"_links":{"self":[{"href":"https:\/\/danila-souvenirs.com\/de\/wp-json\/wp\/v2\/product\/13771","targetHints":{"allow":["GET"]}}],"collection":[{"href":"https:\/\/danila-souvenirs.com\/de\/wp-json\/wp\/v2\/product"}],"about":[{"href":"https:\/\/danila-souvenirs.com\/de\/wp-json\/wp\/v2\/types\/product"}],"replies":[{"embeddable":true,"href":"https:\/\/danila-souvenirs.com\/de\/wp-json\/wp\/v2\/comments?post=13771"}],"wp:featuredmedia":[{"embeddable":true,"href":"https:\/\/danila-souvenirs.com\/de\/wp-json\/wp\/v2\/media\/13757"}],"wp:attachment":[{"href":"https:\/\/danila-souvenirs.com\/de\/wp-json\/wp\/v2\/media?parent=13771"}],"wp:term":[{"taxonomy":"product_brand","embeddable":true,"href":"https:\/\/danila-souvenirs.com\/de\/wp-json\/wp\/v2\/product_brand?post=13771"},{"taxonomy":"product_cat","embeddable":true,"href":"https:\/\/danila-souvenirs.com\/de\/wp-json\/wp\/v2\/product_cat?post=13771"},{"taxonomy":"product_tag","embeddable":true,"href":"https:\/\/danila-souvenirs.com\/de\/wp-json\/wp\/v2\/product_tag?post=13771"}],"curies":[{"name":"wp","href":"https:\/\/api.w.org\/{rel}","templated":true}]}}