{"id":13734,"date":"2023-08-29T16:46:59","date_gmt":"2023-08-29T13:46:59","guid":{"rendered":"https:\/\/danila-souvenirs.com\/de\/product\/glamorous-style-easter-egg-trinket-jewel-box-with-lions-emperors-crown-75-cm-yellow\/"},"modified":"2023-08-29T16:55:08","modified_gmt":"2023-08-29T13:55:08","slug":"glamorous-style-easter-egg-trinket-jewel-box-with-lions-emperors-crown-75-cm-yellow","status":"publish","type":"product","link":"https:\/\/danila-souvenirs.com\/de\/product\/glamorous-style-easter-egg-trinket-jewel-box-with-lions-emperors-crown-75-cm-yellow\/?lang=fr","title":{"rendered":"Oeuf de P\u00e2ques de style glamour \/ bo\u00eete \u00e0 bijoux avec des lions et couronne 7,5 cm, jaune"},"content":{"rendered":"<div>Mat\u00e9riel: Alliage de m\u00e9taux non ferreux, \u00e9mail, cristaux.<\/div>\n<div><\/div>\n<div>Hauteur: 7,5 cm.<\/div>\n<div><\/div>\n<div>Poids: 90 g.<\/div>\n<div><\/div>\n<div>Couleur: jaune.<\/div>\n<div><\/div>\n<div>L&#8217;oeuf peut \u00eatre utilis\u00e9 comme une bo\u00eete \u00e0 bijoux.<\/div>\n","protected":false},"excerpt":{"rendered":"<p>Mat\u00e9riel: Alliage de m\u00e9taux non ferreux, \u00e9mail, cristaux. Hauteur: 7,5 cm. Poids: 90 g. Couleur: jaune. L&#8217;oeuf peut \u00eatre utilis\u00e9 comme une bo\u00eete \u00e0 bijoux.<\/p>\n","protected":false},"featured_media":13730,"comment_status":"open","ping_status":"closed","template":"","meta":{"_et_pb_use_builder":"","_et_pb_old_content":"","_et_gb_content_width":""},"product_brand":[],"product_cat":[174,173],"product_tag":[],"class_list":{"0":"post-13734","1":"product","2":"type-product","3":"status-publish","4":"has-post-thumbnail","6":"product_cat-trinket-boxes-fr","7":"product_cat-oeufs-de-paques","9":"first","10":"instock","11":"shipping-taxable","12":"purchasable","13":"product-type-simple"},"_links":{"self":[{"href":"https:\/\/danila-souvenirs.com\/de\/wp-json\/wp\/v2\/product\/13734","targetHints":{"allow":["GET"]}}],"collection":[{"href":"https:\/\/danila-souvenirs.com\/de\/wp-json\/wp\/v2\/product"}],"about":[{"href":"https:\/\/danila-souvenirs.com\/de\/wp-json\/wp\/v2\/types\/product"}],"replies":[{"embeddable":true,"href":"https:\/\/danila-souvenirs.com\/de\/wp-json\/wp\/v2\/comments?post=13734"}],"wp:featuredmedia":[{"embeddable":true,"href":"https:\/\/danila-souvenirs.com\/de\/wp-json\/wp\/v2\/media\/13730"}],"wp:attachment":[{"href":"https:\/\/danila-souvenirs.com\/de\/wp-json\/wp\/v2\/media?parent=13734"}],"wp:term":[{"taxonomy":"product_brand","embeddable":true,"href":"https:\/\/danila-souvenirs.com\/de\/wp-json\/wp\/v2\/product_brand?post=13734"},{"taxonomy":"product_cat","embeddable":true,"href":"https:\/\/danila-souvenirs.com\/de\/wp-json\/wp\/v2\/product_cat?post=13734"},{"taxonomy":"product_tag","embeddable":true,"href":"https:\/\/danila-souvenirs.com\/de\/wp-json\/wp\/v2\/product_tag?post=13734"}],"curies":[{"name":"wp","href":"https:\/\/api.w.org\/{rel}","templated":true}]}}