{"id":13710,"date":"2023-08-29T15:13:47","date_gmt":"2023-08-29T12:13:47","guid":{"rendered":"https:\/\/danila-souvenirs.com\/de\/product\/glamorous-style-easter-egg-spring-flowers-with-basket-of-flowers-8-5-cm-green\/"},"modified":"2023-08-29T15:31:15","modified_gmt":"2023-08-29T12:31:15","slug":"glamorous-style-easter-egg-spring-flowers-with-basket-of-flowers-8-5-cm-green","status":"publish","type":"product","link":"https:\/\/danila-souvenirs.com\/de\/product\/glamorous-style-easter-egg-spring-flowers-with-basket-of-flowers-8-5-cm-green\/?lang=es","title":{"rendered":"Huevo de Pascua de estilo glamuroso Flores de Primavera con cesta de flores 8,5 cm verde"},"content":{"rendered":"<div>Material: aleaci\u00f3n de metales no ferrosos, esmalte, cristales.<\/div>\n<div><\/div>\n<div>Altura: 8,5 cm.<\/div>\n<div><\/div>\n<div>Peso: 150 g.<\/div>\n<div><\/div>\n<div>Color: verde.<\/div>\n<div><\/div>\n<div>Este huevo es una r\u00e9plica del famoso huevo Faberg\u00e9 de Flores de Primavera. El huevo de Flores de Primavera, a veces denominado huevo de Flores de Primavera Imperial, ha sido considerado uno de los huevos imperiales de Pascua atribuidos a Peter Carl Faberg\u00e9. Si se trata de un huevo imperial aut\u00e9ntico, el huevo de Flores de Primavera habr\u00eda sido el primero de la serie de &#8220;Huevos de Flores&#8221; y se habr\u00eda creado entre 1885 y 1890. Dentro del huevo puedes encontrar una peque\u00f1a cesta de flores.<\/div>\n","protected":false},"excerpt":{"rendered":"<p>Material: aleaci\u00f3n de metales no ferrosos, esmalte, cristales. Altura: 8,5 cm. Peso: 150 g. Color: verde. Este huevo es una r\u00e9plica del famoso huevo Faberg\u00e9 de Flores de Primavera. El huevo de Flores de Primavera, a veces denominado huevo de Flores de Primavera Imperial, ha sido considerado uno de los huevos imperiales de Pascua atribuidos [&hellip;]<\/p>\n","protected":false},"featured_media":13696,"comment_status":"open","ping_status":"closed","template":"","meta":{"_et_pb_use_builder":"","_et_pb_old_content":"","_et_gb_content_width":""},"product_brand":[],"product_cat":[237,241,220],"product_tag":[],"class_list":{"0":"post-13710","1":"product","2":"type-product","3":"status-publish","4":"has-post-thumbnail","6":"product_cat-clock-eggs-es","7":"product_cat-eggs-with-surprise-es","8":"product_cat-huevos-de-pascua","10":"first","11":"instock","12":"shipping-taxable","13":"purchasable","14":"product-type-simple"},"_links":{"self":[{"href":"https:\/\/danila-souvenirs.com\/de\/wp-json\/wp\/v2\/product\/13710","targetHints":{"allow":["GET"]}}],"collection":[{"href":"https:\/\/danila-souvenirs.com\/de\/wp-json\/wp\/v2\/product"}],"about":[{"href":"https:\/\/danila-souvenirs.com\/de\/wp-json\/wp\/v2\/types\/product"}],"replies":[{"embeddable":true,"href":"https:\/\/danila-souvenirs.com\/de\/wp-json\/wp\/v2\/comments?post=13710"}],"wp:featuredmedia":[{"embeddable":true,"href":"https:\/\/danila-souvenirs.com\/de\/wp-json\/wp\/v2\/media\/13696"}],"wp:attachment":[{"href":"https:\/\/danila-souvenirs.com\/de\/wp-json\/wp\/v2\/media?parent=13710"}],"wp:term":[{"taxonomy":"product_brand","embeddable":true,"href":"https:\/\/danila-souvenirs.com\/de\/wp-json\/wp\/v2\/product_brand?post=13710"},{"taxonomy":"product_cat","embeddable":true,"href":"https:\/\/danila-souvenirs.com\/de\/wp-json\/wp\/v2\/product_cat?post=13710"},{"taxonomy":"product_tag","embeddable":true,"href":"https:\/\/danila-souvenirs.com\/de\/wp-json\/wp\/v2\/product_tag?post=13710"}],"curies":[{"name":"wp","href":"https:\/\/api.w.org\/{rel}","templated":true}]}}