{"id":13159,"date":"2023-06-13T17:58:51","date_gmt":"2023-06-13T14:58:51","guid":{"rendered":"https:\/\/danila-souvenirs.com\/de\/product\/faberge-style-estonian-eggs-trinket-jewel-boxes-set-of-3\/"},"modified":"2023-08-07T23:40:59","modified_gmt":"2023-08-07T20:40:59","slug":"faberge-style-estonian-eggs-trinket-jewel-boxes-set-of-3","status":"publish","type":"product","link":"https:\/\/danila-souvenirs.com\/de\/product\/faberge-style-estonian-eggs-trinket-jewel-boxes-set-of-3\/?lang=es","title":{"rendered":"Huevos estonios de Pascua de estilo glamuroso \/ cajas de joyas, conjunto de 3"},"content":{"rendered":"<div>\n<div>Material: aleaci\u00f3n de metales no ferrosos, esmalte, cristales.<\/div>\n<div><\/div>\n<div>Altura: 14 cm.<\/div>\n<div><\/div>\n<div>Peso: 650-675 g.<\/div>\n<div><\/div>\n<div>Colores: azul, negro, blanco.<\/div>\n<\/div>\n<div><\/div>\n<div>\n<div>Los huevos est\u00e1n hechos con los colores de la bandera de Estonia y decorados con im\u00e1genes en relieve de los s\u00edmbolos del estado de Estonia: tres leones en un escudo dorado y dos ramas de roble doradas. El soporte tambi\u00e9n est\u00e1 hecho en forma de tres leones.<\/div>\n<div>Al crear esta colecci\u00f3n exclusiva, quer\u00edamos enfatizar la conexi\u00f3n de la dinast\u00eda Faberg\u00e9 con Estonia. El fundador de la famosa dinast\u00eda joyera, Gustav Faberg\u00e9, naci\u00f3 en P\u00e4rnu, Estonia. En 1842, abri\u00f3 la firma de joyer\u00eda House of Faberg\u00e9, que luego fue heredada por su hijo, Peter Carl Faberg\u00e9, famoso fabricante de huevos Faberg\u00e9. Bajo la gu\u00eda de su padre y otros maestros de la Casa Faberg\u00e9, Peter Carl Faberg\u00e9 estudi\u00f3 joyer\u00eda.<\/div>\n<div><\/div>\n<div>Los huevos se pueden utilizar como joyeros.<\/div>\n<\/div>\n","protected":false},"excerpt":{"rendered":"<p>Material: aleaci\u00f3n de metales no ferrosos, esmalte, cristales. Altura: 14 cm. Peso: 650-675 g. Colores: azul, negro, blanco. Los huevos est\u00e1n hechos con los colores de la bandera de Estonia y decorados con im\u00e1genes en relieve de los s\u00edmbolos del estado de Estonia: tres leones en un escudo dorado y dos ramas de roble doradas. [&hellip;]<\/p>\n","protected":false},"featured_media":13070,"comment_status":"open","ping_status":"closed","template":"","meta":{"_et_pb_use_builder":"on","_et_pb_old_content":"","_et_gb_content_width":""},"product_brand":[],"product_cat":[243,220],"product_tag":[],"class_list":{"0":"post-13159","1":"product","2":"type-product","3":"status-publish","4":"has-post-thumbnail","6":"product_cat-trinket-boxes-es","7":"product_cat-huevos-de-pascua","9":"first","10":"instock","11":"shipping-taxable","12":"purchasable","13":"product-type-simple"},"_links":{"self":[{"href":"https:\/\/danila-souvenirs.com\/de\/wp-json\/wp\/v2\/product\/13159","targetHints":{"allow":["GET"]}}],"collection":[{"href":"https:\/\/danila-souvenirs.com\/de\/wp-json\/wp\/v2\/product"}],"about":[{"href":"https:\/\/danila-souvenirs.com\/de\/wp-json\/wp\/v2\/types\/product"}],"replies":[{"embeddable":true,"href":"https:\/\/danila-souvenirs.com\/de\/wp-json\/wp\/v2\/comments?post=13159"}],"wp:featuredmedia":[{"embeddable":true,"href":"https:\/\/danila-souvenirs.com\/de\/wp-json\/wp\/v2\/media\/13070"}],"wp:attachment":[{"href":"https:\/\/danila-souvenirs.com\/de\/wp-json\/wp\/v2\/media?parent=13159"}],"wp:term":[{"taxonomy":"product_brand","embeddable":true,"href":"https:\/\/danila-souvenirs.com\/de\/wp-json\/wp\/v2\/product_brand?post=13159"},{"taxonomy":"product_cat","embeddable":true,"href":"https:\/\/danila-souvenirs.com\/de\/wp-json\/wp\/v2\/product_cat?post=13159"},{"taxonomy":"product_tag","embeddable":true,"href":"https:\/\/danila-souvenirs.com\/de\/wp-json\/wp\/v2\/product_tag?post=13159"}],"curies":[{"name":"wp","href":"https:\/\/api.w.org\/{rel}","templated":true}]}}