{"id":13158,"date":"2023-06-13T17:58:51","date_gmt":"2023-06-13T14:58:51","guid":{"rendered":"https:\/\/danila-souvenirs.com\/de\/product\/faberge-style-estonian-eggs-trinket-jewel-boxes-set-of-3\/"},"modified":"2023-08-05T15:56:54","modified_gmt":"2023-08-05T12:56:54","slug":"faberge-style-estonian-eggs-trinket-jewel-boxes-set-of-3","status":"publish","type":"product","link":"https:\/\/danila-souvenirs.com\/de\/product\/faberge-style-estonian-eggs-trinket-jewel-boxes-set-of-3\/?lang=it","title":{"rendered":"Uova estoni di Pasqua in stile glamour \/ scatole di gioielli, insieme di 3"},"content":{"rendered":"<div>\n<div>Materiale: lega di metalli non ferrosi, smalto, cristalli.<\/div>\n<div><\/div>\n<div>Altezza: 14 cm.<\/div>\n<div><\/div>\n<div>Peso: 650-675 g.<\/div>\n<div><\/div>\n<div>Colori: blu, nero, bianco.<\/div>\n<\/div>\n<div><\/div>\n<div>\n<div>Le uova sono realizzate con i colori della bandiera estone e decorate con immagini in rilievo dei simboli dello stato estone: tre leoni su uno scudo d&#8217;oro e due rami di quercia d&#8217;oro. Anche il supporto \u00e8 realizzato sotto forma di tre leoni.<\/div>\n<div>Creando questa collezione esclusiva, abbiamo voluto sottolineare il legame della dinastia Faberg\u00e9 con l&#8217;Estonia. Il fondatore della famosa dinastia di gioiellieri, Gustav Faberg\u00e9, nacque a P\u00e4rnu, in Estonia. Nel 1842 apr\u00ec la gioielleria House of Faberg\u00e9, che fu successivamente ereditata da suo figlio, Peter Carl Faberg\u00e9, famoso produttore di uova Faberg\u00e9. Sotto la guida di suo padre e di altri maestri della Casa Faberg\u00e9, Peter Carl Faberg\u00e9 ha studiato gioielleria.<\/div>\n<div><\/div>\n<div>Le uova possono essere utilizzate come portagioie.<\/div>\n<\/div>\n","protected":false},"excerpt":{"rendered":"<p>Materiale: lega di metalli non ferrosi, smalto, cristalli. Altezza: 14 cm. Peso: 650-675 g. Colori: blu, nero, bianco. Le uova sono realizzate con i colori della bandiera estone e decorate con immagini in rilievo dei simboli dello stato estone: tre leoni su uno scudo d&#8217;oro e due rami di quercia d&#8217;oro. Anche il supporto \u00e8 [&hellip;]<\/p>\n","protected":false},"featured_media":13069,"comment_status":"open","ping_status":"closed","template":"","meta":{"_et_pb_use_builder":"on","_et_pb_old_content":"","_et_gb_content_width":""},"product_brand":[],"product_cat":[187,186],"product_tag":[],"class_list":{"0":"post-13158","1":"product","2":"type-product","3":"status-publish","4":"has-post-thumbnail","6":"product_cat-trinket-boxes-it","7":"product_cat-uova-di-pasqua","9":"first","10":"instock","11":"shipping-taxable","12":"purchasable","13":"product-type-simple"},"_links":{"self":[{"href":"https:\/\/danila-souvenirs.com\/de\/wp-json\/wp\/v2\/product\/13158","targetHints":{"allow":["GET"]}}],"collection":[{"href":"https:\/\/danila-souvenirs.com\/de\/wp-json\/wp\/v2\/product"}],"about":[{"href":"https:\/\/danila-souvenirs.com\/de\/wp-json\/wp\/v2\/types\/product"}],"replies":[{"embeddable":true,"href":"https:\/\/danila-souvenirs.com\/de\/wp-json\/wp\/v2\/comments?post=13158"}],"wp:featuredmedia":[{"embeddable":true,"href":"https:\/\/danila-souvenirs.com\/de\/wp-json\/wp\/v2\/media\/13069"}],"wp:attachment":[{"href":"https:\/\/danila-souvenirs.com\/de\/wp-json\/wp\/v2\/media?parent=13158"}],"wp:term":[{"taxonomy":"product_brand","embeddable":true,"href":"https:\/\/danila-souvenirs.com\/de\/wp-json\/wp\/v2\/product_brand?post=13158"},{"taxonomy":"product_cat","embeddable":true,"href":"https:\/\/danila-souvenirs.com\/de\/wp-json\/wp\/v2\/product_cat?post=13158"},{"taxonomy":"product_tag","embeddable":true,"href":"https:\/\/danila-souvenirs.com\/de\/wp-json\/wp\/v2\/product_tag?post=13158"}],"curies":[{"name":"wp","href":"https:\/\/api.w.org\/{rel}","templated":true}]}}