{"id":13157,"date":"2023-06-13T17:58:51","date_gmt":"2023-06-13T14:58:51","guid":{"rendered":"https:\/\/danila-souvenirs.com\/de\/product\/faberge-style-estonian-eggs-trinket-jewel-boxes-set-of-3\/"},"modified":"2023-08-03T15:39:06","modified_gmt":"2023-08-03T12:39:06","slug":"faberge-style-estonian-eggs-trinket-jewel-boxes-set-of-3","status":"publish","type":"product","link":"https:\/\/danila-souvenirs.com\/de\/product\/faberge-style-estonian-eggs-trinket-jewel-boxes-set-of-3\/?lang=de","title":{"rendered":"Ostereier im glamour\u00f6sen Stil Estnische \/ Schmuckschatullen, 3er-Set"},"content":{"rendered":"<div>\n<div>Material: Legierung von Nichteisenmetallen, Email, Kristallen.<\/div>\n<div><\/div>\n<div>H\u00f6he: 14 cm.<\/div>\n<div><\/div>\n<div>Gewicht: 650-675 g.<\/div>\n<div><\/div>\n<div>Farben: blau, schwarz, wei\u00df.<\/div>\n<\/div>\n<div><\/div>\n<div>\n<div>Die Eier sind in den Farben der estnischen Flagge gehalten und mit Reliefbildern estnischer Staatssymbole verziert: drei L\u00f6wen auf einem goldenen Schild und zwei goldene Eichenzweige. Der St\u00e4nder ist ebenfalls in Form von drei L\u00f6wen gefertigt.<\/div>\n<div>Mit der Schaffung dieser exklusiven Kollektion wollten wir die Verbindung der Faberg\u00e9-Dynastie mit Estland hervorheben. Der Gr\u00fcnder der ber\u00fchmten Schmuckdynastie, Gustav Faberg\u00e9, wurde in P\u00e4rnu, Estland, geboren. Im Jahr 1842 er\u00f6ffnete er die Schmuckfirma House of Faberg\u00e9, die sp\u00e4ter von seinem Sohn Peter Carl Faberg\u00e9, dem ber\u00fchmten Hersteller von Faberg\u00e9-Eiern, geerbt wurde. Unter der Anleitung seines Vaters und anderer Meister des Hauses Faberg\u00e9 studierte Peter Carl Faberg\u00e9 Schmuck.<\/div>\n<div><\/div>\n<div>Die Eier k\u00f6nnen als Schmuckk\u00e4stchen verwendet werden.<\/div>\n<\/div>\n","protected":false},"excerpt":{"rendered":"<p>Material: Legierung von Nichteisenmetallen, Email, Kristallen. H\u00f6he: 14 cm. Gewicht: 650-675 g. Farben: blau, schwarz, wei\u00df. Die Eier sind in den Farben der estnischen Flagge gehalten und mit Reliefbildern estnischer Staatssymbole verziert: drei L\u00f6wen auf einem goldenen Schild und zwei goldene Eichenzweige. Der St\u00e4nder ist ebenfalls in Form von drei L\u00f6wen gefertigt. Mit der Schaffung [&hellip;]<\/p>\n","protected":false},"featured_media":13068,"comment_status":"open","ping_status":"closed","template":"","meta":{"_et_pb_use_builder":"on","_et_pb_old_content":"","_et_gb_content_width":""},"product_brand":[],"product_cat":[160,162],"product_tag":[],"class_list":{"0":"post-13157","1":"product","2":"type-product","3":"status-publish","4":"has-post-thumbnail","6":"product_cat-ostereier","7":"product_cat-trinket-boxes-de","9":"first","10":"instock","11":"shipping-taxable","12":"purchasable","13":"product-type-simple"},"_links":{"self":[{"href":"https:\/\/danila-souvenirs.com\/de\/wp-json\/wp\/v2\/product\/13157","targetHints":{"allow":["GET"]}}],"collection":[{"href":"https:\/\/danila-souvenirs.com\/de\/wp-json\/wp\/v2\/product"}],"about":[{"href":"https:\/\/danila-souvenirs.com\/de\/wp-json\/wp\/v2\/types\/product"}],"replies":[{"embeddable":true,"href":"https:\/\/danila-souvenirs.com\/de\/wp-json\/wp\/v2\/comments?post=13157"}],"wp:featuredmedia":[{"embeddable":true,"href":"https:\/\/danila-souvenirs.com\/de\/wp-json\/wp\/v2\/media\/13068"}],"wp:attachment":[{"href":"https:\/\/danila-souvenirs.com\/de\/wp-json\/wp\/v2\/media?parent=13157"}],"wp:term":[{"taxonomy":"product_brand","embeddable":true,"href":"https:\/\/danila-souvenirs.com\/de\/wp-json\/wp\/v2\/product_brand?post=13157"},{"taxonomy":"product_cat","embeddable":true,"href":"https:\/\/danila-souvenirs.com\/de\/wp-json\/wp\/v2\/product_cat?post=13157"},{"taxonomy":"product_tag","embeddable":true,"href":"https:\/\/danila-souvenirs.com\/de\/wp-json\/wp\/v2\/product_tag?post=13157"}],"curies":[{"name":"wp","href":"https:\/\/api.w.org\/{rel}","templated":true}]}}