{"id":13156,"date":"2023-06-13T17:58:51","date_gmt":"2023-06-13T14:58:51","guid":{"rendered":"https:\/\/danila-souvenirs.com\/de\/product\/faberge-style-estonian-eggs-trinket-jewel-boxes-set-of-3\/"},"modified":"2023-08-03T15:01:33","modified_gmt":"2023-08-03T12:01:33","slug":"faberge-style-estonian-eggs-trinket-jewel-boxes-set-of-3","status":"publish","type":"product","link":"https:\/\/danila-souvenirs.com\/de\/product\/faberge-style-estonian-eggs-trinket-jewel-boxes-set-of-3\/?lang=fr","title":{"rendered":"Oeufs de P\u00e2ques de style glamour estoniens \/ bo\u00eetes \u00e0 bijoux, ensemble de 3"},"content":{"rendered":"<div>\n<div>Mat\u00e9riel: Alliage de m\u00e9taux non ferreux, \u00e9mail, cristaux.<\/div>\n<div><\/div>\n<div>Hauteur: 14 cm.<\/div>\n<div><\/div>\n<div>Poids: 650-675 g.<\/div>\n<div><\/div>\n<div>Couleurs: bleu, noir, blanc.<\/div>\n<\/div>\n<div><\/div>\n<div>\n<div>Les \u0153ufs sont fabriqu\u00e9s aux couleurs du drapeau estonien et d\u00e9cor\u00e9s d&#8217;images en relief des symboles de l&#8217;\u00c9tat estonien : trois lions sur un bouclier dor\u00e9 et deux branches de ch\u00eane dor\u00e9es. Le support est \u00e9galement r\u00e9alis\u00e9 sous la forme de trois lions.<\/div>\n<div>En cr\u00e9ant cette collection exclusive, nous avons voulu souligner le lien de la dynastie Faberg\u00e9 avec l&#8217;Estonie. Le fondateur de la c\u00e9l\u00e8bre dynastie des joailliers, Gustav Faberg\u00e9, est n\u00e9 \u00e0 P\u00e4rnu, en Estonie. En 1842, il ouvre la maison de joaillerie House of Faberg\u00e9, dont h\u00e9ritera plus tard son fils, Peter Carl Faberg\u00e9, c\u00e9l\u00e8bre fabricant d&#8217;\u0153ufs Faberg\u00e9. Sous la direction de son p\u00e8re et d&#8217;autres ma\u00eetres de la maison Faberg\u00e9, Peter Carl Faberg\u00e9 a \u00e9tudi\u00e9 la joaillerie.<\/div>\n<div><\/div>\n<div>Les \u0153ufs peuvent \u00eatre utilis\u00e9s comme bo\u00eetes \u00e0 bijoux.<\/div>\n<\/div>\n","protected":false},"excerpt":{"rendered":"<p>Mat\u00e9riel: Alliage de m\u00e9taux non ferreux, \u00e9mail, cristaux. Hauteur: 14 cm. Poids: 650-675 g. Couleurs: bleu, noir, blanc. Les \u0153ufs sont fabriqu\u00e9s aux couleurs du drapeau estonien et d\u00e9cor\u00e9s d&#8217;images en relief des symboles de l&#8217;\u00c9tat estonien : trois lions sur un bouclier dor\u00e9 et deux branches de ch\u00eane dor\u00e9es. Le support est \u00e9galement r\u00e9alis\u00e9 [&hellip;]<\/p>\n","protected":false},"featured_media":13067,"comment_status":"open","ping_status":"closed","template":"","meta":{"_et_pb_use_builder":"on","_et_pb_old_content":"","_et_gb_content_width":""},"product_brand":[],"product_cat":[174,173],"product_tag":[],"class_list":{"0":"post-13156","1":"product","2":"type-product","3":"status-publish","4":"has-post-thumbnail","6":"product_cat-trinket-boxes-fr","7":"product_cat-oeufs-de-paques","9":"first","10":"instock","11":"shipping-taxable","12":"purchasable","13":"product-type-simple"},"_links":{"self":[{"href":"https:\/\/danila-souvenirs.com\/de\/wp-json\/wp\/v2\/product\/13156","targetHints":{"allow":["GET"]}}],"collection":[{"href":"https:\/\/danila-souvenirs.com\/de\/wp-json\/wp\/v2\/product"}],"about":[{"href":"https:\/\/danila-souvenirs.com\/de\/wp-json\/wp\/v2\/types\/product"}],"replies":[{"embeddable":true,"href":"https:\/\/danila-souvenirs.com\/de\/wp-json\/wp\/v2\/comments?post=13156"}],"wp:featuredmedia":[{"embeddable":true,"href":"https:\/\/danila-souvenirs.com\/de\/wp-json\/wp\/v2\/media\/13067"}],"wp:attachment":[{"href":"https:\/\/danila-souvenirs.com\/de\/wp-json\/wp\/v2\/media?parent=13156"}],"wp:term":[{"taxonomy":"product_brand","embeddable":true,"href":"https:\/\/danila-souvenirs.com\/de\/wp-json\/wp\/v2\/product_brand?post=13156"},{"taxonomy":"product_cat","embeddable":true,"href":"https:\/\/danila-souvenirs.com\/de\/wp-json\/wp\/v2\/product_cat?post=13156"},{"taxonomy":"product_tag","embeddable":true,"href":"https:\/\/danila-souvenirs.com\/de\/wp-json\/wp\/v2\/product_tag?post=13156"}],"curies":[{"name":"wp","href":"https:\/\/api.w.org\/{rel}","templated":true}]}}