{"id":12561,"date":"2023-03-26T17:12:31","date_gmt":"2023-03-26T14:12:31","guid":{"rendered":"https:\/\/danila-souvenirs.com\/de\/product\/ukrainian-president-volodymyr-zelensky-stone-bust-statue-sculpture-15-cm\/"},"modified":"2023-06-05T16:00:38","modified_gmt":"2023-06-05T13:00:38","slug":"ukrainian-president-volodymyr-zelensky-stone-bust-statue-sculpture-15-cm","status":"publish","type":"product","link":"https:\/\/danila-souvenirs.com\/de\/product\/ukrainian-president-volodymyr-zelensky-stone-bust-statue-sculpture-15-cm\/?lang=es","title":{"rendered":"Busto \/ Estatua de piedra del presidente ucraniano Volod\u00edmir Zelenski 15 cm"},"content":{"rendered":"<div>Material: piedra artificial.<\/div>\n<div><\/div>\n<div>Altura: 15 cm.<\/div>\n<div><\/div>\n<div>Peso: 635 g.<\/div>\n<div><\/div>\n<div>Color: negro.<\/div>\n<div><\/div>\n<div>El busto fue creado en cooperaci\u00f3n con escultores ucranianos de la <a href=\"https:\/\/omi.net.ua\/\">UNI\u00d3N DE MAESTROS DE ARTE DE UCRANIA<\/a>, Kiev, Ucrania.<\/div>\n<div><\/div>\n<div>Volod\u00edmir Zelenski (nacido el 25 de enero de 1978) es un pol\u00edtico ucraniano y excomediante y actor, el sexto y actual presidente de Ucrania desde 2019. Durante su campa\u00f1a presidencial, Zelensky prometi\u00f3 poner fin al prolongado conflicto de Ucrania con Rusia. Su administraci\u00f3n enfrent\u00f3 una escalada de tensiones con Rusia en 2021, que culmin\u00f3 con el lanzamiento de la invasi\u00f3n rusa a gran escala en febrero de 2022. El liderazgo de Zelensky durante la crisis le ha valido elogios internacionales generalizados, y se le llama un s\u00edmbolo de la resistencia ucraniana.<\/div>\n","protected":false},"excerpt":{"rendered":"<p>Material: piedra artificial. Altura: 15 cm. Peso: 635 g. Color: negro. El busto fue creado en cooperaci\u00f3n con escultores ucranianos de la UNI\u00d3N DE MAESTROS DE ARTE DE UCRANIA, Kiev, Ucrania. Volod\u00edmir Zelenski (nacido el 25 de enero de 1978) es un pol\u00edtico ucraniano y excomediante y actor, el sexto y actual presidente de Ucrania [&hellip;]<\/p>\n","protected":false},"featured_media":12272,"comment_status":"open","ping_status":"closed","template":"","meta":{"_et_pb_use_builder":"","_et_pb_old_content":"","_et_gb_content_width":""},"product_brand":[],"product_cat":[235,244],"product_tag":[],"class_list":{"0":"post-12561","1":"product","2":"type-product","3":"status-publish","4":"has-post-thumbnail","6":"product_cat-statues-es","7":"product_cat-european-es","8":"pa_color-black-es","10":"first","11":"instock","12":"shipping-taxable","13":"purchasable","14":"product-type-simple"},"_links":{"self":[{"href":"https:\/\/danila-souvenirs.com\/de\/wp-json\/wp\/v2\/product\/12561","targetHints":{"allow":["GET"]}}],"collection":[{"href":"https:\/\/danila-souvenirs.com\/de\/wp-json\/wp\/v2\/product"}],"about":[{"href":"https:\/\/danila-souvenirs.com\/de\/wp-json\/wp\/v2\/types\/product"}],"replies":[{"embeddable":true,"href":"https:\/\/danila-souvenirs.com\/de\/wp-json\/wp\/v2\/comments?post=12561"}],"wp:featuredmedia":[{"embeddable":true,"href":"https:\/\/danila-souvenirs.com\/de\/wp-json\/wp\/v2\/media\/12272"}],"wp:attachment":[{"href":"https:\/\/danila-souvenirs.com\/de\/wp-json\/wp\/v2\/media?parent=12561"}],"wp:term":[{"taxonomy":"product_brand","embeddable":true,"href":"https:\/\/danila-souvenirs.com\/de\/wp-json\/wp\/v2\/product_brand?post=12561"},{"taxonomy":"product_cat","embeddable":true,"href":"https:\/\/danila-souvenirs.com\/de\/wp-json\/wp\/v2\/product_cat?post=12561"},{"taxonomy":"product_tag","embeddable":true,"href":"https:\/\/danila-souvenirs.com\/de\/wp-json\/wp\/v2\/product_tag?post=12561"}],"curies":[{"name":"wp","href":"https:\/\/api.w.org\/{rel}","templated":true}]}}