{"id":12559,"date":"2023-03-26T17:12:31","date_gmt":"2023-03-26T14:12:31","guid":{"rendered":"https:\/\/danila-souvenirs.com\/de\/product\/ukrainian-president-volodymyr-zelensky-stone-bust-statue-sculpture-15-cm\/"},"modified":"2023-06-05T15:53:25","modified_gmt":"2023-06-05T12:53:25","slug":"ukrainian-president-volodymyr-zelensky-stone-bust-statue-sculpture-15-cm","status":"publish","type":"product","link":"https:\/\/danila-souvenirs.com\/de\/product\/ukrainian-president-volodymyr-zelensky-stone-bust-statue-sculpture-15-cm\/?lang=de","title":{"rendered":"Ukrainischer Pr\u00e4sident Wolodymyr Selenskyj stein B\u00fcste Statue Skulptur 15 cm"},"content":{"rendered":"<div>Material: k\u00fcnstlicher Stein.<\/div>\n<div><\/div>\n<div>H\u00f6he: 15 cm.<\/div>\n<div><\/div>\n<div>Gewicht: 635 Gramm.<\/div>\n<div><\/div>\n<div>Farbe: schwarz.<\/div>\n<div><\/div>\n<div>Die B\u00fcste entstand in Kooperation mit ukrainischen Bildhauern der <a href=\"https:\/\/omi.net.ua\/\">UNION DER KUNSTMEISTER DER UKRAINE<\/a>, Kiew, Ukraine.<\/div>\n<div><\/div>\n<div>Volodymyr Selenskyj (geboren am 25. Januar 1978) ist ein ukrainischer Politiker und ehemaliger Komiker und Schauspieler, der seit 2019 als sechster und aktueller Pr\u00e4sident der Ukraine fungiert. W\u00e4hrend seiner Pr\u00e4sidentschaftskampagne versprach Selenskyj, den langwierigen Konflikt der Ukraine mit Russland zu beenden. Seine Regierung war 2021 mit einer Eskalation der Spannungen mit Russland konfrontiert, die im Februar 2022 im Beginn der gro\u00df angelegten russischen Invasion gipfelte. Selenskyjs F\u00fchrung w\u00e4hrend der Krise hat ihm breites internationales Lob eingebracht, und er wurde als Symbol des Ukrainers beschrieben Widerstand.<\/div>\n","protected":false},"excerpt":{"rendered":"<p>Material: k\u00fcnstlicher Stein. H\u00f6he: 15 cm. Gewicht: 635 Gramm. Farbe: schwarz. Die B\u00fcste entstand in Kooperation mit ukrainischen Bildhauern der UNION DER KUNSTMEISTER DER UKRAINE, Kiew, Ukraine. Volodymyr Selenskyj (geboren am 25. Januar 1978) ist ein ukrainischer Politiker und ehemaliger Komiker und Schauspieler, der seit 2019 als sechster und aktueller Pr\u00e4sident der Ukraine fungiert. W\u00e4hrend [&hellip;]<\/p>\n","protected":false},"featured_media":12270,"comment_status":"open","ping_status":"closed","template":"","meta":{"_et_pb_use_builder":"","_et_pb_old_content":"","_et_gb_content_width":""},"product_brand":[],"product_cat":[170,167],"product_tag":[],"class_list":{"0":"post-12559","1":"product","2":"type-product","3":"status-publish","4":"has-post-thumbnail","6":"product_cat-european-de","7":"product_cat-statues-de","8":"pa_color-black-de","10":"first","11":"instock","12":"shipping-taxable","13":"purchasable","14":"product-type-simple"},"_links":{"self":[{"href":"https:\/\/danila-souvenirs.com\/de\/wp-json\/wp\/v2\/product\/12559","targetHints":{"allow":["GET"]}}],"collection":[{"href":"https:\/\/danila-souvenirs.com\/de\/wp-json\/wp\/v2\/product"}],"about":[{"href":"https:\/\/danila-souvenirs.com\/de\/wp-json\/wp\/v2\/types\/product"}],"replies":[{"embeddable":true,"href":"https:\/\/danila-souvenirs.com\/de\/wp-json\/wp\/v2\/comments?post=12559"}],"wp:featuredmedia":[{"embeddable":true,"href":"https:\/\/danila-souvenirs.com\/de\/wp-json\/wp\/v2\/media\/12270"}],"wp:attachment":[{"href":"https:\/\/danila-souvenirs.com\/de\/wp-json\/wp\/v2\/media?parent=12559"}],"wp:term":[{"taxonomy":"product_brand","embeddable":true,"href":"https:\/\/danila-souvenirs.com\/de\/wp-json\/wp\/v2\/product_brand?post=12559"},{"taxonomy":"product_cat","embeddable":true,"href":"https:\/\/danila-souvenirs.com\/de\/wp-json\/wp\/v2\/product_cat?post=12559"},{"taxonomy":"product_tag","embeddable":true,"href":"https:\/\/danila-souvenirs.com\/de\/wp-json\/wp\/v2\/product_tag?post=12559"}],"curies":[{"name":"wp","href":"https:\/\/api.w.org\/{rel}","templated":true}]}}