{"id":12553,"date":"2023-03-26T17:05:15","date_gmt":"2023-03-26T14:05:15","guid":{"rendered":"https:\/\/danila-souvenirs.com\/de\/product\/ukrainian-president-volodymyr-zelensky-marble-bust-statue-sculpture-15-cm\/"},"modified":"2023-06-05T15:50:58","modified_gmt":"2023-06-05T12:50:58","slug":"ukrainian-president-volodymyr-zelensky-marble-bust-statue-sculpture-15-cm","status":"publish","type":"product","link":"https:\/\/danila-souvenirs.com\/de\/product\/ukrainian-president-volodymyr-zelensky-marble-bust-statue-sculpture-15-cm\/?lang=fr","title":{"rendered":"buste \/ statue en marbre du pr\u00e9sident ukrainien Volodymyr Zelensky 15 cm"},"content":{"rendered":"<div>\n<div>Mat\u00e9riau\u202f: marbre artificiel.<\/div>\n<div><\/div>\n<div>Hauteur: 15 cm.<\/div>\n<div><\/div>\n<div>Poids: 620 g.<\/div>\n<div><\/div>\n<div>Couleur: blanc.<\/div>\n<div><\/div>\n<\/div>\n<div>Le buste a \u00e9t\u00e9 cr\u00e9\u00e9 en coop\u00e9ration avec des sculpteurs ukrainiens de <a href=\"https:\/\/omi.net.ua\/\">l&#8217;UNION DES MA\u00ceTRES D&#8217;ART D&#8217;UKRAINE<\/a>, Kiev, Ukraine.<\/div>\n<div>\n<div><\/div>\n<div>Volodymyr Zelensky (n\u00e9 le 25 janvier 1978) est un homme politique ukrainien, ancien com\u00e9dien et acteur, et le sixi\u00e8me et actuel pr\u00e9sident de l&#8217;Ukraine depuis 2019. Au cours de sa campagne pr\u00e9sidentielle, Zelensky a promis de mettre fin au long conflit ukrainien avec la Russie. Son administration a fait face \u00e0 une escalade des tensions avec la Russie en 2021, aboutissant au lancement d&#8217;une invasion russe \u00e0 grande \u00e9chelle en f\u00e9vrier 2022. Le leadership de Zelenskiy pendant la crise lui a valu des \u00e9loges internationaux et une reconnaissance en tant que symbole de la r\u00e9sistance ukrainienne.<\/div>\n<\/div>\n<div><\/div>\n<div><\/div>\n","protected":false},"excerpt":{"rendered":"<p>Mat\u00e9riau\u202f: marbre artificiel. Hauteur: 15 cm. Poids: 620 g. Couleur: blanc. Le buste a \u00e9t\u00e9 cr\u00e9\u00e9 en coop\u00e9ration avec des sculpteurs ukrainiens de l&#8217;UNION DES MA\u00ceTRES D&#8217;ART D&#8217;UKRAINE, Kiev, Ukraine. Volodymyr Zelensky (n\u00e9 le 25 janvier 1978) est un homme politique ukrainien, ancien com\u00e9dien et acteur, et le sixi\u00e8me et actuel pr\u00e9sident de l&#8217;Ukraine depuis [&hellip;]<\/p>\n","protected":false},"featured_media":12263,"comment_status":"open","ping_status":"closed","template":"","meta":{"_et_pb_use_builder":"off","_et_pb_old_content":"","_et_gb_content_width":""},"product_brand":[],"product_cat":[185,180],"product_tag":[],"class_list":{"0":"post-12553","1":"product","2":"type-product","3":"status-publish","4":"has-post-thumbnail","6":"product_cat-european-fr","7":"product_cat-statues-fr","8":"pa_color-white-fr","10":"first","11":"instock","12":"shipping-taxable","13":"purchasable","14":"product-type-simple"},"_links":{"self":[{"href":"https:\/\/danila-souvenirs.com\/de\/wp-json\/wp\/v2\/product\/12553","targetHints":{"allow":["GET"]}}],"collection":[{"href":"https:\/\/danila-souvenirs.com\/de\/wp-json\/wp\/v2\/product"}],"about":[{"href":"https:\/\/danila-souvenirs.com\/de\/wp-json\/wp\/v2\/types\/product"}],"replies":[{"embeddable":true,"href":"https:\/\/danila-souvenirs.com\/de\/wp-json\/wp\/v2\/comments?post=12553"}],"wp:featuredmedia":[{"embeddable":true,"href":"https:\/\/danila-souvenirs.com\/de\/wp-json\/wp\/v2\/media\/12263"}],"wp:attachment":[{"href":"https:\/\/danila-souvenirs.com\/de\/wp-json\/wp\/v2\/media?parent=12553"}],"wp:term":[{"taxonomy":"product_brand","embeddable":true,"href":"https:\/\/danila-souvenirs.com\/de\/wp-json\/wp\/v2\/product_brand?post=12553"},{"taxonomy":"product_cat","embeddable":true,"href":"https:\/\/danila-souvenirs.com\/de\/wp-json\/wp\/v2\/product_cat?post=12553"},{"taxonomy":"product_tag","embeddable":true,"href":"https:\/\/danila-souvenirs.com\/de\/wp-json\/wp\/v2\/product_tag?post=12553"}],"curies":[{"name":"wp","href":"https:\/\/api.w.org\/{rel}","templated":true}]}}