{"id":12552,"date":"2023-03-29T22:40:27","date_gmt":"2023-03-29T19:40:27","guid":{"rendered":"https:\/\/danila-souvenirs.com\/de\/product\/german-composer-ludwig-van-beethoven-marble-bust-statue-sculpture-175-cm\/"},"modified":"2023-03-30T22:08:50","modified_gmt":"2023-03-30T19:08:50","slug":"german-composer-ludwig-van-beethoven-marble-bust-statue-sculpture-175-cm","status":"publish","type":"product","link":"https:\/\/danila-souvenirs.com\/de\/product\/german-composer-ludwig-van-beethoven-marble-bust-statue-sculpture-175-cm\/?lang=es","title":{"rendered":"Busto \/ Estatua de m\u00e1rmol del compositor alem\u00e1n Ludwig van Beethoven 17,5 cm"},"content":{"rendered":"<div>Material: m\u00e1rmol artificial.<\/div>\n<div><\/div>\n<div>Altura: 17,5 cm.<\/div>\n<div><\/div>\n<div>Peso: 315 g.<\/div>\n<div><\/div>\n<div>Color: blanco.<\/div>\n<div><\/div>\n<div>Ludwig van Beethoven (17 de diciembre de 1770 &#8211; 26 de marzo de 1827) fue un compositor y pianista alem\u00e1n. Una figura crucial en la transici\u00f3n entre las eras cl\u00e1sica y rom\u00e1ntica en la m\u00fasica de arte occidental, sigue siendo uno de los compositores m\u00e1s famosos e influyentes.<\/div>\n","protected":false},"excerpt":{"rendered":"<p>Material: m\u00e1rmol artificial. Altura: 17,5 cm. Peso: 315 g. Color: blanco. Ludwig van Beethoven (17 de diciembre de 1770 &#8211; 26 de marzo de 1827) fue un compositor y pianista alem\u00e1n. Una figura crucial en la transici\u00f3n entre las eras cl\u00e1sica y rom\u00e1ntica en la m\u00fasica de arte occidental, sigue siendo uno de los compositores [&hellip;]<\/p>\n","protected":false},"featured_media":12446,"comment_status":"open","ping_status":"closed","template":"","meta":{"_et_pb_use_builder":"","_et_pb_old_content":"","_et_gb_content_width":""},"product_brand":[],"product_cat":[235,244],"product_tag":[],"class_list":{"0":"post-12552","1":"product","2":"type-product","3":"status-publish","4":"has-post-thumbnail","6":"product_cat-statues-es","7":"product_cat-european-es","8":"pa_color-white-es","10":"first","11":"instock","12":"shipping-taxable","13":"purchasable","14":"product-type-simple"},"_links":{"self":[{"href":"https:\/\/danila-souvenirs.com\/de\/wp-json\/wp\/v2\/product\/12552","targetHints":{"allow":["GET"]}}],"collection":[{"href":"https:\/\/danila-souvenirs.com\/de\/wp-json\/wp\/v2\/product"}],"about":[{"href":"https:\/\/danila-souvenirs.com\/de\/wp-json\/wp\/v2\/types\/product"}],"replies":[{"embeddable":true,"href":"https:\/\/danila-souvenirs.com\/de\/wp-json\/wp\/v2\/comments?post=12552"}],"wp:featuredmedia":[{"embeddable":true,"href":"https:\/\/danila-souvenirs.com\/de\/wp-json\/wp\/v2\/media\/12446"}],"wp:attachment":[{"href":"https:\/\/danila-souvenirs.com\/de\/wp-json\/wp\/v2\/media?parent=12552"}],"wp:term":[{"taxonomy":"product_brand","embeddable":true,"href":"https:\/\/danila-souvenirs.com\/de\/wp-json\/wp\/v2\/product_brand?post=12552"},{"taxonomy":"product_cat","embeddable":true,"href":"https:\/\/danila-souvenirs.com\/de\/wp-json\/wp\/v2\/product_cat?post=12552"},{"taxonomy":"product_tag","embeddable":true,"href":"https:\/\/danila-souvenirs.com\/de\/wp-json\/wp\/v2\/product_tag?post=12552"}],"curies":[{"name":"wp","href":"https:\/\/api.w.org\/{rel}","templated":true}]}}