{"id":12549,"date":"2023-03-29T22:40:27","date_gmt":"2023-03-29T19:40:27","guid":{"rendered":"https:\/\/danila-souvenirs.com\/de\/product\/german-composer-ludwig-van-beethoven-marble-bust-statue-sculpture-175-cm\/"},"modified":"2023-03-30T20:51:50","modified_gmt":"2023-03-30T17:51:50","slug":"german-composer-ludwig-van-beethoven-marble-bust-statue-sculpture-175-cm","status":"publish","type":"product","link":"https:\/\/danila-souvenirs.com\/de\/product\/german-composer-ludwig-van-beethoven-marble-bust-statue-sculpture-175-cm\/?lang=fr","title":{"rendered":"buste \/ statue en marbre du compositeur allemand Ludwig van Beethoven 17,5 cm"},"content":{"rendered":"<div>Mat\u00e9riau\u202f: marbre artificiel.<\/div>\n<div><\/div>\n<div>Hauteur: 17,5 cm.<\/div>\n<div><\/div>\n<div>Poids: 315 g.<\/div>\n<div><\/div>\n<div>Couleur: blanc.<\/div>\n<div><\/div>\n<div>Ludwig van Beethoven (17 d\u00e9cembre 1770 &#8211; 26 mars 1827) \u00e9tait un compositeur et pianiste allemand. Figure cruciale de la transition entre les \u00e9poques classique et romantique de la musique savante occidentale, il reste l&#8217;un des compositeurs les plus c\u00e9l\u00e8bres et les plus influents.<\/div>\n","protected":false},"excerpt":{"rendered":"<p>Mat\u00e9riau\u202f: marbre artificiel. Hauteur: 17,5 cm. Poids: 315 g. Couleur: blanc. Ludwig van Beethoven (17 d\u00e9cembre 1770 &#8211; 26 mars 1827) \u00e9tait un compositeur et pianiste allemand. Figure cruciale de la transition entre les \u00e9poques classique et romantique de la musique savante occidentale, il reste l&#8217;un des compositeurs les plus c\u00e9l\u00e8bres et les plus influents.<\/p>\n","protected":false},"featured_media":12443,"comment_status":"open","ping_status":"closed","template":"","meta":{"_et_pb_use_builder":"","_et_pb_old_content":"","_et_gb_content_width":""},"product_brand":[],"product_cat":[185,180],"product_tag":[],"class_list":{"0":"post-12549","1":"product","2":"type-product","3":"status-publish","4":"has-post-thumbnail","6":"product_cat-european-fr","7":"product_cat-statues-fr","8":"pa_color-white-fr","10":"first","11":"instock","12":"shipping-taxable","13":"purchasable","14":"product-type-simple"},"_links":{"self":[{"href":"https:\/\/danila-souvenirs.com\/de\/wp-json\/wp\/v2\/product\/12549","targetHints":{"allow":["GET"]}}],"collection":[{"href":"https:\/\/danila-souvenirs.com\/de\/wp-json\/wp\/v2\/product"}],"about":[{"href":"https:\/\/danila-souvenirs.com\/de\/wp-json\/wp\/v2\/types\/product"}],"replies":[{"embeddable":true,"href":"https:\/\/danila-souvenirs.com\/de\/wp-json\/wp\/v2\/comments?post=12549"}],"wp:featuredmedia":[{"embeddable":true,"href":"https:\/\/danila-souvenirs.com\/de\/wp-json\/wp\/v2\/media\/12443"}],"wp:attachment":[{"href":"https:\/\/danila-souvenirs.com\/de\/wp-json\/wp\/v2\/media?parent=12549"}],"wp:term":[{"taxonomy":"product_brand","embeddable":true,"href":"https:\/\/danila-souvenirs.com\/de\/wp-json\/wp\/v2\/product_brand?post=12549"},{"taxonomy":"product_cat","embeddable":true,"href":"https:\/\/danila-souvenirs.com\/de\/wp-json\/wp\/v2\/product_cat?post=12549"},{"taxonomy":"product_tag","embeddable":true,"href":"https:\/\/danila-souvenirs.com\/de\/wp-json\/wp\/v2\/product_tag?post=12549"}],"curies":[{"name":"wp","href":"https:\/\/api.w.org\/{rel}","templated":true}]}}