{"id":12548,"date":"2023-03-29T22:43:33","date_gmt":"2023-03-29T19:43:33","guid":{"rendered":"https:\/\/danila-souvenirs.com\/de\/product\/german-composer-ludwig-van-beethoven-stone-bust-statue-sculpture-175-cm\/"},"modified":"2023-03-30T22:09:40","modified_gmt":"2023-03-30T19:09:40","slug":"german-composer-ludwig-van-beethoven-stone-bust-statue-sculpture-175-cm","status":"publish","type":"product","link":"https:\/\/danila-souvenirs.com\/de\/product\/german-composer-ludwig-van-beethoven-stone-bust-statue-sculpture-175-cm\/?lang=es","title":{"rendered":"Busto \/ Estatua de piedra del compositor alem\u00e1n Ludwig van Beethoven 17,5 cm"},"content":{"rendered":"<div>Material: piedra artificial.<\/div>\n<div><\/div>\n<div>Altura: 17,5 cm.<\/div>\n<div><\/div>\n<div>Peso: 315 g.<\/div>\n<div><\/div>\n<div>Color: negro.<\/div>\n<div><\/div>\n<div>Ludwig van Beethoven (17 de diciembre de 1770 &#8211; 26 de marzo de 1827) fue un compositor y pianista alem\u00e1n. Una figura crucial en la transici\u00f3n entre las eras cl\u00e1sica y rom\u00e1ntica en la m\u00fasica de arte occidental, sigue siendo uno de los compositores m\u00e1s famosos e influyentes.<\/div>\n<div><\/div>\n","protected":false},"excerpt":{"rendered":"<p>Material: piedra artificial. Altura: 17,5 cm. Peso: 315 g. Color: negro. Ludwig van Beethoven (17 de diciembre de 1770 &#8211; 26 de marzo de 1827) fue un compositor y pianista alem\u00e1n. Una figura crucial en la transici\u00f3n entre las eras cl\u00e1sica y rom\u00e1ntica en la m\u00fasica de arte occidental, sigue siendo uno de los compositores [&hellip;]<\/p>\n","protected":false},"featured_media":12883,"comment_status":"open","ping_status":"closed","template":"","meta":{"_et_pb_use_builder":"","_et_pb_old_content":"","_et_gb_content_width":""},"product_brand":[],"product_cat":[235,244],"product_tag":[],"class_list":{"0":"post-12548","1":"product","2":"type-product","3":"status-publish","4":"has-post-thumbnail","6":"product_cat-statues-es","7":"product_cat-european-es","8":"pa_color-black-es","10":"first","11":"instock","12":"shipping-taxable","13":"purchasable","14":"product-type-simple"},"_links":{"self":[{"href":"https:\/\/danila-souvenirs.com\/de\/wp-json\/wp\/v2\/product\/12548","targetHints":{"allow":["GET"]}}],"collection":[{"href":"https:\/\/danila-souvenirs.com\/de\/wp-json\/wp\/v2\/product"}],"about":[{"href":"https:\/\/danila-souvenirs.com\/de\/wp-json\/wp\/v2\/types\/product"}],"replies":[{"embeddable":true,"href":"https:\/\/danila-souvenirs.com\/de\/wp-json\/wp\/v2\/comments?post=12548"}],"wp:featuredmedia":[{"embeddable":true,"href":"https:\/\/danila-souvenirs.com\/de\/wp-json\/wp\/v2\/media\/12883"}],"wp:attachment":[{"href":"https:\/\/danila-souvenirs.com\/de\/wp-json\/wp\/v2\/media?parent=12548"}],"wp:term":[{"taxonomy":"product_brand","embeddable":true,"href":"https:\/\/danila-souvenirs.com\/de\/wp-json\/wp\/v2\/product_brand?post=12548"},{"taxonomy":"product_cat","embeddable":true,"href":"https:\/\/danila-souvenirs.com\/de\/wp-json\/wp\/v2\/product_cat?post=12548"},{"taxonomy":"product_tag","embeddable":true,"href":"https:\/\/danila-souvenirs.com\/de\/wp-json\/wp\/v2\/product_tag?post=12548"}],"curies":[{"name":"wp","href":"https:\/\/api.w.org\/{rel}","templated":true}]}}