{"id":12546,"date":"2023-03-29T22:43:33","date_gmt":"2023-03-29T19:43:33","guid":{"rendered":"https:\/\/danila-souvenirs.com\/de\/product\/german-composer-ludwig-van-beethoven-stone-bust-statue-sculpture-175-cm\/"},"modified":"2023-03-30T21:34:43","modified_gmt":"2023-03-30T18:34:43","slug":"german-composer-ludwig-van-beethoven-stone-bust-statue-sculpture-175-cm","status":"publish","type":"product","link":"https:\/\/danila-souvenirs.com\/de\/product\/german-composer-ludwig-van-beethoven-stone-bust-statue-sculpture-175-cm\/?lang=de","title":{"rendered":"Deutscher Komponist Ludwig van Beethoven stein B\u00fcste Statue Skulptur 17,5 cm"},"content":{"rendered":"<div>Material: k\u00fcnstlicher Stein.<\/div>\n<div><\/div>\n<div>H\u00f6he: 17,5 cm.<\/div>\n<div><\/div>\n<div>Gewicht: 315 Gramm.<\/div>\n<div><\/div>\n<div>Farbe: schwarz.<\/div>\n<div><\/div>\n<div>Ludwig van Beethoven (17. Dezember 1770 &#8211; 26. M\u00e4rz 1827) war ein deutscher Komponist und Pianist. Als entscheidende Figur im \u00dcbergang zwischen der Klassik und der Romantik in der westlichen Kunstmusik bleibt er einer der ber\u00fchmtesten und einflussreichsten aller Komponisten.<\/div>\n","protected":false},"excerpt":{"rendered":"<p>Material: k\u00fcnstlicher Stein. H\u00f6he: 17,5 cm. Gewicht: 315 Gramm. Farbe: schwarz. Ludwig van Beethoven (17. Dezember 1770 &#8211; 26. M\u00e4rz 1827) war ein deutscher Komponist und Pianist. Als entscheidende Figur im \u00dcbergang zwischen der Klassik und der Romantik in der westlichen Kunstmusik bleibt er einer der ber\u00fchmtesten und einflussreichsten aller Komponisten.<\/p>\n","protected":false},"featured_media":12881,"comment_status":"open","ping_status":"closed","template":"","meta":{"_et_pb_use_builder":"","_et_pb_old_content":"","_et_gb_content_width":""},"product_brand":[],"product_cat":[170,167],"product_tag":[],"class_list":{"0":"post-12546","1":"product","2":"type-product","3":"status-publish","4":"has-post-thumbnail","6":"product_cat-european-de","7":"product_cat-statues-de","8":"pa_color-black-de","10":"first","11":"instock","12":"shipping-taxable","13":"purchasable","14":"product-type-simple"},"_links":{"self":[{"href":"https:\/\/danila-souvenirs.com\/de\/wp-json\/wp\/v2\/product\/12546","targetHints":{"allow":["GET"]}}],"collection":[{"href":"https:\/\/danila-souvenirs.com\/de\/wp-json\/wp\/v2\/product"}],"about":[{"href":"https:\/\/danila-souvenirs.com\/de\/wp-json\/wp\/v2\/types\/product"}],"replies":[{"embeddable":true,"href":"https:\/\/danila-souvenirs.com\/de\/wp-json\/wp\/v2\/comments?post=12546"}],"wp:featuredmedia":[{"embeddable":true,"href":"https:\/\/danila-souvenirs.com\/de\/wp-json\/wp\/v2\/media\/12881"}],"wp:attachment":[{"href":"https:\/\/danila-souvenirs.com\/de\/wp-json\/wp\/v2\/media?parent=12546"}],"wp:term":[{"taxonomy":"product_brand","embeddable":true,"href":"https:\/\/danila-souvenirs.com\/de\/wp-json\/wp\/v2\/product_brand?post=12546"},{"taxonomy":"product_cat","embeddable":true,"href":"https:\/\/danila-souvenirs.com\/de\/wp-json\/wp\/v2\/product_cat?post=12546"},{"taxonomy":"product_tag","embeddable":true,"href":"https:\/\/danila-souvenirs.com\/de\/wp-json\/wp\/v2\/product_tag?post=12546"}],"curies":[{"name":"wp","href":"https:\/\/api.w.org\/{rel}","templated":true}]}}