{"id":12542,"date":"2023-03-29T22:48:11","date_gmt":"2023-03-29T19:48:11","guid":{"rendered":"https:\/\/danila-souvenirs.com\/de\/product\/french-emperor-napoleon-bonaparte-marble-bust-statue-sculpture-24-cm\/"},"modified":"2023-03-30T21:37:21","modified_gmt":"2023-03-30T18:37:21","slug":"french-emperor-napoleon-bonaparte-marble-bust-statue-sculpture-24-cm","status":"publish","type":"product","link":"https:\/\/danila-souvenirs.com\/de\/product\/french-emperor-napoleon-bonaparte-marble-bust-statue-sculpture-24-cm\/?lang=de","title":{"rendered":"Franz\u00f6sischer Kaiser Napoleon Bonaparte marmor B\u00fcste Statue Skulptur 24 cm"},"content":{"rendered":"<div>Material: k\u00fcnstlicher Marmor.<\/div>\n<div><\/div>\n<div>H\u00f6he: 24 cm.<\/div>\n<div><\/div>\n<div>Gewicht: 1,1 Kg.<\/div>\n<div><\/div>\n<div>Farbe: wei\u00df.<\/div>\n<div><\/div>\n<div>Napoleon Bonaparte (15. August 1769-5. MAI 1821) war ein franz\u00f6sischer milit\u00e4rischen und politischen F\u00fchrer, der Rose in den letzten Etappen der franz\u00f6sischen Revolution und die damit verbundenen Kriege in Europa.<\/div>\n","protected":false},"excerpt":{"rendered":"<p>Material: k\u00fcnstlicher Marmor. H\u00f6he: 24 cm. Gewicht: 1,1 Kg. Farbe: wei\u00df. Napoleon Bonaparte (15. August 1769-5. MAI 1821) war ein franz\u00f6sischer milit\u00e4rischen und politischen F\u00fchrer, der Rose in den letzten Etappen der franz\u00f6sischen Revolution und die damit verbundenen Kriege in Europa.<\/p>\n","protected":false},"featured_media":13491,"comment_status":"open","ping_status":"closed","template":"","meta":{"_et_pb_use_builder":"","_et_pb_old_content":"","_et_gb_content_width":""},"product_brand":[],"product_cat":[170,167],"product_tag":[],"class_list":{"0":"post-12542","1":"product","2":"type-product","3":"status-publish","4":"has-post-thumbnail","6":"product_cat-european-de","7":"product_cat-statues-de","8":"pa_color-white-de","10":"first","11":"instock","12":"shipping-taxable","13":"purchasable","14":"product-type-simple"},"_links":{"self":[{"href":"https:\/\/danila-souvenirs.com\/de\/wp-json\/wp\/v2\/product\/12542","targetHints":{"allow":["GET"]}}],"collection":[{"href":"https:\/\/danila-souvenirs.com\/de\/wp-json\/wp\/v2\/product"}],"about":[{"href":"https:\/\/danila-souvenirs.com\/de\/wp-json\/wp\/v2\/types\/product"}],"replies":[{"embeddable":true,"href":"https:\/\/danila-souvenirs.com\/de\/wp-json\/wp\/v2\/comments?post=12542"}],"wp:featuredmedia":[{"embeddable":true,"href":"https:\/\/danila-souvenirs.com\/de\/wp-json\/wp\/v2\/media\/13491"}],"wp:attachment":[{"href":"https:\/\/danila-souvenirs.com\/de\/wp-json\/wp\/v2\/media?parent=12542"}],"wp:term":[{"taxonomy":"product_brand","embeddable":true,"href":"https:\/\/danila-souvenirs.com\/de\/wp-json\/wp\/v2\/product_brand?post=12542"},{"taxonomy":"product_cat","embeddable":true,"href":"https:\/\/danila-souvenirs.com\/de\/wp-json\/wp\/v2\/product_cat?post=12542"},{"taxonomy":"product_tag","embeddable":true,"href":"https:\/\/danila-souvenirs.com\/de\/wp-json\/wp\/v2\/product_tag?post=12542"}],"curies":[{"name":"wp","href":"https:\/\/api.w.org\/{rel}","templated":true}]}}