{"id":12541,"date":"2023-03-29T22:48:11","date_gmt":"2023-03-29T19:48:11","guid":{"rendered":"https:\/\/danila-souvenirs.com\/de\/product\/french-emperor-napoleon-bonaparte-marble-bust-statue-sculpture-24-cm\/"},"modified":"2023-03-30T20:55:03","modified_gmt":"2023-03-30T17:55:03","slug":"french-emperor-napoleon-bonaparte-marble-bust-statue-sculpture-24-cm","status":"publish","type":"product","link":"https:\/\/danila-souvenirs.com\/de\/product\/french-emperor-napoleon-bonaparte-marble-bust-statue-sculpture-24-cm\/?lang=fr","title":{"rendered":"buste \/ statue en marbre de l&#8217;empereur fran\u00e7ais Napol\u00e9on Bonaparte 24 cm"},"content":{"rendered":"<div>Mat\u00e9riau\u202f: marbre artificiel.<\/div>\n<div><\/div>\n<div>Hauteur: 24 cm.<\/div>\n<div><\/div>\n<div>Poids: 1,1 kg.<\/div>\n<div><\/div>\n<div>Couleur: blanc.<\/div>\n<div><\/div>\n<div>Napol\u00e9on Bonaparte (15 ao\u00fbt 1769 &#8211; 5 mai 1821) \u00e9tait un leader militaire et politique fran\u00e7ais qui s&#8217;est \u00e9panoui lors des derniers stades de la R\u00e9volution fran\u00e7aise et ses guerres associ\u00e9es en Europe.<\/div>\n","protected":false},"excerpt":{"rendered":"<p>Mat\u00e9riau\u202f: marbre artificiel. Hauteur: 24 cm. Poids: 1,1 kg. Couleur: blanc. Napol\u00e9on Bonaparte (15 ao\u00fbt 1769 &#8211; 5 mai 1821) \u00e9tait un leader militaire et politique fran\u00e7ais qui s&#8217;est \u00e9panoui lors des derniers stades de la R\u00e9volution fran\u00e7aise et ses guerres associ\u00e9es en Europe.<\/p>\n","protected":false},"featured_media":13490,"comment_status":"open","ping_status":"closed","template":"","meta":{"_et_pb_use_builder":"","_et_pb_old_content":"","_et_gb_content_width":""},"product_brand":[],"product_cat":[185,180],"product_tag":[],"class_list":{"0":"post-12541","1":"product","2":"type-product","3":"status-publish","4":"has-post-thumbnail","6":"product_cat-european-fr","7":"product_cat-statues-fr","8":"pa_color-white-fr","10":"first","11":"instock","12":"shipping-taxable","13":"purchasable","14":"product-type-simple"},"_links":{"self":[{"href":"https:\/\/danila-souvenirs.com\/de\/wp-json\/wp\/v2\/product\/12541","targetHints":{"allow":["GET"]}}],"collection":[{"href":"https:\/\/danila-souvenirs.com\/de\/wp-json\/wp\/v2\/product"}],"about":[{"href":"https:\/\/danila-souvenirs.com\/de\/wp-json\/wp\/v2\/types\/product"}],"replies":[{"embeddable":true,"href":"https:\/\/danila-souvenirs.com\/de\/wp-json\/wp\/v2\/comments?post=12541"}],"wp:featuredmedia":[{"embeddable":true,"href":"https:\/\/danila-souvenirs.com\/de\/wp-json\/wp\/v2\/media\/13490"}],"wp:attachment":[{"href":"https:\/\/danila-souvenirs.com\/de\/wp-json\/wp\/v2\/media?parent=12541"}],"wp:term":[{"taxonomy":"product_brand","embeddable":true,"href":"https:\/\/danila-souvenirs.com\/de\/wp-json\/wp\/v2\/product_brand?post=12541"},{"taxonomy":"product_cat","embeddable":true,"href":"https:\/\/danila-souvenirs.com\/de\/wp-json\/wp\/v2\/product_cat?post=12541"},{"taxonomy":"product_tag","embeddable":true,"href":"https:\/\/danila-souvenirs.com\/de\/wp-json\/wp\/v2\/product_tag?post=12541"}],"curies":[{"name":"wp","href":"https:\/\/api.w.org\/{rel}","templated":true}]}}