{"id":12540,"date":"2023-03-29T22:54:51","date_gmt":"2023-03-29T19:54:51","guid":{"rendered":"https:\/\/danila-souvenirs.com\/de\/product\/french-emperor-napoleon-bonaparte-stone-bust-statue-sculpture-24-cm\/"},"modified":"2023-03-30T22:12:23","modified_gmt":"2023-03-30T19:12:23","slug":"french-emperor-napoleon-bonaparte-stone-bust-statue-sculpture-24-cm","status":"publish","type":"product","link":"https:\/\/danila-souvenirs.com\/de\/product\/french-emperor-napoleon-bonaparte-stone-bust-statue-sculpture-24-cm\/?lang=es","title":{"rendered":"Busto \/ Estatua de piedra del emperador franc\u00e9s Napole\u00f3n Bonaparte 24 cm"},"content":{"rendered":"<div>Material: piedra artificial.<\/div>\n<div><\/div>\n<div>Altura: 24 cm.<\/div>\n<div><\/div>\n<div>Peso: 1,15 kg.<\/div>\n<div><\/div>\n<div>Color: negro.<\/div>\n<div><\/div>\n<div>Napole\u00f3n Bonaparte (15 de agosto de 1769 &#8211; 5 de mayo de 1821) fue un l\u00edder militar y pol\u00edtico franc\u00e9s que se elev\u00f3 a la prominencia durante las \u00faltimas etapas de la revoluci\u00f3n francesa y sus guerras asociadas en Europa.<\/div>\n","protected":false},"excerpt":{"rendered":"<p>Material: piedra artificial. Altura: 24 cm. Peso: 1,15 kg. Color: negro. Napole\u00f3n Bonaparte (15 de agosto de 1769 &#8211; 5 de mayo de 1821) fue un l\u00edder militar y pol\u00edtico franc\u00e9s que se elev\u00f3 a la prominencia durante las \u00faltimas etapas de la revoluci\u00f3n francesa y sus guerras asociadas en Europa.<\/p>\n","protected":false},"featured_media":12474,"comment_status":"open","ping_status":"closed","template":"","meta":{"_et_pb_use_builder":"","_et_pb_old_content":"","_et_gb_content_width":""},"product_brand":[],"product_cat":[235,244],"product_tag":[],"class_list":{"0":"post-12540","1":"product","2":"type-product","3":"status-publish","4":"has-post-thumbnail","6":"product_cat-statues-es","7":"product_cat-european-es","8":"pa_color-black-es","10":"first","11":"instock","12":"shipping-taxable","13":"purchasable","14":"product-type-simple"},"_links":{"self":[{"href":"https:\/\/danila-souvenirs.com\/de\/wp-json\/wp\/v2\/product\/12540","targetHints":{"allow":["GET"]}}],"collection":[{"href":"https:\/\/danila-souvenirs.com\/de\/wp-json\/wp\/v2\/product"}],"about":[{"href":"https:\/\/danila-souvenirs.com\/de\/wp-json\/wp\/v2\/types\/product"}],"replies":[{"embeddable":true,"href":"https:\/\/danila-souvenirs.com\/de\/wp-json\/wp\/v2\/comments?post=12540"}],"wp:featuredmedia":[{"embeddable":true,"href":"https:\/\/danila-souvenirs.com\/de\/wp-json\/wp\/v2\/media\/12474"}],"wp:attachment":[{"href":"https:\/\/danila-souvenirs.com\/de\/wp-json\/wp\/v2\/media?parent=12540"}],"wp:term":[{"taxonomy":"product_brand","embeddable":true,"href":"https:\/\/danila-souvenirs.com\/de\/wp-json\/wp\/v2\/product_brand?post=12540"},{"taxonomy":"product_cat","embeddable":true,"href":"https:\/\/danila-souvenirs.com\/de\/wp-json\/wp\/v2\/product_cat?post=12540"},{"taxonomy":"product_tag","embeddable":true,"href":"https:\/\/danila-souvenirs.com\/de\/wp-json\/wp\/v2\/product_tag?post=12540"}],"curies":[{"name":"wp","href":"https:\/\/api.w.org\/{rel}","templated":true}]}}