{"id":12530,"date":"2023-03-29T23:04:33","date_gmt":"2023-03-29T20:04:33","guid":{"rendered":"https:\/\/danila-souvenirs.com\/de\/product\/russian-composer-pyotr-tchaikovsky-stone-bust-statue-sculpture-195-cm\/"},"modified":"2023-03-30T22:16:09","modified_gmt":"2023-03-30T19:16:09","slug":"russian-composer-pyotr-tchaikovsky-stone-bust-statue-sculpture-195-cm","status":"publish","type":"product","link":"https:\/\/danila-souvenirs.com\/de\/product\/russian-composer-pyotr-tchaikovsky-stone-bust-statue-sculpture-195-cm\/?lang=es","title":{"rendered":"Busto \/ Estatua de piedra del compositor ruso Piotr Chaikovski 19,5 cm"},"content":{"rendered":"<div>Material: piedra artificial.<\/div>\n<div><\/div>\n<div>Altura: 19,5 cm.<\/div>\n<div><\/div>\n<div>Peso: 845 g.<\/div>\n<div><\/div>\n<div>Color: negro.<\/div>\n<div><\/div>\n<div>Napole\u00f3n Bonaparte (15 de agosto de 1769 &#8211; 5 de mayo de 1821) fue un l\u00edder militar y pol\u00edtico franc\u00e9s que se elev\u00f3 a la prominencia durante las \u00faltimas etapas de la revoluci\u00f3n francesa y sus guerras asociadas en Europa.<\/div>\n","protected":false},"excerpt":{"rendered":"<p>Material: piedra artificial. Altura: 19,5 cm. Peso: 845 g. Color: negro. Napole\u00f3n Bonaparte (15 de agosto de 1769 &#8211; 5 de mayo de 1821) fue un l\u00edder militar y pol\u00edtico franc\u00e9s que se elev\u00f3 a la prominencia durante las \u00faltimas etapas de la revoluci\u00f3n francesa y sus guerras asociadas en Europa.<\/p>\n","protected":false},"featured_media":12486,"comment_status":"open","ping_status":"closed","template":"","meta":{"_et_pb_use_builder":"","_et_pb_old_content":"","_et_gb_content_width":""},"product_brand":[],"product_cat":[235,246],"product_tag":[],"class_list":{"0":"post-12530","1":"product","2":"type-product","3":"status-publish","4":"has-post-thumbnail","6":"product_cat-statues-es","7":"product_cat-russian-es","8":"pa_color-black-es","10":"first","11":"instock","12":"shipping-taxable","13":"purchasable","14":"product-type-simple"},"_links":{"self":[{"href":"https:\/\/danila-souvenirs.com\/de\/wp-json\/wp\/v2\/product\/12530","targetHints":{"allow":["GET"]}}],"collection":[{"href":"https:\/\/danila-souvenirs.com\/de\/wp-json\/wp\/v2\/product"}],"about":[{"href":"https:\/\/danila-souvenirs.com\/de\/wp-json\/wp\/v2\/types\/product"}],"replies":[{"embeddable":true,"href":"https:\/\/danila-souvenirs.com\/de\/wp-json\/wp\/v2\/comments?post=12530"}],"wp:featuredmedia":[{"embeddable":true,"href":"https:\/\/danila-souvenirs.com\/de\/wp-json\/wp\/v2\/media\/12486"}],"wp:attachment":[{"href":"https:\/\/danila-souvenirs.com\/de\/wp-json\/wp\/v2\/media?parent=12530"}],"wp:term":[{"taxonomy":"product_brand","embeddable":true,"href":"https:\/\/danila-souvenirs.com\/de\/wp-json\/wp\/v2\/product_brand?post=12530"},{"taxonomy":"product_cat","embeddable":true,"href":"https:\/\/danila-souvenirs.com\/de\/wp-json\/wp\/v2\/product_cat?post=12530"},{"taxonomy":"product_tag","embeddable":true,"href":"https:\/\/danila-souvenirs.com\/de\/wp-json\/wp\/v2\/product_tag?post=12530"}],"curies":[{"name":"wp","href":"https:\/\/api.w.org\/{rel}","templated":true}]}}