{"id":12528,"date":"2023-03-29T23:04:33","date_gmt":"2023-03-29T20:04:33","guid":{"rendered":"https:\/\/danila-souvenirs.com\/de\/product\/russian-composer-pyotr-tchaikovsky-stone-bust-statue-sculpture-195-cm\/"},"modified":"2023-03-30T21:41:15","modified_gmt":"2023-03-30T18:41:15","slug":"russian-composer-pyotr-tchaikovsky-stone-bust-statue-sculpture-195-cm","status":"publish","type":"product","link":"https:\/\/danila-souvenirs.com\/de\/product\/russian-composer-pyotr-tchaikovsky-stone-bust-statue-sculpture-195-cm\/?lang=de","title":{"rendered":"Russischer Komponist Pjotr Tschaikowski stein B\u00fcste Statue Skulptur 19,5 cm"},"content":{"rendered":"<div>Material: k\u00fcnstlicher Stein.<\/div>\n<div><\/div>\n<div>H\u00f6he: 19,5 cm.<\/div>\n<div><\/div>\n<div>Gewicht: 845 Gramm.<\/div>\n<div><\/div>\n<div>Farbe: schwarz.<\/div>\n<div><\/div>\n<div>Pjotr Tschaikowski (7. Mai 1840 &#8211; 6. November 1893) war ein russischer Komponist, dessen Werke Symphonien, Konzerte, Opern, Ballette, Kammermusik und eine Chorsammlung der russisch-orthodoxen g\u00f6ttlichen Liturgie umfassten. Einige davon geh\u00f6ren zu den beliebtesten Theaterst\u00fccken im klassischen Repertoire. Er war der erste russische Komponist, dessen Musik international einen bleibenden Eindruck hinterlie\u00df, was er sp\u00e4ter in seiner Karriere in Europa und den USA durch Auftritte als Gastdirigent untermauerte.<\/div>\n","protected":false},"excerpt":{"rendered":"<p>Material: k\u00fcnstlicher Stein. H\u00f6he: 19,5 cm. Gewicht: 845 Gramm. Farbe: schwarz. Pjotr Tschaikowski (7. Mai 1840 &#8211; 6. November 1893) war ein russischer Komponist, dessen Werke Symphonien, Konzerte, Opern, Ballette, Kammermusik und eine Chorsammlung der russisch-orthodoxen g\u00f6ttlichen Liturgie umfassten. Einige davon geh\u00f6ren zu den beliebtesten Theaterst\u00fccken im klassischen Repertoire. Er war der erste russische Komponist, [&hellip;]<\/p>\n","protected":false},"featured_media":12484,"comment_status":"open","ping_status":"closed","template":"","meta":{"_et_pb_use_builder":"","_et_pb_old_content":"","_et_gb_content_width":""},"product_brand":[],"product_cat":[168,167],"product_tag":[],"class_list":{"0":"post-12528","1":"product","2":"type-product","3":"status-publish","4":"has-post-thumbnail","6":"product_cat-russian-de","7":"product_cat-statues-de","8":"pa_color-black-de","10":"first","11":"instock","12":"shipping-taxable","13":"purchasable","14":"product-type-simple"},"_links":{"self":[{"href":"https:\/\/danila-souvenirs.com\/de\/wp-json\/wp\/v2\/product\/12528","targetHints":{"allow":["GET"]}}],"collection":[{"href":"https:\/\/danila-souvenirs.com\/de\/wp-json\/wp\/v2\/product"}],"about":[{"href":"https:\/\/danila-souvenirs.com\/de\/wp-json\/wp\/v2\/types\/product"}],"replies":[{"embeddable":true,"href":"https:\/\/danila-souvenirs.com\/de\/wp-json\/wp\/v2\/comments?post=12528"}],"wp:featuredmedia":[{"embeddable":true,"href":"https:\/\/danila-souvenirs.com\/de\/wp-json\/wp\/v2\/media\/12484"}],"wp:attachment":[{"href":"https:\/\/danila-souvenirs.com\/de\/wp-json\/wp\/v2\/media?parent=12528"}],"wp:term":[{"taxonomy":"product_brand","embeddable":true,"href":"https:\/\/danila-souvenirs.com\/de\/wp-json\/wp\/v2\/product_brand?post=12528"},{"taxonomy":"product_cat","embeddable":true,"href":"https:\/\/danila-souvenirs.com\/de\/wp-json\/wp\/v2\/product_cat?post=12528"},{"taxonomy":"product_tag","embeddable":true,"href":"https:\/\/danila-souvenirs.com\/de\/wp-json\/wp\/v2\/product_tag?post=12528"}],"curies":[{"name":"wp","href":"https:\/\/api.w.org\/{rel}","templated":true}]}}