{"id":12524,"date":"2023-03-29T23:23:58","date_gmt":"2023-03-29T20:23:58","guid":{"rendered":"https:\/\/danila-souvenirs.com\/de\/product\/decorative-marble-statue-figurine-sculpture-lying-white-cat-10-cm\/"},"modified":"2023-03-30T21:42:34","modified_gmt":"2023-03-30T18:42:34","slug":"decorative-marble-statue-figurine-sculpture-lying-white-cat-10-cm","status":"publish","type":"product","link":"https:\/\/danila-souvenirs.com\/de\/product\/decorative-marble-statue-figurine-sculpture-lying-white-cat-10-cm\/?lang=de","title":{"rendered":"Dekorative marmor Statue Figur Skulptur liegende wei\u00dfe Katze 10 cm"},"content":{"rendered":"<div>Material: k\u00fcnstlicher Marmor.<\/div>\n<div><\/div>\n<div>Gr\u00f6\u00dfe: 10 cm x 6.5 cm x 5.5 cm.<\/div>\n<div><\/div>\n<div>Gewicht: 190 Gramm.<\/div>\n<div><\/div>\n<div>Farbe: wei\u00df.<\/div>\n","protected":false},"excerpt":{"rendered":"<p>Material: k\u00fcnstlicher Marmor. Gr\u00f6\u00dfe: 10 cm x 6.5 cm x 5.5 cm. Gewicht: 190 Gramm. Farbe: wei\u00df.<\/p>\n","protected":false},"featured_media":12510,"comment_status":"open","ping_status":"closed","template":"","meta":{"_et_pb_use_builder":"","_et_pb_old_content":"","_et_gb_content_width":""},"product_brand":[],"product_cat":[167,169],"product_tag":[],"class_list":{"0":"post-12524","1":"product","2":"type-product","3":"status-publish","4":"has-post-thumbnail","6":"product_cat-statues-de","7":"product_cat-animal-figurines-de","8":"pa_color-white-de","10":"first","11":"instock","12":"shipping-taxable","13":"purchasable","14":"product-type-simple"},"_links":{"self":[{"href":"https:\/\/danila-souvenirs.com\/de\/wp-json\/wp\/v2\/product\/12524","targetHints":{"allow":["GET"]}}],"collection":[{"href":"https:\/\/danila-souvenirs.com\/de\/wp-json\/wp\/v2\/product"}],"about":[{"href":"https:\/\/danila-souvenirs.com\/de\/wp-json\/wp\/v2\/types\/product"}],"replies":[{"embeddable":true,"href":"https:\/\/danila-souvenirs.com\/de\/wp-json\/wp\/v2\/comments?post=12524"}],"wp:featuredmedia":[{"embeddable":true,"href":"https:\/\/danila-souvenirs.com\/de\/wp-json\/wp\/v2\/media\/12510"}],"wp:attachment":[{"href":"https:\/\/danila-souvenirs.com\/de\/wp-json\/wp\/v2\/media?parent=12524"}],"wp:term":[{"taxonomy":"product_brand","embeddable":true,"href":"https:\/\/danila-souvenirs.com\/de\/wp-json\/wp\/v2\/product_brand?post=12524"},{"taxonomy":"product_cat","embeddable":true,"href":"https:\/\/danila-souvenirs.com\/de\/wp-json\/wp\/v2\/product_cat?post=12524"},{"taxonomy":"product_tag","embeddable":true,"href":"https:\/\/danila-souvenirs.com\/de\/wp-json\/wp\/v2\/product_tag?post=12524"}],"curies":[{"name":"wp","href":"https:\/\/api.w.org\/{rel}","templated":true}]}}