{"id":12523,"date":"2023-03-29T23:23:58","date_gmt":"2023-03-29T20:23:58","guid":{"rendered":"https:\/\/danila-souvenirs.com\/de\/product\/decorative-marble-statue-figurine-sculpture-lying-white-cat-10-cm\/"},"modified":"2023-03-30T21:23:32","modified_gmt":"2023-03-30T18:23:32","slug":"decorative-marble-statue-figurine-sculpture-lying-white-cat-10-cm","status":"publish","type":"product","link":"https:\/\/danila-souvenirs.com\/de\/product\/decorative-marble-statue-figurine-sculpture-lying-white-cat-10-cm\/?lang=fr","title":{"rendered":"statuette \/ figurine d\u00e9corative en marbre de chat blanc couch\u00e9 10 cm"},"content":{"rendered":"<div>Mat\u00e9riau\u202f: marbre artificiel.<\/div>\n<div><\/div>\n<div>Dimensions: 10 cm \u0445 6.5 cm x 5.5 cm.<\/div>\n<div><\/div>\n<div>Poids: 190 g.<\/div>\n<div><\/div>\n<div>Couleur: blanc.<\/div>\n","protected":false},"excerpt":{"rendered":"<p>Mat\u00e9riau\u202f: marbre artificiel. Dimensions: 10 cm \u0445 6.5 cm x 5.5 cm. Poids: 190 g. Couleur: blanc.<\/p>\n","protected":false},"featured_media":12509,"comment_status":"open","ping_status":"closed","template":"","meta":{"_et_pb_use_builder":"","_et_pb_old_content":"","_et_gb_content_width":""},"product_brand":[],"product_cat":[182,180],"product_tag":[],"class_list":{"0":"post-12523","1":"product","2":"type-product","3":"status-publish","4":"has-post-thumbnail","6":"product_cat-animal-figurines-fr","7":"product_cat-statues-fr","8":"pa_color-white-fr","10":"first","11":"instock","12":"shipping-taxable","13":"purchasable","14":"product-type-simple"},"_links":{"self":[{"href":"https:\/\/danila-souvenirs.com\/de\/wp-json\/wp\/v2\/product\/12523","targetHints":{"allow":["GET"]}}],"collection":[{"href":"https:\/\/danila-souvenirs.com\/de\/wp-json\/wp\/v2\/product"}],"about":[{"href":"https:\/\/danila-souvenirs.com\/de\/wp-json\/wp\/v2\/types\/product"}],"replies":[{"embeddable":true,"href":"https:\/\/danila-souvenirs.com\/de\/wp-json\/wp\/v2\/comments?post=12523"}],"wp:featuredmedia":[{"embeddable":true,"href":"https:\/\/danila-souvenirs.com\/de\/wp-json\/wp\/v2\/media\/12509"}],"wp:attachment":[{"href":"https:\/\/danila-souvenirs.com\/de\/wp-json\/wp\/v2\/media?parent=12523"}],"wp:term":[{"taxonomy":"product_brand","embeddable":true,"href":"https:\/\/danila-souvenirs.com\/de\/wp-json\/wp\/v2\/product_brand?post=12523"},{"taxonomy":"product_cat","embeddable":true,"href":"https:\/\/danila-souvenirs.com\/de\/wp-json\/wp\/v2\/product_cat?post=12523"},{"taxonomy":"product_tag","embeddable":true,"href":"https:\/\/danila-souvenirs.com\/de\/wp-json\/wp\/v2\/product_tag?post=12523"}],"curies":[{"name":"wp","href":"https:\/\/api.w.org\/{rel}","templated":true}]}}