{"id":12520,"date":"2023-03-29T23:28:46","date_gmt":"2023-03-29T20:28:46","guid":{"rendered":"https:\/\/danila-souvenirs.com\/de\/product\/decorative-marble-statue-figurine-sculpture-standing-white-cat-13-cm\/"},"modified":"2023-03-30T21:43:34","modified_gmt":"2023-03-30T18:43:34","slug":"decorative-marble-statue-figurine-sculpture-standing-white-cat-13-cm","status":"publish","type":"product","link":"https:\/\/danila-souvenirs.com\/de\/product\/decorative-marble-statue-figurine-sculpture-standing-white-cat-13-cm\/?lang=de","title":{"rendered":"Dekorative marmor Statue Figur Skulptur stehende wei\u00dfe Katze 13 cm"},"content":{"rendered":"<div>Material: k\u00fcnstlicher Marmor.<\/div>\n<div><\/div>\n<div>H\u00f6he: 13 cm.<\/div>\n<div><\/div>\n<div>Gewicht: 60 Gramm.<\/div>\n<div><\/div>\n<div>Farbe: wei\u00df.<\/div>\n","protected":false},"excerpt":{"rendered":"<p>Material: k\u00fcnstlicher Marmor. H\u00f6he: 13 cm. Gewicht: 60 Gramm. Farbe: wei\u00df.<\/p>\n","protected":false},"featured_media":12891,"comment_status":"open","ping_status":"closed","template":"","meta":{"_et_pb_use_builder":"","_et_pb_old_content":"","_et_gb_content_width":""},"product_brand":[],"product_cat":[167,169],"product_tag":[],"class_list":{"0":"post-12520","1":"product","2":"type-product","3":"status-publish","4":"has-post-thumbnail","6":"product_cat-statues-de","7":"product_cat-animal-figurines-de","8":"pa_color-white-de","10":"first","11":"instock","12":"shipping-taxable","13":"purchasable","14":"product-type-simple"},"_links":{"self":[{"href":"https:\/\/danila-souvenirs.com\/de\/wp-json\/wp\/v2\/product\/12520","targetHints":{"allow":["GET"]}}],"collection":[{"href":"https:\/\/danila-souvenirs.com\/de\/wp-json\/wp\/v2\/product"}],"about":[{"href":"https:\/\/danila-souvenirs.com\/de\/wp-json\/wp\/v2\/types\/product"}],"replies":[{"embeddable":true,"href":"https:\/\/danila-souvenirs.com\/de\/wp-json\/wp\/v2\/comments?post=12520"}],"wp:featuredmedia":[{"embeddable":true,"href":"https:\/\/danila-souvenirs.com\/de\/wp-json\/wp\/v2\/media\/12891"}],"wp:attachment":[{"href":"https:\/\/danila-souvenirs.com\/de\/wp-json\/wp\/v2\/media?parent=12520"}],"wp:term":[{"taxonomy":"product_brand","embeddable":true,"href":"https:\/\/danila-souvenirs.com\/de\/wp-json\/wp\/v2\/product_brand?post=12520"},{"taxonomy":"product_cat","embeddable":true,"href":"https:\/\/danila-souvenirs.com\/de\/wp-json\/wp\/v2\/product_cat?post=12520"},{"taxonomy":"product_tag","embeddable":true,"href":"https:\/\/danila-souvenirs.com\/de\/wp-json\/wp\/v2\/product_tag?post=12520"}],"curies":[{"name":"wp","href":"https:\/\/api.w.org\/{rel}","templated":true}]}}