{"id":12437,"date":"2023-03-28T01:45:29","date_gmt":"2023-03-27T22:45:29","guid":{"rendered":"https:\/\/danila-souvenirs.com\/de\/product\/faberge-style-clover-leaf-carved-egg-trefoil-shamrock-trinket-jewel-box-95-cm-green\/"},"modified":"2023-08-07T10:39:26","modified_gmt":"2023-08-07T07:39:26","slug":"faberge-style-clover-leaf-carved-egg-trefoil-shamrock-trinket-jewel-box-95-cm-green","status":"publish","type":"product","link":"https:\/\/danila-souvenirs.com\/de\/product\/faberge-style-clover-leaf-carved-egg-trefoil-shamrock-trinket-jewel-box-95-cm-green\/?lang=es","title":{"rendered":"Huevo tallado de Pascua de estilo glamuroso Hoja de tr\u00e9bol \/ caja de joya 9,5 cm verde"},"content":{"rendered":"<div>Material: aleaci\u00f3n de metales no ferrosos, esmalte, cristales.<\/div>\n<div><\/div>\n<div>Altura: 9,5 cm.<\/div>\n<div><\/div>\n<div>Peso: 225 g.<\/div>\n<div><\/div>\n<div>Color: verde.<\/div>\n<div><\/div>\n<div>Este huevo es una r\u00e9plica del famoso huevo Faberg\u00e9 Hoja de tr\u00e9bol.<\/div>\n<div>El huevo de hoja de tr\u00e9bol es un huevo de Pascua enjoyado fabricado bajo la supervisi\u00f3n del joyero Peter Carl Faberg\u00e9 en 1902 para el zar Nicol\u00e1s II de Rusia. Fue presentado por Nicol\u00e1s como regalo de Pascua a su esposa, la zarina Alexandra Feodorovna. El huevo puede ser usado como una caja de joya.<\/div>\n","protected":false},"excerpt":{"rendered":"<p>Material: aleaci\u00f3n de metales no ferrosos, esmalte, cristales. Altura: 9,5 cm. Peso: 225 g. Color: verde. Este huevo es una r\u00e9plica del famoso huevo Faberg\u00e9 Hoja de tr\u00e9bol. El huevo de hoja de tr\u00e9bol es un huevo de Pascua enjoyado fabricado bajo la supervisi\u00f3n del joyero Peter Carl Faberg\u00e9 en 1902 para el zar Nicol\u00e1s [&hellip;]<\/p>\n","protected":false},"featured_media":12423,"comment_status":"open","ping_status":"closed","template":"","meta":{"_et_pb_use_builder":"","_et_pb_old_content":"","_et_gb_content_width":""},"product_brand":[],"product_cat":[243,237,220,234],"product_tag":[],"class_list":{"0":"post-12437","1":"product","2":"type-product","3":"status-publish","4":"has-post-thumbnail","6":"product_cat-trinket-boxes-es","7":"product_cat-clock-eggs-es","8":"product_cat-huevos-de-pascua","9":"product_cat-carved-eggs-es","11":"first","12":"instock","13":"shipping-taxable","14":"purchasable","15":"product-type-simple"},"_links":{"self":[{"href":"https:\/\/danila-souvenirs.com\/de\/wp-json\/wp\/v2\/product\/12437","targetHints":{"allow":["GET"]}}],"collection":[{"href":"https:\/\/danila-souvenirs.com\/de\/wp-json\/wp\/v2\/product"}],"about":[{"href":"https:\/\/danila-souvenirs.com\/de\/wp-json\/wp\/v2\/types\/product"}],"replies":[{"embeddable":true,"href":"https:\/\/danila-souvenirs.com\/de\/wp-json\/wp\/v2\/comments?post=12437"}],"wp:featuredmedia":[{"embeddable":true,"href":"https:\/\/danila-souvenirs.com\/de\/wp-json\/wp\/v2\/media\/12423"}],"wp:attachment":[{"href":"https:\/\/danila-souvenirs.com\/de\/wp-json\/wp\/v2\/media?parent=12437"}],"wp:term":[{"taxonomy":"product_brand","embeddable":true,"href":"https:\/\/danila-souvenirs.com\/de\/wp-json\/wp\/v2\/product_brand?post=12437"},{"taxonomy":"product_cat","embeddable":true,"href":"https:\/\/danila-souvenirs.com\/de\/wp-json\/wp\/v2\/product_cat?post=12437"},{"taxonomy":"product_tag","embeddable":true,"href":"https:\/\/danila-souvenirs.com\/de\/wp-json\/wp\/v2\/product_tag?post=12437"}],"curies":[{"name":"wp","href":"https:\/\/api.w.org\/{rel}","templated":true}]}}