{"id":12436,"date":"2023-03-28T01:45:29","date_gmt":"2023-03-27T22:45:29","guid":{"rendered":"https:\/\/danila-souvenirs.com\/de\/product\/faberge-style-clover-leaf-carved-egg-trefoil-shamrock-trinket-jewel-box-95-cm-green\/"},"modified":"2023-08-03T20:05:21","modified_gmt":"2023-08-03T17:05:21","slug":"faberge-style-clover-leaf-carved-egg-trefoil-shamrock-trinket-jewel-box-95-cm-green","status":"publish","type":"product","link":"https:\/\/danila-souvenirs.com\/de\/product\/faberge-style-clover-leaf-carved-egg-trefoil-shamrock-trinket-jewel-box-95-cm-green\/?lang=it","title":{"rendered":"Uovo intagliato di Pasqua in stile glamour \/ portagioie Foglia Di Trifoglio 9,5 cm verde"},"content":{"rendered":"<div>Materiale: lega di metalli non ferrosi, smalto, cristalli.<\/div>\n<div><\/div>\n<div>Altezza: 9,5 cm.<\/div>\n<div><\/div>\n<div>Peso: 225 g.<\/div>\n<div><\/div>\n<div>Colore: verde.<\/div>\n<div><\/div>\n<div>Questo uovo \u00e8 una replica del famoso uovo Faberg\u00e9 a foglia di trifoglio.<\/div>\n<div>L&#8217;uovo di trifoglio \u00e8 un uovo di Pasqua ingioiellato realizzato sotto la supervisione del gioielliere Peter Carl Faberg\u00e9 nel 1902 per lo zar Nicola II di Russia. \u00c8 stato presentato da Nicholas come regalo di Pasqua a sua moglie, la zarina Alexandra Feodorovna. L&#8217;uovo pu\u00f2 essere usato come una scatola di gioielli.<\/div>\n","protected":false},"excerpt":{"rendered":"<p>Materiale: lega di metalli non ferrosi, smalto, cristalli. Altezza: 9,5 cm. Peso: 225 g. Colore: verde. Questo uovo \u00e8 una replica del famoso uovo Faberg\u00e9 a foglia di trifoglio. L&#8217;uovo di trifoglio \u00e8 un uovo di Pasqua ingioiellato realizzato sotto la supervisione del gioielliere Peter Carl Faberg\u00e9 nel 1902 per lo zar Nicola II di [&hellip;]<\/p>\n","protected":false},"featured_media":12422,"comment_status":"open","ping_status":"closed","template":"","meta":{"_et_pb_use_builder":"","_et_pb_old_content":"","_et_gb_content_width":""},"product_brand":[],"product_cat":[187,186,190,223],"product_tag":[],"class_list":{"0":"post-12436","1":"product","2":"type-product","3":"status-publish","4":"has-post-thumbnail","6":"product_cat-trinket-boxes-it","7":"product_cat-uova-di-pasqua","8":"product_cat-carved-eggs-it","9":"product_cat-clock-eggs-it","11":"first","12":"instock","13":"shipping-taxable","14":"purchasable","15":"product-type-simple"},"_links":{"self":[{"href":"https:\/\/danila-souvenirs.com\/de\/wp-json\/wp\/v2\/product\/12436","targetHints":{"allow":["GET"]}}],"collection":[{"href":"https:\/\/danila-souvenirs.com\/de\/wp-json\/wp\/v2\/product"}],"about":[{"href":"https:\/\/danila-souvenirs.com\/de\/wp-json\/wp\/v2\/types\/product"}],"replies":[{"embeddable":true,"href":"https:\/\/danila-souvenirs.com\/de\/wp-json\/wp\/v2\/comments?post=12436"}],"wp:featuredmedia":[{"embeddable":true,"href":"https:\/\/danila-souvenirs.com\/de\/wp-json\/wp\/v2\/media\/12422"}],"wp:attachment":[{"href":"https:\/\/danila-souvenirs.com\/de\/wp-json\/wp\/v2\/media?parent=12436"}],"wp:term":[{"taxonomy":"product_brand","embeddable":true,"href":"https:\/\/danila-souvenirs.com\/de\/wp-json\/wp\/v2\/product_brand?post=12436"},{"taxonomy":"product_cat","embeddable":true,"href":"https:\/\/danila-souvenirs.com\/de\/wp-json\/wp\/v2\/product_cat?post=12436"},{"taxonomy":"product_tag","embeddable":true,"href":"https:\/\/danila-souvenirs.com\/de\/wp-json\/wp\/v2\/product_tag?post=12436"}],"curies":[{"name":"wp","href":"https:\/\/api.w.org\/{rel}","templated":true}]}}