{"id":12435,"date":"2023-03-28T01:45:29","date_gmt":"2023-03-27T22:45:29","guid":{"rendered":"https:\/\/danila-souvenirs.com\/de\/product\/faberge-style-clover-leaf-carved-egg-trefoil-shamrock-trinket-jewel-box-95-cm-green\/"},"modified":"2023-08-02T23:31:28","modified_gmt":"2023-08-02T20:31:28","slug":"faberge-style-clover-leaf-carved-egg-trefoil-shamrock-trinket-jewel-box-95-cm-green","status":"publish","type":"product","link":"https:\/\/danila-souvenirs.com\/de\/product\/faberge-style-clover-leaf-carved-egg-trefoil-shamrock-trinket-jewel-box-95-cm-green\/?lang=de","title":{"rendered":"Osterei im glamour\u00f6sen Stil geschnitzt \/ Schmuckk\u00e4stchen Kleeblatt 9,5 cm gr\u00fcn"},"content":{"rendered":"<div>Material: Legierung von Nichteisenmetallen, Email, Kristallen.<\/div>\n<div><\/div>\n<div>H\u00f6he: 9,5 cm.<\/div>\n<div><\/div>\n<div>Gewicht: 225 Gramm.<\/div>\n<div><\/div>\n<div>Farbe: gr\u00fcn.<\/div>\n<div><\/div>\n<div>Dieses Ei ist eine Nachbildung des ber\u00fchmten Kleeblatt Faberg\u00e9-Eies.<\/div>\n<div>Das Kleeblatt-Ei ist ein juwelenbesetztes Osterei, das 1902 unter der Aufsicht des Juweliers Peter Carl Faberg\u00e9 f\u00fcr Zar Nikolaus II. von Russland hergestellt wurde. Es wurde von Nikolaus als Ostergeschenk an seine Frau, die Zarin Alexandra Feodorovna, \u00fcberreicht. Das Ei kann als Schmuckk\u00e4stchen verwendet werden.<\/div>\n<div><\/div>\n","protected":false},"excerpt":{"rendered":"<p>Material: Legierung von Nichteisenmetallen, Email, Kristallen. H\u00f6he: 9,5 cm. Gewicht: 225 Gramm. Farbe: gr\u00fcn. Dieses Ei ist eine Nachbildung des ber\u00fchmten Kleeblatt Faberg\u00e9-Eies. Das Kleeblatt-Ei ist ein juwelenbesetztes Osterei, das 1902 unter der Aufsicht des Juweliers Peter Carl Faberg\u00e9 f\u00fcr Zar Nikolaus II. von Russland hergestellt wurde. Es wurde von Nikolaus als Ostergeschenk an seine [&hellip;]<\/p>\n","protected":false},"featured_media":12421,"comment_status":"open","ping_status":"closed","template":"","meta":{"_et_pb_use_builder":"","_et_pb_old_content":"","_et_gb_content_width":""},"product_brand":[],"product_cat":[163,160,162,222],"product_tag":[],"class_list":{"0":"post-12435","1":"product","2":"type-product","3":"status-publish","4":"has-post-thumbnail","6":"product_cat-carved-eggs-de","7":"product_cat-ostereier","8":"product_cat-trinket-boxes-de","9":"product_cat-clock-eggs-de","11":"first","12":"instock","13":"shipping-taxable","14":"purchasable","15":"product-type-simple"},"_links":{"self":[{"href":"https:\/\/danila-souvenirs.com\/de\/wp-json\/wp\/v2\/product\/12435","targetHints":{"allow":["GET"]}}],"collection":[{"href":"https:\/\/danila-souvenirs.com\/de\/wp-json\/wp\/v2\/product"}],"about":[{"href":"https:\/\/danila-souvenirs.com\/de\/wp-json\/wp\/v2\/types\/product"}],"replies":[{"embeddable":true,"href":"https:\/\/danila-souvenirs.com\/de\/wp-json\/wp\/v2\/comments?post=12435"}],"wp:featuredmedia":[{"embeddable":true,"href":"https:\/\/danila-souvenirs.com\/de\/wp-json\/wp\/v2\/media\/12421"}],"wp:attachment":[{"href":"https:\/\/danila-souvenirs.com\/de\/wp-json\/wp\/v2\/media?parent=12435"}],"wp:term":[{"taxonomy":"product_brand","embeddable":true,"href":"https:\/\/danila-souvenirs.com\/de\/wp-json\/wp\/v2\/product_brand?post=12435"},{"taxonomy":"product_cat","embeddable":true,"href":"https:\/\/danila-souvenirs.com\/de\/wp-json\/wp\/v2\/product_cat?post=12435"},{"taxonomy":"product_tag","embeddable":true,"href":"https:\/\/danila-souvenirs.com\/de\/wp-json\/wp\/v2\/product_tag?post=12435"}],"curies":[{"name":"wp","href":"https:\/\/api.w.org\/{rel}","templated":true}]}}