{"id":12434,"date":"2023-03-28T01:45:29","date_gmt":"2023-03-27T22:45:29","guid":{"rendered":"https:\/\/danila-souvenirs.com\/de\/product\/faberge-style-clover-leaf-carved-egg-trefoil-shamrock-trinket-jewel-box-95-cm-green\/"},"modified":"2023-08-03T14:15:11","modified_gmt":"2023-08-03T11:15:11","slug":"faberge-style-clover-leaf-carved-egg-trefoil-shamrock-trinket-jewel-box-95-cm-green","status":"publish","type":"product","link":"https:\/\/danila-souvenirs.com\/de\/product\/faberge-style-clover-leaf-carved-egg-trefoil-shamrock-trinket-jewel-box-95-cm-green\/?lang=fr","title":{"rendered":"Oeuf de P\u00e2ques de style glamour sculpt\u00e9 \/ bo\u00eete \u00e0 bijoux Feuille de tr\u00e8fle 9,5 cm, vert"},"content":{"rendered":"<div>Mat\u00e9riel: Alliage de m\u00e9taux non ferreux, \u00e9mail, cristaux.<\/div>\n<div><\/div>\n<div>Hauteur: 9,5 cm.<\/div>\n<div><\/div>\n<div>Poids: 225 g.<\/div>\n<div><\/div>\n<div>Couleur: vert.<\/div>\n<div><\/div>\n<div>Cet \u0153uf est une r\u00e9plique du c\u00e9l\u00e8bre \u0153uf Faberg\u00e9 de tr\u00e8fle.<\/div>\n<div>L&#8217;\u0153uf de Feuille de tr\u00e8fle est un \u0153uf de P\u00e2ques orn\u00e9 de bijoux fabriqu\u00e9 sous la supervision du joaillier Peter Carl Faberg\u00e9 en 1902 pour le tsar Nicolas II de Russie. Il a \u00e9t\u00e9 pr\u00e9sent\u00e9 par Nicolas comme cadeau de P\u00e2ques \u00e0 sa femme, la tsarine Alexandra Feodorovna. L&#8217;oeuf peut \u00eatre utilis\u00e9 comme une bo\u00eete \u00e0 bijoux.<\/div>\n","protected":false},"excerpt":{"rendered":"<p>Mat\u00e9riel: Alliage de m\u00e9taux non ferreux, \u00e9mail, cristaux. Hauteur: 9,5 cm. Poids: 225 g. Couleur: vert. Cet \u0153uf est une r\u00e9plique du c\u00e9l\u00e8bre \u0153uf Faberg\u00e9 de tr\u00e8fle. L&#8217;\u0153uf de Feuille de tr\u00e8fle est un \u0153uf de P\u00e2ques orn\u00e9 de bijoux fabriqu\u00e9 sous la supervision du joaillier Peter Carl Faberg\u00e9 en 1902 pour le tsar Nicolas [&hellip;]<\/p>\n","protected":false},"featured_media":12420,"comment_status":"open","ping_status":"closed","template":"","meta":{"_et_pb_use_builder":"","_et_pb_old_content":"","_et_gb_content_width":""},"product_brand":[],"product_cat":[174,173,177,221],"product_tag":[],"class_list":{"0":"post-12434","1":"product","2":"type-product","3":"status-publish","4":"has-post-thumbnail","6":"product_cat-trinket-boxes-fr","7":"product_cat-oeufs-de-paques","8":"product_cat-carved-eggs-fr","9":"product_cat-floral-eggs-fr","11":"first","12":"instock","13":"shipping-taxable","14":"purchasable","15":"product-type-simple"},"_links":{"self":[{"href":"https:\/\/danila-souvenirs.com\/de\/wp-json\/wp\/v2\/product\/12434","targetHints":{"allow":["GET"]}}],"collection":[{"href":"https:\/\/danila-souvenirs.com\/de\/wp-json\/wp\/v2\/product"}],"about":[{"href":"https:\/\/danila-souvenirs.com\/de\/wp-json\/wp\/v2\/types\/product"}],"replies":[{"embeddable":true,"href":"https:\/\/danila-souvenirs.com\/de\/wp-json\/wp\/v2\/comments?post=12434"}],"wp:featuredmedia":[{"embeddable":true,"href":"https:\/\/danila-souvenirs.com\/de\/wp-json\/wp\/v2\/media\/12420"}],"wp:attachment":[{"href":"https:\/\/danila-souvenirs.com\/de\/wp-json\/wp\/v2\/media?parent=12434"}],"wp:term":[{"taxonomy":"product_brand","embeddable":true,"href":"https:\/\/danila-souvenirs.com\/de\/wp-json\/wp\/v2\/product_brand?post=12434"},{"taxonomy":"product_cat","embeddable":true,"href":"https:\/\/danila-souvenirs.com\/de\/wp-json\/wp\/v2\/product_cat?post=12434"},{"taxonomy":"product_tag","embeddable":true,"href":"https:\/\/danila-souvenirs.com\/de\/wp-json\/wp\/v2\/product_tag?post=12434"}],"curies":[{"name":"wp","href":"https:\/\/api.w.org\/{rel}","templated":true}]}}