{"id":12346,"date":"2023-03-27T00:48:35","date_gmt":"2023-03-26T21:48:35","guid":{"rendered":"https:\/\/danila-souvenirs.com\/de\/product\/faberge-style-lilies-of-the-valley-egg-trinket-jewel-box-with-emperors-crown-85-cm-cream\/"},"modified":"2026-01-23T23:00:03","modified_gmt":"2026-01-23T20:00:03","slug":"faberge-style-lilies-of-the-valley-egg-trinket-jewel-box-with-emperors-crown-85-cm-cream","status":"publish","type":"product","link":"https:\/\/danila-souvenirs.com\/de\/product\/faberge-style-lilies-of-the-valley-egg-trinket-jewel-box-with-emperors-crown-85-cm-cream\/?lang=it","title":{"rendered":"Uovo di Pasqua in stile glamour \/ portagioie Gigli della valle (Mughetti) 8,5 cm crema"},"content":{"rendered":"<div>Materiale: lega di metalli non ferrosi, smalto, cristalli.<\/div>\n<div><\/div>\n<div>Altezza: 8,5 cm.<\/div>\n<div><\/div>\n<div>Peso: 170 g.<\/div>\n<div><\/div>\n<div>Colore: crema.<\/div>\n<div><\/div>\n<div>Questo uovo \u00e8 una replica del famoso Gigli della Valle uovo Faberg\u00e9. L&#8217;uovo di Gigli della Valle \u00e8 un uovo Faberg\u00e9 ingioiellato realizzato nel 1898 dal gioielliere Peter Carl Faberg\u00e9 da atelier Faberg\u00e9. L&#8217;orafo supervisore era Michael Perchin. L&#8217;uovo \u00e8 una delle due uova in stile Art Nouveau. Fu presentato il 5 aprile all&#8217;imperatore Nicola II, che lo regal\u00f2 all&#8217;imperatrice Alexandra Fjodorovna. L&#8217;uovo pu\u00f2 essere usato come una scatola di gioielli.<\/div>\n<div><\/div>\n","protected":false},"excerpt":{"rendered":"<p>Materiale: lega di metalli non ferrosi, smalto, cristalli. Altezza: 8,5 cm. Peso: 170 g. Colore: crema. Questo uovo \u00e8 una replica del famoso Gigli della Valle uovo Faberg\u00e9. L&#8217;uovo di Gigli della Valle \u00e8 un uovo Faberg\u00e9 ingioiellato realizzato nel 1898 dal gioielliere Peter Carl Faberg\u00e9 da atelier Faberg\u00e9. L&#8217;orafo supervisore era Michael Perchin. L&#8217;uovo [&hellip;]<\/p>\n","protected":false},"featured_media":12341,"comment_status":"open","ping_status":"closed","template":"","meta":{"_et_pb_use_builder":"","_et_pb_old_content":"","_et_gb_content_width":""},"product_brand":[],"product_cat":[187,186,223],"product_tag":[],"class_list":{"0":"post-12346","1":"product","2":"type-product","3":"status-publish","4":"has-post-thumbnail","6":"product_cat-trinket-boxes-it","7":"product_cat-uova-di-pasqua","8":"product_cat-clock-eggs-it","9":"pa_color-pink-it","11":"first","12":"instock","13":"shipping-taxable","14":"purchasable","15":"product-type-simple"},"_links":{"self":[{"href":"https:\/\/danila-souvenirs.com\/de\/wp-json\/wp\/v2\/product\/12346","targetHints":{"allow":["GET"]}}],"collection":[{"href":"https:\/\/danila-souvenirs.com\/de\/wp-json\/wp\/v2\/product"}],"about":[{"href":"https:\/\/danila-souvenirs.com\/de\/wp-json\/wp\/v2\/types\/product"}],"replies":[{"embeddable":true,"href":"https:\/\/danila-souvenirs.com\/de\/wp-json\/wp\/v2\/comments?post=12346"}],"wp:featuredmedia":[{"embeddable":true,"href":"https:\/\/danila-souvenirs.com\/de\/wp-json\/wp\/v2\/media\/12341"}],"wp:attachment":[{"href":"https:\/\/danila-souvenirs.com\/de\/wp-json\/wp\/v2\/media?parent=12346"}],"wp:term":[{"taxonomy":"product_brand","embeddable":true,"href":"https:\/\/danila-souvenirs.com\/de\/wp-json\/wp\/v2\/product_brand?post=12346"},{"taxonomy":"product_cat","embeddable":true,"href":"https:\/\/danila-souvenirs.com\/de\/wp-json\/wp\/v2\/product_cat?post=12346"},{"taxonomy":"product_tag","embeddable":true,"href":"https:\/\/danila-souvenirs.com\/de\/wp-json\/wp\/v2\/product_tag?post=12346"}],"curies":[{"name":"wp","href":"https:\/\/api.w.org\/{rel}","templated":true}]}}