{"id":12203,"date":"2023-03-25T00:14:33","date_gmt":"2023-03-24T21:14:33","guid":{"rendered":"https:\/\/danila-souvenirs.com\/de\/product\/faberge-style-first-hen-egg-trinket-jewel-box-with-chicken-13-cm-white\/"},"modified":"2023-08-03T20:08:42","modified_gmt":"2023-08-03T17:08:42","slug":"faberge-style-first-hen-egg-trinket-jewel-box-with-chicken-13-cm-white","status":"publish","type":"product","link":"https:\/\/danila-souvenirs.com\/de\/product\/faberge-style-first-hen-egg-trinket-jewel-box-with-chicken-13-cm-white\/?lang=it","title":{"rendered":"Uovo di Pasqua in stile glamour di Prima Gallina \/ portagioie con figurina di pollo 13 cm bianco"},"content":{"rendered":"<div>Materiale: lega di metalli non ferrosi, smalto, cristalli.<\/div>\n<div><\/div>\n<div>Altezza: 13 cm (con supporto), 10 cm (l&#8217;uovo stesso).<\/div>\n<div><\/div>\n<div>Peso: 435 g.<\/div>\n<div><\/div>\n<div>Colore: bianco.<\/div>\n<div><\/div>\n<div>Questo uovo \u00e8 una replica del famoso Primo Uovo di Gallina Imperial Faberg\u00e9. \u00c8 diventato il primo di una serie di oltre 50 uova ingioiellate di questo tipo realizzate sotto la supervisione di Peter Carl Faberg\u00e9 per la famiglia imperiale russa. Fu consegnato allo zar Alessandro III e dato a sua moglie Maria Feodorovna nel 1885. Alla zarina piacque cos\u00ec tanto l&#8217;uovo che Alessandro III ordin\u00f2 rapidamente a Faberg\u00e9 di creare un nuovo uovo per sua moglie ogni Pasqua successiva, richiedendo solo che ogni uovo sia unico e che contenga una sorta di &#8220;sorpresa&#8221; al suo interno. All&#8217;interno dell&#8217;uovo puoi trovare un altro piccolo uovo che simboleggia il tuorlo. All&#8217;interno del piccolo uovo c&#8217;\u00e8 una figurina di pollo. L&#8217;uovo pu\u00f2 essere usato come una scatola di gioielli.<\/div>\n","protected":false},"excerpt":{"rendered":"<p>Materiale: lega di metalli non ferrosi, smalto, cristalli. Altezza: 13 cm (con supporto), 10 cm (l&#8217;uovo stesso). Peso: 435 g. Colore: bianco. Questo uovo \u00e8 una replica del famoso Primo Uovo di Gallina Imperial Faberg\u00e9. \u00c8 diventato il primo di una serie di oltre 50 uova ingioiellate di questo tipo realizzate sotto la supervisione di [&hellip;]<\/p>\n","protected":false},"featured_media":12186,"comment_status":"open","ping_status":"closed","template":"","meta":{"_et_pb_use_builder":"","_et_pb_old_content":"","_et_gb_content_width":""},"product_brand":[],"product_cat":[187,188,186],"product_tag":[],"class_list":{"0":"post-12203","1":"product","2":"type-product","3":"status-publish","4":"has-post-thumbnail","6":"product_cat-trinket-boxes-it","7":"product_cat-eggs-with-surprise-it","8":"product_cat-uova-di-pasqua","9":"pa_color-white-it","11":"first","12":"instock","13":"shipping-taxable","14":"purchasable","15":"product-type-simple"},"_links":{"self":[{"href":"https:\/\/danila-souvenirs.com\/de\/wp-json\/wp\/v2\/product\/12203","targetHints":{"allow":["GET"]}}],"collection":[{"href":"https:\/\/danila-souvenirs.com\/de\/wp-json\/wp\/v2\/product"}],"about":[{"href":"https:\/\/danila-souvenirs.com\/de\/wp-json\/wp\/v2\/types\/product"}],"replies":[{"embeddable":true,"href":"https:\/\/danila-souvenirs.com\/de\/wp-json\/wp\/v2\/comments?post=12203"}],"wp:featuredmedia":[{"embeddable":true,"href":"https:\/\/danila-souvenirs.com\/de\/wp-json\/wp\/v2\/media\/12186"}],"wp:attachment":[{"href":"https:\/\/danila-souvenirs.com\/de\/wp-json\/wp\/v2\/media?parent=12203"}],"wp:term":[{"taxonomy":"product_brand","embeddable":true,"href":"https:\/\/danila-souvenirs.com\/de\/wp-json\/wp\/v2\/product_brand?post=12203"},{"taxonomy":"product_cat","embeddable":true,"href":"https:\/\/danila-souvenirs.com\/de\/wp-json\/wp\/v2\/product_cat?post=12203"},{"taxonomy":"product_tag","embeddable":true,"href":"https:\/\/danila-souvenirs.com\/de\/wp-json\/wp\/v2\/product_tag?post=12203"}],"curies":[{"name":"wp","href":"https:\/\/api.w.org\/{rel}","templated":true}]}}