{"id":12201,"date":"2023-03-25T00:14:33","date_gmt":"2023-03-24T21:14:33","guid":{"rendered":"https:\/\/danila-souvenirs.com\/de\/product\/faberge-style-first-hen-egg-trinket-jewel-box-with-chicken-13-cm-white\/"},"modified":"2023-08-02T23:35:39","modified_gmt":"2023-08-02T20:35:39","slug":"faberge-style-first-hen-egg-trinket-jewel-box-with-chicken-13-cm-white","status":"publish","type":"product","link":"https:\/\/danila-souvenirs.com\/de\/product\/faberge-style-first-hen-egg-trinket-jewel-box-with-chicken-13-cm-white\/?lang=de","title":{"rendered":"Osterei im glamour\u00f6sen Stil Huhn \/ Schmuckk\u00e4stchen mit H\u00fchnchen 13 cm wei\u00df"},"content":{"rendered":"<div>Material: Legierung von Nichteisenmetallen, Email, Kristallen.<\/div>\n<div><\/div>\n<div>H\u00f6he: 13 cm.<\/div>\n<div><\/div>\n<div>Gewicht: 435 Gramm.<\/div>\n<div><\/div>\n<div>Farbe: wei\u00df.<\/div>\n<div><\/div>\n<div>Dieses Ei ist eine Replik des ber\u00fchmten kaiserliche Faberg\u00e9-Eies &#8220;Das erste H\u00fchnerei&#8221;. Es war das erste in einer Serie von mehr als 50 solchen juwelenbesetzten Eiern, die unter der Aufsicht von Peter Carl Faberg\u00e9 f\u00fcr die russische Kaiserfamilie hergestellt wurden. Das Ei wurde an Zar Alexander den Dritten geliefert und 1885 seiner Frau Maria Feodorowna geschenkt. Die Zarin genoss das Ei so sehr, dass Alexander der Dritte schnell einen Dauerauftrag bei Faberg\u00e9 aufgab, um danach jedes Jahr zu Ostern ein neues Ei f\u00fcr seine Frau herzustellen nur, dass jedes Ei einzigartig ist und dass es eine Art &#8220;\u00dcberraschung&#8221; enth\u00e4lt. Im Ei befindet sich ein weiteres kleines Ei, das das Eigelb symbolisiert. In dem kleinen Ei befindet sich eine H\u00fchnerfigur. Beide Eier k\u00f6nnen als Schmuckk\u00e4stchen verwendet werden.<\/div>\n","protected":false},"excerpt":{"rendered":"<p>Material: Legierung von Nichteisenmetallen, Email, Kristallen. H\u00f6he: 13 cm. Gewicht: 435 Gramm. Farbe: wei\u00df. Dieses Ei ist eine Replik des ber\u00fchmten kaiserliche Faberg\u00e9-Eies &#8220;Das erste H\u00fchnerei&#8221;. Es war das erste in einer Serie von mehr als 50 solchen juwelenbesetzten Eiern, die unter der Aufsicht von Peter Carl Faberg\u00e9 f\u00fcr die russische Kaiserfamilie hergestellt wurden. Das [&hellip;]<\/p>\n","protected":false},"featured_media":12185,"comment_status":"open","ping_status":"closed","template":"","meta":{"_et_pb_use_builder":"","_et_pb_old_content":"","_et_gb_content_width":""},"product_brand":[],"product_cat":[164,160,162],"product_tag":[],"class_list":{"0":"post-12201","1":"product","2":"type-product","3":"status-publish","4":"has-post-thumbnail","6":"product_cat-eggs-with-surprise-de","7":"product_cat-ostereier","8":"product_cat-trinket-boxes-de","9":"pa_color-white-de","11":"first","12":"instock","13":"shipping-taxable","14":"purchasable","15":"product-type-simple"},"_links":{"self":[{"href":"https:\/\/danila-souvenirs.com\/de\/wp-json\/wp\/v2\/product\/12201","targetHints":{"allow":["GET"]}}],"collection":[{"href":"https:\/\/danila-souvenirs.com\/de\/wp-json\/wp\/v2\/product"}],"about":[{"href":"https:\/\/danila-souvenirs.com\/de\/wp-json\/wp\/v2\/types\/product"}],"replies":[{"embeddable":true,"href":"https:\/\/danila-souvenirs.com\/de\/wp-json\/wp\/v2\/comments?post=12201"}],"wp:featuredmedia":[{"embeddable":true,"href":"https:\/\/danila-souvenirs.com\/de\/wp-json\/wp\/v2\/media\/12185"}],"wp:attachment":[{"href":"https:\/\/danila-souvenirs.com\/de\/wp-json\/wp\/v2\/media?parent=12201"}],"wp:term":[{"taxonomy":"product_brand","embeddable":true,"href":"https:\/\/danila-souvenirs.com\/de\/wp-json\/wp\/v2\/product_brand?post=12201"},{"taxonomy":"product_cat","embeddable":true,"href":"https:\/\/danila-souvenirs.com\/de\/wp-json\/wp\/v2\/product_cat?post=12201"},{"taxonomy":"product_tag","embeddable":true,"href":"https:\/\/danila-souvenirs.com\/de\/wp-json\/wp\/v2\/product_tag?post=12201"}],"curies":[{"name":"wp","href":"https:\/\/api.w.org\/{rel}","templated":true}]}}